{"id":994,"date":"2023-12-30T17:50:12","date_gmt":"2023-12-30T16:50:12","guid":{"rendered":"https:\/\/thequeenshairperruque.fr\/?post_type=product&#038;p=994"},"modified":"2024-07-13T18:53:02","modified_gmt":"2024-07-13T16:53:02","slug":"poudre-loreal-glam-bronze-la-terra-03-amalfi-medio","status":"publish","type":"product","link":"https:\/\/thequeenshairperruque.fr\/index.php\/produit\/poudre-loreal-glam-bronze-la-terra-03-amalfi-medio\/","title":{"rendered":"Poudre bronzante l&rsquo;Or\u00e9al glam Bronze la terra 03 Amalfi medio"},"content":{"rendered":"<p>Sensualit\u00e9 des ocres, parfum envo\u00fbtant, Glam Bronze est une invitation au voyage. Les Laboratoires L\u2019Or\u00e9al ont d\u00e9couvert que chaque peau suivait son propre \u00ab chemin de bronzage \u00bb. Fortes de cette expertise, les teintes Glam Bronze ont \u00e9t\u00e9 \u00e9labor\u00e9es pour reproduire un bronzage naturel pour chaque type de peau et chaque niveau de bronzage d\u00e9sir\u00e9. Un h\u00e2le sur-mesure tout au long de l&rsquo;ann\u00e9e<\/p>\n<p><strong>Frais de livraison 4.95\u20ac gratuit d\u00e8s 35\u20ac d&rsquo;achat<\/strong><\/p>\n<p>&nbsp;<\/p>\n<p>&nbsp;<\/p>\n<p>&nbsp;<\/p>\n<p>&nbsp;<\/p>\n<p>&nbsp;<\/p>\n","protected":false},"excerpt":{"rendered":"<p>&nbsp;<\/p>\n<p><a href=\"https:\/\/thequeenshairperruque.fr\/wp-content\/uploads\/2023\/12\/logo_l_oreal.jpg\"><img decoding=\"async\" class=\"alignnone wp-image-862\" src=\"https:\/\/thequeenshairperruque.fr\/wp-content\/uploads\/2023\/12\/logo_l_oreal-300x71.jpg\" alt=\"logo l'or\u00e9al\" width=\"150\" height=\"35\" srcset=\"https:\/\/thequeenshairperruque.fr\/wp-content\/uploads\/2023\/12\/logo_l_oreal-300x71.jpg 300w, https:\/\/thequeenshairperruque.fr\/wp-content\/uploads\/2023\/12\/logo_l_oreal-1024x241.jpg 1024w, https:\/\/thequeenshairperruque.fr\/wp-content\/uploads\/2023\/12\/logo_l_oreal-768x180.jpg 768w, https:\/\/thequeenshairperruque.fr\/wp-content\/uploads\/2023\/12\/logo_l_oreal-1536x361.jpg 1536w, https:\/\/thequeenshairperruque.fr\/wp-content\/uploads\/2023\/12\/logo_l_oreal-600x141.jpg 600w, https:\/\/thequeenshairperruque.fr\/wp-content\/uploads\/2023\/12\/logo_l_oreal.jpg 1600w\" sizes=\"(max-width: 150px) 100vw, 150px\" \/><\/a><\/p>\n<p><strong>Poudre bronzante la terra &#8211; 03 &#8211; Amalfi medio<\/strong><\/p>\n<p>&nbsp;<\/p>\n<p><a href=\"https:\/\/wa.me\/message\/5PAEP6G4LAVXO1\"><img decoding=\"async\" class=\"alignnone wp-image-694\" src=\"https:\/\/thequeenshairperruque.fr\/wp-content\/uploads\/2023\/12\/whatsapp-300x270.png\" alt=\"\" width=\"100\" height=\"90\" \/><\/a><\/p>\n","protected":false},"featured_media":995,"comment_status":"open","ping_status":"closed","template":"","meta":{"_seopress_robots_primary_cat":"none","_seopress_titles_title":"Poudre bronzante l'Or\u00e9al Glam Bronze la terra 03 - Amalfi medio","_seopress_titles_desc":"Poudre bronzante l'Or\u00e9al Glam Bronze la terra - 03 - Soleil Cr\u00e9ole - D\u00e9couvrez notre vaste gamme de produits. Trouvez votre style en un clic sur notre site!","_seopress_robots_index":"","site-sidebar-layout":"default","site-content-layout":"","ast-site-content-layout":"default","site-content-style":"default","site-sidebar-style":"default","ast-global-header-display":"","ast-banner-title-visibility":"","ast-main-header-display":"","ast-hfb-above-header-display":"","ast-hfb-below-header-display":"","ast-hfb-mobile-header-display":"","site-post-title":"","ast-breadcrumbs-content":"","ast-featured-img":"","footer-sml-layout":"","theme-transparent-header-meta":"default","adv-header-id-meta":"","stick-header-meta":"","header-above-stick-meta":"","header-main-stick-meta":"","header-below-stick-meta":"","astra-migrate-meta-layouts":"set","ast-page-background-enabled":"default","ast-page-background-meta":{"desktop":{"background-color":"var(--ast-global-color-4)","background-image":"","background-repeat":"repeat","background-position":"center center","background-size":"auto","background-attachment":"scroll","background-type":"","background-media":"","overlay-type":"","overlay-color":"","overlay-opacity":"","overlay-gradient":""},"tablet":{"background-color":"","background-image":"","background-repeat":"repeat","background-position":"center center","background-size":"auto","background-attachment":"scroll","background-type":"","background-media":"","overlay-type":"","overlay-color":"","overlay-opacity":"","overlay-gradient":""},"mobile":{"background-color":"","background-image":"","background-repeat":"repeat","background-position":"center center","background-size":"auto","background-attachment":"scroll","background-type":"","background-media":"","overlay-type":"","overlay-color":"","overlay-opacity":"","overlay-gradient":""}},"ast-content-background-meta":{"desktop":{"background-color":"var(--ast-global-color-5)","background-image":"","background-repeat":"repeat","background-position":"center center","background-size":"auto","background-attachment":"scroll","background-type":"","background-media":"","overlay-type":"","overlay-color":"","overlay-opacity":"","overlay-gradient":""},"tablet":{"background-color":"var(--ast-global-color-5)","background-image":"","background-repeat":"repeat","background-position":"center center","background-size":"auto","background-attachment":"scroll","background-type":"","background-media":"","overlay-type":"","overlay-color":"","overlay-opacity":"","overlay-gradient":""},"mobile":{"background-color":"var(--ast-global-color-5)","background-image":"","background-repeat":"repeat","background-position":"center center","background-size":"auto","background-attachment":"scroll","background-type":"","background-media":"","overlay-type":"","overlay-color":"","overlay-opacity":"","overlay-gradient":""}}},"product_brand":[],"product_cat":[62],"product_tag":[],"class_list":{"0":"post-994","1":"product","2":"type-product","3":"status-publish","4":"has-post-thumbnail","6":"product_cat-maquillage-parfums","7":"desktop-align-left","8":"tablet-align-left","9":"mobile-align-left","11":"first","12":"instock","13":"shipping-taxable","14":"purchasable","15":"product-type-simple"},"jetpack_sharing_enabled":true,"_links":{"self":[{"href":"https:\/\/thequeenshairperruque.fr\/index.php\/wp-json\/wp\/v2\/product\/994","targetHints":{"allow":["GET"]}}],"collection":[{"href":"https:\/\/thequeenshairperruque.fr\/index.php\/wp-json\/wp\/v2\/product"}],"about":[{"href":"https:\/\/thequeenshairperruque.fr\/index.php\/wp-json\/wp\/v2\/types\/product"}],"replies":[{"embeddable":true,"href":"https:\/\/thequeenshairperruque.fr\/index.php\/wp-json\/wp\/v2\/comments?post=994"}],"wp:featuredmedia":[{"embeddable":true,"href":"https:\/\/thequeenshairperruque.fr\/index.php\/wp-json\/wp\/v2\/media\/995"}],"wp:attachment":[{"href":"https:\/\/thequeenshairperruque.fr\/index.php\/wp-json\/wp\/v2\/media?parent=994"}],"wp:term":[{"taxonomy":"product_brand","embeddable":true,"href":"https:\/\/thequeenshairperruque.fr\/index.php\/wp-json\/wp\/v2\/product_brand?post=994"},{"taxonomy":"product_cat","embeddable":true,"href":"https:\/\/thequeenshairperruque.fr\/index.php\/wp-json\/wp\/v2\/product_cat?post=994"},{"taxonomy":"product_tag","embeddable":true,"href":"https:\/\/thequeenshairperruque.fr\/index.php\/wp-json\/wp\/v2\/product_tag?post=994"}],"curies":[{"name":"wp","href":"https:\/\/api.w.org\/{rel}","templated":true}]}}