{"id":984,"date":"2023-12-30T17:05:12","date_gmt":"2023-12-30T16:05:12","guid":{"rendered":"https:\/\/thequeenshairperruque.fr\/?post_type=product&#038;p=984"},"modified":"2025-03-07T17:37:16","modified_gmt":"2025-03-07T16:37:16","slug":"poudre-compact-maybelline-fit-me-105-natural-ivory","status":"publish","type":"product","link":"https:\/\/thequeenshairperruque.fr\/index.php\/produit\/poudre-compact-maybelline-fit-me-105-natural-ivory\/","title":{"rendered":"Poudre compact maybelline FIT ME 105 Natural ivory"},"content":{"rendered":"<ul class=\"a-unordered-list a-vertical a-spacing-mini\">\n<li class=\"a-spacing-mini\"><span class=\"a-list-item\">Poudre compacte ton sur ton pour un grain de peau liss\u00e9 et affin\u00e9, Con\u00e7ue pour matifier les peaux normales \u00e0 grasses<\/span><\/li>\n<li class=\"a-spacing-mini\"><span class=\"a-list-item\">R\u00e9sultats : Effet teint parfait et unifi\u00e9 au fini mat naturel jusqu\u2019\u00e0 12h.<\/span><\/li>\n<li class=\"a-spacing-mini\"><span class=\"a-list-item\">Application : Appliquer seule sur la zone T en pr\u00e9vention contre la brillance ou en compl\u00e9ment du Fond de Teint Fit Me Matte &amp; Poreless pour parfaire votre routine teint<\/span><\/li>\n<li class=\"a-spacing-mini\"><span class=\"a-list-item\">Contenance pratique \u00e0 glisser dans son sac \u00e0 main avec miroir et applicateur int\u00e9gr\u00e9s, Formule enrichie en perlite pour absorber l\u2019exc\u00e8s de s\u00e9bum et estomper les pores, Hypoallerg\u00e9nique, Test\u00e9 sous contr\u00f4le dermatologique<\/span><\/li>\n<li class=\"a-spacing-mini\"><span class=\"a-list-item\">Contenu : 1x Poudre compacte Fit Me Matte &amp; Poreless, Teinte : Natural ivory (105), Contenance : 9 g<\/span><\/li>\n<\/ul>\n<p><strong>Frais de livraison 4.95\u20ac gratuit d\u00e8s 35\u20ac d&rsquo;achat<\/strong><\/p>\n<p>&nbsp;<\/p>\n<p>&nbsp;<\/p>\n<p>&nbsp;<\/p>\n<p>&nbsp;<\/p>\n<p>&nbsp;<\/p>\n","protected":false},"excerpt":{"rendered":"<p>&nbsp;<\/p>\n<p><a href=\"https:\/\/thequeenshairperruque.fr\/wp-content\/uploads\/2023\/12\/GEMEY-MAYBELLINE-700x95-1.png\"><img decoding=\"async\" class=\"alignnone size-medium wp-image-868\" src=\"https:\/\/thequeenshairperruque.fr\/wp-content\/uploads\/2023\/12\/GEMEY-MAYBELLINE-700x95-1-300x41.png\" alt=\"gemey-maybelline\" width=\"300\" height=\"41\" srcset=\"https:\/\/thequeenshairperruque.fr\/wp-content\/uploads\/2023\/12\/GEMEY-MAYBELLINE-700x95-1-300x41.png 300w, https:\/\/thequeenshairperruque.fr\/wp-content\/uploads\/2023\/12\/GEMEY-MAYBELLINE-700x95-1-600x81.png 600w, https:\/\/thequeenshairperruque.fr\/wp-content\/uploads\/2023\/12\/GEMEY-MAYBELLINE-700x95-1.png 700w\" sizes=\"(max-width: 300px) 100vw, 300px\" \/><\/a><\/p>\n<p><strong>Poudre compact &#8211; 105 &#8211; Natural ivory<\/strong><\/p>\n<p>&nbsp;<\/p>\n<p><a href=\"https:\/\/wa.me\/message\/5PAEP6G4LAVXO1\"><img decoding=\"async\" class=\"alignnone wp-image-694\" src=\"https:\/\/thequeenshairperruque.fr\/wp-content\/uploads\/2023\/12\/whatsapp-300x270.png\" alt=\"\" width=\"100\" height=\"90\" \/><\/a><\/p>\n","protected":false},"featured_media":977,"comment_status":"open","ping_status":"closed","template":"","meta":{"_seopress_robots_primary_cat":"none","_seopress_titles_title":"Poudre compact Maybelline fit me 105 natural ivory","_seopress_titles_desc":"Poudre compact Maybelline fit me 105 natural ivory - D\u00e9couvrez notre vaste gamme de produits. Trouvez votre style en un clic sur notre site!","_seopress_robots_index":"","site-sidebar-layout":"default","site-content-layout":"","ast-site-content-layout":"default","site-content-style":"default","site-sidebar-style":"default","ast-global-header-display":"","ast-banner-title-visibility":"","ast-main-header-display":"","ast-hfb-above-header-display":"","ast-hfb-below-header-display":"","ast-hfb-mobile-header-display":"","site-post-title":"","ast-breadcrumbs-content":"","ast-featured-img":"","footer-sml-layout":"","theme-transparent-header-meta":"default","adv-header-id-meta":"","stick-header-meta":"","header-above-stick-meta":"","header-main-stick-meta":"","header-below-stick-meta":"","astra-migrate-meta-layouts":"set","ast-page-background-enabled":"default","ast-page-background-meta":{"desktop":{"background-color":"var(--ast-global-color-4)","background-image":"","background-repeat":"repeat","background-position":"center center","background-size":"auto","background-attachment":"scroll","background-type":"","background-media":"","overlay-type":"","overlay-color":"","overlay-opacity":"","overlay-gradient":""},"tablet":{"background-color":"","background-image":"","background-repeat":"repeat","background-position":"center center","background-size":"auto","background-attachment":"scroll","background-type":"","background-media":"","overlay-type":"","overlay-color":"","overlay-opacity":"","overlay-gradient":""},"mobile":{"background-color":"","background-image":"","background-repeat":"repeat","background-position":"center center","background-size":"auto","background-attachment":"scroll","background-type":"","background-media":"","overlay-type":"","overlay-color":"","overlay-opacity":"","overlay-gradient":""}},"ast-content-background-meta":{"desktop":{"background-color":"var(--ast-global-color-5)","background-image":"","background-repeat":"repeat","background-position":"center center","background-size":"auto","background-attachment":"scroll","background-type":"","background-media":"","overlay-type":"","overlay-color":"","overlay-opacity":"","overlay-gradient":""},"tablet":{"background-color":"var(--ast-global-color-5)","background-image":"","background-repeat":"repeat","background-position":"center center","background-size":"auto","background-attachment":"scroll","background-type":"","background-media":"","overlay-type":"","overlay-color":"","overlay-opacity":"","overlay-gradient":""},"mobile":{"background-color":"var(--ast-global-color-5)","background-image":"","background-repeat":"repeat","background-position":"center center","background-size":"auto","background-attachment":"scroll","background-type":"","background-media":"","overlay-type":"","overlay-color":"","overlay-opacity":"","overlay-gradient":""}}},"product_brand":[],"product_cat":[62],"product_tag":[],"class_list":{"0":"post-984","1":"product","2":"type-product","3":"status-publish","4":"has-post-thumbnail","6":"product_cat-maquillage-parfums","7":"desktop-align-left","8":"tablet-align-left","9":"mobile-align-left","11":"first","12":"instock","13":"shipping-taxable","14":"purchasable","15":"product-type-simple"},"jetpack_sharing_enabled":true,"_links":{"self":[{"href":"https:\/\/thequeenshairperruque.fr\/index.php\/wp-json\/wp\/v2\/product\/984","targetHints":{"allow":["GET"]}}],"collection":[{"href":"https:\/\/thequeenshairperruque.fr\/index.php\/wp-json\/wp\/v2\/product"}],"about":[{"href":"https:\/\/thequeenshairperruque.fr\/index.php\/wp-json\/wp\/v2\/types\/product"}],"replies":[{"embeddable":true,"href":"https:\/\/thequeenshairperruque.fr\/index.php\/wp-json\/wp\/v2\/comments?post=984"}],"wp:featuredmedia":[{"embeddable":true,"href":"https:\/\/thequeenshairperruque.fr\/index.php\/wp-json\/wp\/v2\/media\/977"}],"wp:attachment":[{"href":"https:\/\/thequeenshairperruque.fr\/index.php\/wp-json\/wp\/v2\/media?parent=984"}],"wp:term":[{"taxonomy":"product_brand","embeddable":true,"href":"https:\/\/thequeenshairperruque.fr\/index.php\/wp-json\/wp\/v2\/product_brand?post=984"},{"taxonomy":"product_cat","embeddable":true,"href":"https:\/\/thequeenshairperruque.fr\/index.php\/wp-json\/wp\/v2\/product_cat?post=984"},{"taxonomy":"product_tag","embeddable":true,"href":"https:\/\/thequeenshairperruque.fr\/index.php\/wp-json\/wp\/v2\/product_tag?post=984"}],"curies":[{"name":"wp","href":"https:\/\/api.w.org\/{rel}","templated":true}]}}