{"id":871,"date":"2023-12-23T15:37:39","date_gmt":"2023-12-23T14:37:39","guid":{"rendered":"https:\/\/thequeenshairperruque.fr\/?post_type=product&#038;p=871"},"modified":"2024-07-13T18:56:52","modified_gmt":"2024-07-13T16:56:52","slug":"supreme-make-up-rose","status":"publish","type":"product","link":"https:\/\/thequeenshairperruque.fr\/index.php\/produit\/supreme-make-up-rose\/","title":{"rendered":"Supreme Make-up rose"},"content":{"rendered":"<p>Choisissez la Palette d&rsquo;ombres \u00e0 paupi\u00e8res Supreme Make-up pour habiller vos yeux. Elle est compos\u00e9e de 4 nuances. Ces 4 ombres \u00e0 paupi\u00e8res aux pigments intenses vous permettent d&rsquo;obtenir un r\u00e9sultat discret en appliquant une seule ombre \u00e0 paupi\u00e8res. Ce produit vous permet \u00e9galement d&rsquo;effectuer un maquillage sophistiqu\u00e9 et plus marqu\u00e9 si vous mixez les couleurs entre elles. La palette dispose d&rsquo;un applicateur \u00e0 double embout en mousse afin de bien r\u00e9partir le maquillage. De petite taille, cette palette peut \u00eatre transport\u00e9e partout et se glisse facilement dans un sac.<\/p>\n<p><strong>Frais de livraison 4.95\u20ac gratuit d\u00e8s 35\u20ac d&rsquo;achat<\/strong><\/p>\n<p>&nbsp;<\/p>\n<p>&nbsp;<\/p>\n<p>&nbsp;<\/p>\n<p>&nbsp;<\/p>\n<p>&nbsp;<\/p>\n","protected":false},"excerpt":{"rendered":"<p>&nbsp;<\/p>\n<p><strong>Le produit :<\/strong><\/p>\n<ul>\n<li>Palette dombres \u00e0 paupi\u00e8res Supreme Make-up<\/li>\n<li>4 nuances de 6 coloris diff\u00e9rents<\/li>\n<li>Pigments intenses<\/li>\n<li>Utilisation dune seule ombre \u00e0 paupi\u00e8res pour un r\u00e9sultat discret<\/li>\n<li>Pour un r\u00e9sultat sophistiqu\u00e9 et plus marqu\u00e9 en mixant chaque couleur<\/li>\n<li>1 applicateur \u00e0 double embout en mousse<\/li>\n<li>Taille compact<\/li>\n<\/ul>\n<p>&nbsp;<\/p>\n<p>&nbsp;<\/p>\n<p><a href=\"https:\/\/wa.me\/message\/5PAEP6G4LAVXO1\"><img decoding=\"async\" class=\"alignnone wp-image-694\" src=\"https:\/\/thequeenshairperruque.fr\/wp-content\/uploads\/2023\/12\/whatsapp-300x270.png\" alt=\"\" width=\"100\" height=\"90\" \/><\/a><\/p>\n","protected":false},"featured_media":872,"comment_status":"open","ping_status":"closed","template":"","meta":{"_seopress_robots_primary_cat":"none","_seopress_titles_title":"Supreme make up rose","_seopress_titles_desc":"5,45\u20ac Supreme make up rose - D\u00e9couvrez notre vaste gamme de produits et accessoires. Trouvez votre style en un clic sur notre site!","_seopress_robots_index":"","site-sidebar-layout":"default","site-content-layout":"","ast-site-content-layout":"default","site-content-style":"default","site-sidebar-style":"default","ast-global-header-display":"","ast-banner-title-visibility":"","ast-main-header-display":"","ast-hfb-above-header-display":"","ast-hfb-below-header-display":"","ast-hfb-mobile-header-display":"","site-post-title":"","ast-breadcrumbs-content":"","ast-featured-img":"","footer-sml-layout":"","theme-transparent-header-meta":"default","adv-header-id-meta":"","stick-header-meta":"","header-above-stick-meta":"","header-main-stick-meta":"","header-below-stick-meta":"","astra-migrate-meta-layouts":"set","ast-page-background-enabled":"default","ast-page-background-meta":{"desktop":{"background-color":"var(--ast-global-color-4)","background-image":"","background-repeat":"repeat","background-position":"center center","background-size":"auto","background-attachment":"scroll","background-type":"","background-media":"","overlay-type":"","overlay-color":"","overlay-opacity":"","overlay-gradient":""},"tablet":{"background-color":"","background-image":"","background-repeat":"repeat","background-position":"center center","background-size":"auto","background-attachment":"scroll","background-type":"","background-media":"","overlay-type":"","overlay-color":"","overlay-opacity":"","overlay-gradient":""},"mobile":{"background-color":"","background-image":"","background-repeat":"repeat","background-position":"center center","background-size":"auto","background-attachment":"scroll","background-type":"","background-media":"","overlay-type":"","overlay-color":"","overlay-opacity":"","overlay-gradient":""}},"ast-content-background-meta":{"desktop":{"background-color":"var(--ast-global-color-5)","background-image":"","background-repeat":"repeat","background-position":"center center","background-size":"auto","background-attachment":"scroll","background-type":"","background-media":"","overlay-type":"","overlay-color":"","overlay-opacity":"","overlay-gradient":""},"tablet":{"background-color":"var(--ast-global-color-5)","background-image":"","background-repeat":"repeat","background-position":"center center","background-size":"auto","background-attachment":"scroll","background-type":"","background-media":"","overlay-type":"","overlay-color":"","overlay-opacity":"","overlay-gradient":""},"mobile":{"background-color":"var(--ast-global-color-5)","background-image":"","background-repeat":"repeat","background-position":"center center","background-size":"auto","background-attachment":"scroll","background-type":"","background-media":"","overlay-type":"","overlay-color":"","overlay-opacity":"","overlay-gradient":""}}},"product_brand":[],"product_cat":[62],"product_tag":[],"class_list":{"0":"post-871","1":"product","2":"type-product","3":"status-publish","4":"has-post-thumbnail","6":"product_cat-maquillage-parfums","7":"desktop-align-left","8":"tablet-align-left","9":"mobile-align-left","11":"first","12":"instock","13":"shipping-taxable","14":"purchasable","15":"product-type-simple"},"jetpack_sharing_enabled":true,"_links":{"self":[{"href":"https:\/\/thequeenshairperruque.fr\/index.php\/wp-json\/wp\/v2\/product\/871","targetHints":{"allow":["GET"]}}],"collection":[{"href":"https:\/\/thequeenshairperruque.fr\/index.php\/wp-json\/wp\/v2\/product"}],"about":[{"href":"https:\/\/thequeenshairperruque.fr\/index.php\/wp-json\/wp\/v2\/types\/product"}],"replies":[{"embeddable":true,"href":"https:\/\/thequeenshairperruque.fr\/index.php\/wp-json\/wp\/v2\/comments?post=871"}],"wp:featuredmedia":[{"embeddable":true,"href":"https:\/\/thequeenshairperruque.fr\/index.php\/wp-json\/wp\/v2\/media\/872"}],"wp:attachment":[{"href":"https:\/\/thequeenshairperruque.fr\/index.php\/wp-json\/wp\/v2\/media?parent=871"}],"wp:term":[{"taxonomy":"product_brand","embeddable":true,"href":"https:\/\/thequeenshairperruque.fr\/index.php\/wp-json\/wp\/v2\/product_brand?post=871"},{"taxonomy":"product_cat","embeddable":true,"href":"https:\/\/thequeenshairperruque.fr\/index.php\/wp-json\/wp\/v2\/product_cat?post=871"},{"taxonomy":"product_tag","embeddable":true,"href":"https:\/\/thequeenshairperruque.fr\/index.php\/wp-json\/wp\/v2\/product_tag?post=871"}],"curies":[{"name":"wp","href":"https:\/\/api.w.org\/{rel}","templated":true}]}}