{"id":863,"date":"2023-12-23T14:59:28","date_gmt":"2023-12-23T13:59:28","guid":{"rendered":"https:\/\/thequeenshairperruque.fr\/?post_type=product&#038;p=863"},"modified":"2024-07-13T18:57:32","modified_gmt":"2024-07-13T16:57:32","slug":"loreal-la-palette-gold","status":"publish","type":"product","link":"https:\/\/thequeenshairperruque.fr\/index.php\/produit\/loreal-la-palette-gold\/","title":{"rendered":"l&rsquo;Or\u00e9al La palette Gold"},"content":{"rendered":"<ul class=\"a-unordered-list a-vertical a-spacing-mini\">\n<li class=\"a-spacing-mini\"><span class=\"a-list-item\">Palette de 10 teintes fards \u00e0 paupi\u00e8res.<\/span><\/li>\n<li class=\"a-spacing-mini\"><span class=\"a-list-item\">Cama\u00efeu de nuances lumineuses entre sable et noir.<\/span><\/li>\n<li class=\"a-spacing-mini\"><span class=\"a-list-item\">Fini mat, iris\u00e9.<\/span><\/li>\n<li class=\"a-spacing-mini\"><span class=\"a-list-item\">\u00c9crin pr\u00e9cieux avec miroir et pinceau double embout.<\/span><\/li>\n<\/ul>\n<hr \/>\n<p><a href=\"https:\/\/wa.me\/message\/5PAEP6G4LAVXO1\"><img decoding=\"async\" class=\"alignnone wp-image-1094\" src=\"https:\/\/thequeenshairperruque.fr\/wp-content\/uploads\/2023\/12\/logo-whatsapp-1.png\" alt=\"LOGO WHATSAPP\" width=\"60\" height=\"60\" \/><\/a>\u00a0 \u00a0 \u00a0 \u00a0 \u00a0 \u00a0 \u00a0 \u00a0 \u00a0 \u00a0 \u00a0 \u00a0 \u00a0 <a href=\"https:\/\/www.facebook.com\/profile.php?id=61554580328651\"><img decoding=\"async\" class=\"wp-image-1286 alignnone\" src=\"https:\/\/thequeenshairperruque.fr\/wp-content\/uploads\/2024\/01\/logo-facebook.png\" alt=\"\" width=\"67\" height=\"60\" \/><\/a><\/p>\n","protected":false},"excerpt":{"rendered":"<hr \/>\n<p><img decoding=\"async\" class=\"alignnone wp-image-862\" src=\"https:\/\/thequeenshairperruque.fr\/wp-content\/uploads\/2023\/12\/logo_l_oreal-300x71.jpg\" alt=\"logo l'or\u00e9al\" width=\"150\" height=\"35\" srcset=\"https:\/\/thequeenshairperruque.fr\/wp-content\/uploads\/2023\/12\/logo_l_oreal-300x71.jpg 300w, https:\/\/thequeenshairperruque.fr\/wp-content\/uploads\/2023\/12\/logo_l_oreal-1024x241.jpg 1024w, https:\/\/thequeenshairperruque.fr\/wp-content\/uploads\/2023\/12\/logo_l_oreal-768x180.jpg 768w, https:\/\/thequeenshairperruque.fr\/wp-content\/uploads\/2023\/12\/logo_l_oreal-1536x361.jpg 1536w, https:\/\/thequeenshairperruque.fr\/wp-content\/uploads\/2023\/12\/logo_l_oreal-600x141.jpg 600w, https:\/\/thequeenshairperruque.fr\/wp-content\/uploads\/2023\/12\/logo_l_oreal.jpg 1600w\" sizes=\"(max-width: 150px) 100vw, 150px\" \/><\/p>\n<p>La palette de maquillage des yeux L\u2019Or\u00e9al Paris Color Riche La Palette Gold vous offre la possibilit\u00e9 de cr\u00e9er les plus beaux maquillages des yeux.<\/p>\n<hr \/>\n<p><strong>Le produit :<\/strong><\/p>\n<ul>\n<li>longue tenue<\/li>\n<li>permet un maquillage tr\u00e8s vari\u00e9<\/li>\n<li>souligne les yeux<\/li>\n<\/ul>\n<p><strong>Composition du produit :<\/strong><\/p>\n<ul>\n<li>miroir<\/li>\n<li>applicateur<\/li>\n<\/ul>\n<hr \/>\n<p>Frais de livraison 4.95\u20ac gratuit d\u00e8s 35\u20ac d&rsquo;achat<\/p>\n","protected":false},"featured_media":864,"comment_status":"open","ping_status":"closed","template":"","meta":{"_seopress_robots_primary_cat":"none","_seopress_titles_title":"l'or\u00e9al la palette Gold","_seopress_titles_desc":"6.99\u20ac la palette Gold - l'Or\u00e9al Paris - D\u00e9couvrez notre vaste gamme de produits et accessoires. Trouvez votre style en un clic sur notre site!","_seopress_robots_index":"","site-sidebar-layout":"default","site-content-layout":"","ast-site-content-layout":"default","site-content-style":"default","site-sidebar-style":"default","ast-global-header-display":"","ast-banner-title-visibility":"","ast-main-header-display":"","ast-hfb-above-header-display":"","ast-hfb-below-header-display":"","ast-hfb-mobile-header-display":"","site-post-title":"","ast-breadcrumbs-content":"","ast-featured-img":"","footer-sml-layout":"","theme-transparent-header-meta":"default","adv-header-id-meta":"","stick-header-meta":"","header-above-stick-meta":"","header-main-stick-meta":"","header-below-stick-meta":"","astra-migrate-meta-layouts":"set","ast-page-background-enabled":"default","ast-page-background-meta":{"desktop":{"background-color":"var(--ast-global-color-4)","background-image":"","background-repeat":"repeat","background-position":"center center","background-size":"auto","background-attachment":"scroll","background-type":"","background-media":"","overlay-type":"","overlay-color":"","overlay-opacity":"","overlay-gradient":""},"tablet":{"background-color":"","background-image":"","background-repeat":"repeat","background-position":"center center","background-size":"auto","background-attachment":"scroll","background-type":"","background-media":"","overlay-type":"","overlay-color":"","overlay-opacity":"","overlay-gradient":""},"mobile":{"background-color":"","background-image":"","background-repeat":"repeat","background-position":"center center","background-size":"auto","background-attachment":"scroll","background-type":"","background-media":"","overlay-type":"","overlay-color":"","overlay-opacity":"","overlay-gradient":""}},"ast-content-background-meta":{"desktop":{"background-color":"var(--ast-global-color-5)","background-image":"","background-repeat":"repeat","background-position":"center center","background-size":"auto","background-attachment":"scroll","background-type":"","background-media":"","overlay-type":"","overlay-color":"","overlay-opacity":"","overlay-gradient":""},"tablet":{"background-color":"var(--ast-global-color-5)","background-image":"","background-repeat":"repeat","background-position":"center center","background-size":"auto","background-attachment":"scroll","background-type":"","background-media":"","overlay-type":"","overlay-color":"","overlay-opacity":"","overlay-gradient":""},"mobile":{"background-color":"var(--ast-global-color-5)","background-image":"","background-repeat":"repeat","background-position":"center center","background-size":"auto","background-attachment":"scroll","background-type":"","background-media":"","overlay-type":"","overlay-color":"","overlay-opacity":"","overlay-gradient":""}}},"product_brand":[],"product_cat":[62],"product_tag":[],"class_list":{"0":"post-863","1":"product","2":"type-product","3":"status-publish","4":"has-post-thumbnail","6":"product_cat-maquillage-parfums","7":"desktop-align-left","8":"tablet-align-left","9":"mobile-align-left","11":"first","12":"instock","13":"shipping-taxable","14":"purchasable","15":"product-type-simple"},"jetpack_sharing_enabled":true,"_links":{"self":[{"href":"https:\/\/thequeenshairperruque.fr\/index.php\/wp-json\/wp\/v2\/product\/863","targetHints":{"allow":["GET"]}}],"collection":[{"href":"https:\/\/thequeenshairperruque.fr\/index.php\/wp-json\/wp\/v2\/product"}],"about":[{"href":"https:\/\/thequeenshairperruque.fr\/index.php\/wp-json\/wp\/v2\/types\/product"}],"replies":[{"embeddable":true,"href":"https:\/\/thequeenshairperruque.fr\/index.php\/wp-json\/wp\/v2\/comments?post=863"}],"wp:featuredmedia":[{"embeddable":true,"href":"https:\/\/thequeenshairperruque.fr\/index.php\/wp-json\/wp\/v2\/media\/864"}],"wp:attachment":[{"href":"https:\/\/thequeenshairperruque.fr\/index.php\/wp-json\/wp\/v2\/media?parent=863"}],"wp:term":[{"taxonomy":"product_brand","embeddable":true,"href":"https:\/\/thequeenshairperruque.fr\/index.php\/wp-json\/wp\/v2\/product_brand?post=863"},{"taxonomy":"product_cat","embeddable":true,"href":"https:\/\/thequeenshairperruque.fr\/index.php\/wp-json\/wp\/v2\/product_cat?post=863"},{"taxonomy":"product_tag","embeddable":true,"href":"https:\/\/thequeenshairperruque.fr\/index.php\/wp-json\/wp\/v2\/product_tag?post=863"}],"curies":[{"name":"wp","href":"https:\/\/api.w.org\/{rel}","templated":true}]}}