{"id":749,"date":"2023-12-17T08:51:20","date_gmt":"2023-12-17T07:51:20","guid":{"rendered":"https:\/\/thequeenshairperruque.fr\/?post_type=product&#038;p=749"},"modified":"2024-07-13T18:47:55","modified_gmt":"2024-07-13T16:47:55","slug":"bague-etoile-doree","status":"publish","type":"product","link":"https:\/\/thequeenshairperruque.fr\/index.php\/produit\/bague-etoile-doree\/","title":{"rendered":"Bague \u00e9toile dor\u00e9e"},"content":{"rendered":"<p>THE QUEEN&rsquo;S HAIR vous indique que ce bijou fantaisie est sans-nickel et anti-allerg\u00e9nique.<\/p>\n<p>&nbsp;<\/p>\n<p><a href=\"https:\/\/thequeenshairperruque.fr\/index.php\/produit\/boite-a-bijoux\/\">Cette boite est id\u00e9al pour ranger vos bijoux<\/a><\/p>\n<p><a href=\"https:\/\/thequeenshairperruque.fr\/index.php\/produit\/boite-a-bijoux\/\"><img decoding=\"async\" class=\"wp-image-489 size-thumbnail alignnone\" src=\"https:\/\/thequeenshairperruque.fr\/wp-content\/uploads\/2023\/12\/boite-a-bijoux-avec-miroir-ferme-150x150.png\" alt=\"\" width=\"150\" height=\"150\" srcset=\"https:\/\/thequeenshairperruque.fr\/wp-content\/uploads\/2023\/12\/boite-a-bijoux-avec-miroir-ferme-150x150.png 150w, https:\/\/thequeenshairperruque.fr\/wp-content\/uploads\/2023\/12\/boite-a-bijoux-avec-miroir-ferme-300x300.png 300w, https:\/\/thequeenshairperruque.fr\/wp-content\/uploads\/2023\/12\/boite-a-bijoux-avec-miroir-ferme-768x768.png 768w, https:\/\/thequeenshairperruque.fr\/wp-content\/uploads\/2023\/12\/boite-a-bijoux-avec-miroir-ferme-600x600.png 600w, https:\/\/thequeenshairperruque.fr\/wp-content\/uploads\/2023\/12\/boite-a-bijoux-avec-miroir-ferme-100x100.png 100w, https:\/\/thequeenshairperruque.fr\/wp-content\/uploads\/2023\/12\/boite-a-bijoux-avec-miroir-ferme.png 800w\" sizes=\"(max-width: 150px) 100vw, 150px\" \/><\/a><\/p>\n<p>&nbsp;<\/p>\n<p>&nbsp;<\/p>\n","protected":false},"excerpt":{"rendered":"<p>Frais de port 4.95\u20ac, gratuit d\u00e8s 35\u20ac d&rsquo;achat<\/p>\n<p>&nbsp;<\/p>\n<p>&nbsp;<\/p>\n<p><a href=\"https:\/\/wa.me\/message\/5PAEP6G4LAVXO1\"><img decoding=\"async\" class=\"alignnone wp-image-694\" src=\"https:\/\/thequeenshairperruque.fr\/wp-content\/uploads\/2023\/12\/whatsapp-300x270.png\" alt=\"\" width=\"100\" height=\"90\" \/><\/a><\/p>\n","protected":false},"featured_media":487,"comment_status":"open","ping_status":"closed","template":"","meta":{"_seopress_robots_primary_cat":"none","_seopress_titles_title":"","_seopress_titles_desc":"D\u00e9couvrez notre vaste gamme de bijoux et accessoires\r\nTrouvez votre style en un clic sur notre site!","_seopress_robots_index":"","site-sidebar-layout":"default","site-content-layout":"","ast-site-content-layout":"default","site-content-style":"default","site-sidebar-style":"default","ast-global-header-display":"","ast-banner-title-visibility":"","ast-main-header-display":"","ast-hfb-above-header-display":"","ast-hfb-below-header-display":"","ast-hfb-mobile-header-display":"","site-post-title":"","ast-breadcrumbs-content":"","ast-featured-img":"","footer-sml-layout":"","theme-transparent-header-meta":"default","adv-header-id-meta":"","stick-header-meta":"","header-above-stick-meta":"","header-main-stick-meta":"","header-below-stick-meta":"","astra-migrate-meta-layouts":"set","ast-page-background-enabled":"default","ast-page-background-meta":{"desktop":{"background-color":"var(--ast-global-color-4)","background-image":"","background-repeat":"repeat","background-position":"center center","background-size":"auto","background-attachment":"scroll","background-type":"","background-media":"","overlay-type":"","overlay-color":"","overlay-opacity":"","overlay-gradient":""},"tablet":{"background-color":"","background-image":"","background-repeat":"repeat","background-position":"center center","background-size":"auto","background-attachment":"scroll","background-type":"","background-media":"","overlay-type":"","overlay-color":"","overlay-opacity":"","overlay-gradient":""},"mobile":{"background-color":"","background-image":"","background-repeat":"repeat","background-position":"center center","background-size":"auto","background-attachment":"scroll","background-type":"","background-media":"","overlay-type":"","overlay-color":"","overlay-opacity":"","overlay-gradient":""}},"ast-content-background-meta":{"desktop":{"background-color":"var(--ast-global-color-5)","background-image":"","background-repeat":"repeat","background-position":"center center","background-size":"auto","background-attachment":"scroll","background-type":"","background-media":"","overlay-type":"","overlay-color":"","overlay-opacity":"","overlay-gradient":""},"tablet":{"background-color":"var(--ast-global-color-5)","background-image":"","background-repeat":"repeat","background-position":"center center","background-size":"auto","background-attachment":"scroll","background-type":"","background-media":"","overlay-type":"","overlay-color":"","overlay-opacity":"","overlay-gradient":""},"mobile":{"background-color":"var(--ast-global-color-5)","background-image":"","background-repeat":"repeat","background-position":"center center","background-size":"auto","background-attachment":"scroll","background-type":"","background-media":"","overlay-type":"","overlay-color":"","overlay-opacity":"","overlay-gradient":""}}},"product_brand":[],"product_cat":[63],"product_tag":[],"class_list":{"0":"post-749","1":"product","2":"type-product","3":"status-publish","4":"has-post-thumbnail","6":"product_cat-bijoux-accessoires","7":"desktop-align-left","8":"tablet-align-left","9":"mobile-align-left","11":"first","12":"instock","13":"shipping-taxable","14":"purchasable","15":"product-type-simple"},"jetpack_sharing_enabled":true,"_links":{"self":[{"href":"https:\/\/thequeenshairperruque.fr\/index.php\/wp-json\/wp\/v2\/product\/749","targetHints":{"allow":["GET"]}}],"collection":[{"href":"https:\/\/thequeenshairperruque.fr\/index.php\/wp-json\/wp\/v2\/product"}],"about":[{"href":"https:\/\/thequeenshairperruque.fr\/index.php\/wp-json\/wp\/v2\/types\/product"}],"replies":[{"embeddable":true,"href":"https:\/\/thequeenshairperruque.fr\/index.php\/wp-json\/wp\/v2\/comments?post=749"}],"wp:featuredmedia":[{"embeddable":true,"href":"https:\/\/thequeenshairperruque.fr\/index.php\/wp-json\/wp\/v2\/media\/487"}],"wp:attachment":[{"href":"https:\/\/thequeenshairperruque.fr\/index.php\/wp-json\/wp\/v2\/media?parent=749"}],"wp:term":[{"taxonomy":"product_brand","embeddable":true,"href":"https:\/\/thequeenshairperruque.fr\/index.php\/wp-json\/wp\/v2\/product_brand?post=749"},{"taxonomy":"product_cat","embeddable":true,"href":"https:\/\/thequeenshairperruque.fr\/index.php\/wp-json\/wp\/v2\/product_cat?post=749"},{"taxonomy":"product_tag","embeddable":true,"href":"https:\/\/thequeenshairperruque.fr\/index.php\/wp-json\/wp\/v2\/product_tag?post=749"}],"curies":[{"name":"wp","href":"https:\/\/api.w.org\/{rel}","templated":true}]}}