{"id":559,"date":"2023-12-12T18:37:14","date_gmt":"2023-12-12T17:37:14","guid":{"rendered":"https:\/\/thequeenshairperruque.fr\/?post_type=product&#038;p=559"},"modified":"2026-01-25T16:57:46","modified_gmt":"2026-01-25T15:57:46","slug":"boucles-doreilles-bleus-argentes","status":"publish","type":"product","link":"https:\/\/thequeenshairperruque.fr\/index.php\/produit\/boucles-doreilles-bleus-argentes\/","title":{"rendered":"Boucles d&rsquo;oreilles p\u00e9tale bleu paillettes argent\u00e9es"},"content":{"rendered":"<p>Des boucles d&rsquo;oreilles p\u00e9tale noir paillettes dor\u00e9es ultra originales pour un look brillant !<\/p>\n<p>Coup de c\u0153ur assur\u00e9 pour ce bijou fantaisie qui ne laissera personne indiff\u00e9rent ! Pour offrir \u00e0 un \u00eatre cher ou pour se faire plaisir \u00e0 soi m\u00eame, pour ceux qui aiment les d\u00e9tails qui claquent ou qui aiment avoir un style d\u00e9cal\u00e9, alors ces boucles d&rsquo;oreilles sont faites pour vous !<\/p>\n<p>Elles iront bien avec un look d\u00e9contract\u00e9 ou pour ajouter une touche de couleur \u00e0 une tenue de f\u00eate, vous trouverez forc\u00e9ment une occasion festive pour les porter aux oreilles.<\/p>\n<p>Id\u00e9al en cadeau pour une occasion, un anniversaire ou pour faire plaisir tout simplement.<\/p>\n<p>The Queen&rsquo;s Hair vous indique que ce bijou fantaisie est sans-nickel et anti allerg\u00e9nique.<\/p>\n<p>Frais de port: 5.90\u20ac gratuit d\u00e8s 35\u20ac d&rsquo;achat<\/p>\n<p>THE QUEEN&rsquo;S HAIR vous indique que ce bijou fantaisie est sans-nickel et anti-allergique.<\/p>\n","protected":false},"excerpt":{"rendered":"<p>Hauteur: 5cm<\/p>\n<p>Poids: 4 grammes<\/p>\n<p>Frais de port: 5.90\u20ac gratuit d\u00e8s 35\u20ac d&rsquo;achat<\/p>\n","protected":false},"featured_media":501,"comment_status":"open","ping_status":"closed","template":"","meta":{"_seopress_robots_primary_cat":"none","_seopress_titles_title":"Boucles d'oreilles p\u00e9tale bleu paillettes argent\u00e9es","_seopress_titles_desc":"6,99\u20ac  boucles d'oreilles p\u00e9tale bleu paillettes argent\u00e9es- D\u00e9couvrez notre vaste gamme de bijoux.\r\nTrouvez votre style en un clic sur notre site!","_seopress_robots_index":"","site-sidebar-layout":"default","site-content-layout":"","ast-site-content-layout":"default","site-content-style":"default","site-sidebar-style":"default","ast-global-header-display":"","ast-banner-title-visibility":"","ast-main-header-display":"","ast-hfb-above-header-display":"","ast-hfb-below-header-display":"","ast-hfb-mobile-header-display":"","site-post-title":"","ast-breadcrumbs-content":"","ast-featured-img":"","footer-sml-layout":"","theme-transparent-header-meta":"default","adv-header-id-meta":"","stick-header-meta":"","header-above-stick-meta":"","header-main-stick-meta":"","header-below-stick-meta":"","astra-migrate-meta-layouts":"set","ast-page-background-enabled":"default","ast-page-background-meta":{"desktop":{"background-color":"var(--ast-global-color-4)","background-image":"","background-repeat":"repeat","background-position":"center center","background-size":"auto","background-attachment":"scroll","background-type":"","background-media":"","overlay-type":"","overlay-color":"","overlay-opacity":"","overlay-gradient":""},"tablet":{"background-color":"","background-image":"","background-repeat":"repeat","background-position":"center center","background-size":"auto","background-attachment":"scroll","background-type":"","background-media":"","overlay-type":"","overlay-color":"","overlay-opacity":"","overlay-gradient":""},"mobile":{"background-color":"","background-image":"","background-repeat":"repeat","background-position":"center center","background-size":"auto","background-attachment":"scroll","background-type":"","background-media":"","overlay-type":"","overlay-color":"","overlay-opacity":"","overlay-gradient":""}},"ast-content-background-meta":{"desktop":{"background-color":"var(--ast-global-color-5)","background-image":"","background-repeat":"repeat","background-position":"center center","background-size":"auto","background-attachment":"scroll","background-type":"","background-media":"","overlay-type":"","overlay-color":"","overlay-opacity":"","overlay-gradient":""},"tablet":{"background-color":"var(--ast-global-color-5)","background-image":"","background-repeat":"repeat","background-position":"center center","background-size":"auto","background-attachment":"scroll","background-type":"","background-media":"","overlay-type":"","overlay-color":"","overlay-opacity":"","overlay-gradient":""},"mobile":{"background-color":"var(--ast-global-color-5)","background-image":"","background-repeat":"repeat","background-position":"center center","background-size":"auto","background-attachment":"scroll","background-type":"","background-media":"","overlay-type":"","overlay-color":"","overlay-opacity":"","overlay-gradient":""}}},"product_brand":[],"product_cat":[63],"product_tag":[],"class_list":{"0":"post-559","1":"product","2":"type-product","3":"status-publish","4":"has-post-thumbnail","6":"product_cat-bijoux-accessoires","7":"desktop-align-left","8":"tablet-align-left","9":"mobile-align-left","11":"first","12":"instock","13":"shipping-taxable","14":"purchasable","15":"product-type-simple"},"jetpack_sharing_enabled":true,"_links":{"self":[{"href":"https:\/\/thequeenshairperruque.fr\/index.php\/wp-json\/wp\/v2\/product\/559","targetHints":{"allow":["GET"]}}],"collection":[{"href":"https:\/\/thequeenshairperruque.fr\/index.php\/wp-json\/wp\/v2\/product"}],"about":[{"href":"https:\/\/thequeenshairperruque.fr\/index.php\/wp-json\/wp\/v2\/types\/product"}],"replies":[{"embeddable":true,"href":"https:\/\/thequeenshairperruque.fr\/index.php\/wp-json\/wp\/v2\/comments?post=559"}],"wp:featuredmedia":[{"embeddable":true,"href":"https:\/\/thequeenshairperruque.fr\/index.php\/wp-json\/wp\/v2\/media\/501"}],"wp:attachment":[{"href":"https:\/\/thequeenshairperruque.fr\/index.php\/wp-json\/wp\/v2\/media?parent=559"}],"wp:term":[{"taxonomy":"product_brand","embeddable":true,"href":"https:\/\/thequeenshairperruque.fr\/index.php\/wp-json\/wp\/v2\/product_brand?post=559"},{"taxonomy":"product_cat","embeddable":true,"href":"https:\/\/thequeenshairperruque.fr\/index.php\/wp-json\/wp\/v2\/product_cat?post=559"},{"taxonomy":"product_tag","embeddable":true,"href":"https:\/\/thequeenshairperruque.fr\/index.php\/wp-json\/wp\/v2\/product_tag?post=559"}],"curies":[{"name":"wp","href":"https:\/\/api.w.org\/{rel}","templated":true}]}}