{"id":2692,"date":"2025-08-03T09:01:55","date_gmt":"2025-08-03T07:01:55","guid":{"rendered":"https:\/\/thequeenshairperruque.fr\/?post_type=product&#038;p=2692"},"modified":"2025-08-17T11:06:31","modified_gmt":"2025-08-17T09:06:31","slug":"perruque-bouclee-auburn-avec-frange-12-morgane","status":"publish","type":"product","link":"https:\/\/thequeenshairperruque.fr\/index.php\/produit\/perruque-bouclee-auburn-avec-frange-12-morgane\/","title":{"rendered":"Perruque boucl\u00e9e Auburn avec frange 12&Prime; &#8211; Morgane"},"content":{"rendered":"<hr \/>\n<h3>Perruque boucl\u00e9e Auburn avec frange 12&Prime;- Morgane<\/h3>\n<hr \/>\n<p>Apportez du volume et de la fraicheur \u00e0 votre look avec notre perruque boucl\u00e9e couleur auburn chocolat au reflets cuivr\u00e9es. Ses boucles parfaites d\u00e9finies et sa frange tendance apportent un style chic et naturel.<\/p>\n<hr \/>\n<p><strong>Quelques conseils pour entretenir votre perruque\u00a0:<\/strong><br \/>\n1. Faire un shampoing environ une fois par mois<br \/>\n2. Lors du shampoing frottez d\u00e9licatement la lace frontal<br \/>\n3. Utilisez un apr\u00e8s-shampoing et laissez-la poser 4-5 minutes<br \/>\n4. Utilisez un masque et laissez poser toute la nuit<br \/>\n5. Rincez et enlevez l\u2019exc\u00e8s d\u2019eau \u00e0 l\u2019aide d\u2019une serviette<br \/>\n6. Laissez s\u00e9cher \u00e0 l&rsquo;air libre<br \/>\n7. Utilisez un <a href=\"https:\/\/thequeenshairperruque.fr\/index.php\/produit\/spray-protecteur-de-chaleur-100ml\/\">spray protecteur de chaleur<\/a> avant l&rsquo;utilisation d&rsquo;un fer \u00e0 lisser ou \u00e0 boucler<\/p>\n<hr \/>\n<p><strong style=\"font-size: 16px; font-style: normal;\">Protection de votre perruque:\u00a0<\/strong><span style=\"font-size: 16px; font-style: normal; font-weight: 400;\">Pour Ranger votre perruque privil\u00e9giez notre housse avec cintre en vente sur notre site\u00a0 \u00a0\u00a0<\/span><a style=\"font-size: 16px; font-style: normal; font-weight: 400; background-color: #ffffff;\" href=\"https:\/\/thequeenshairperruque.fr\/index.php\/produit\/housse-cintre\/\"><img decoding=\"async\" class=\"alignnone wp-image-672\" src=\"https:\/\/thequeenshairperruque.fr\/wp-content\/uploads\/2023\/11\/housse-perruque-1-300x300.jpeg\" alt=\"housse avec cintre pour la protection de vos perruques\" width=\"70\" height=\"70\" srcset=\"https:\/\/thequeenshairperruque.fr\/wp-content\/uploads\/2023\/11\/housse-perruque-1-300x300.jpeg 300w, https:\/\/thequeenshairperruque.fr\/wp-content\/uploads\/2023\/11\/housse-perruque-1-150x150.jpeg 150w, https:\/\/thequeenshairperruque.fr\/wp-content\/uploads\/2023\/11\/housse-perruque-1-768x768.jpeg 768w, https:\/\/thequeenshairperruque.fr\/wp-content\/uploads\/2023\/11\/housse-perruque-1-600x600.jpeg 600w, https:\/\/thequeenshairperruque.fr\/wp-content\/uploads\/2023\/11\/housse-perruque-1-100x100.jpeg 100w, https:\/\/thequeenshairperruque.fr\/wp-content\/uploads\/2023\/11\/housse-perruque-1.jpeg 1000w\" sizes=\"(max-width: 70px) 100vw, 70px\" \/><\/a><\/p>\n<hr \/>\n<p><a href=\"https:\/\/wa.me\/message\/5PAEP6G4LAVXO1\"><img decoding=\"async\" class=\"alignnone wp-image-1094\" src=\"https:\/\/thequeenshairperruque.fr\/wp-content\/uploads\/2023\/12\/logo-whatsapp-1.png\" alt=\"LOGO WHATSAPP\" width=\"60\" height=\"60\" \/><\/a>\u00a0 \u00a0 \u00a0 \u00a0 \u00a0 \u00a0 \u00a0 \u00a0 \u00a0 \u00a0 \u00a0 \u00a0 \u00a0 <a href=\"https:\/\/www.facebook.com\/profile.php?id=61554580328651\"><img decoding=\"async\" class=\"wp-image-1286 alignnone\" src=\"https:\/\/thequeenshairperruque.fr\/wp-content\/uploads\/2024\/01\/logo-facebook.png\" alt=\"\" width=\"67\" height=\"60\" \/><\/a><\/p>\n","protected":false},"excerpt":{"rendered":"<h6><\/h6>\n<ul>\n<li>\n<h6>Type de cheveux: <strong><em>Br\u00e9silien<\/em><\/strong><\/h6>\n<\/li>\n<li>\n<h6>Texture: <strong><em>Boucles serr\u00e9es et rebondies pour un effet 100% Naturel<\/em><\/strong><\/h6>\n<\/li>\n<li>\n<h6>Densit\u00e9: <strong><em>300<\/em><\/strong><\/h6>\n<\/li>\n<li>\n<h6>Couleur: <em><strong>Auburn profond avec nuances caramel\/cuivr\u00e9es<\/strong><\/em><\/h6>\n<\/li>\n<li>\n<h6><em>Sans colle<\/em><\/h6>\n<\/li>\n<li>\n<h6>Type de bonnet: <em>Confortable, ajustable pour toutes les tailles de t\u00eate<\/em><\/h6>\n<\/li>\n<li>\n<h6><em>100% Humain<\/em><\/h6>\n<\/li>\n<li>\n<h6>\u00a0Taille:\u00a0 \u00a0 \u00a0 \u00a0 <a href=\"https:\/\/thequeenshairperruque.fr\/index.php\/guide-des-tailles\/\"><img loading=\"lazy\" decoding=\"async\" class=\"alignnone wp-image-2509\" src=\"https:\/\/thequeenshairperruque.fr\/wp-content\/uploads\/2025\/02\/12-pouces-300x300.png\" alt=\"12pouces\" width=\"70\" height=\"70\" srcset=\"https:\/\/thequeenshairperruque.fr\/wp-content\/uploads\/2025\/02\/12-pouces-300x300.png 300w, https:\/\/thequeenshairperruque.fr\/wp-content\/uploads\/2025\/02\/12-pouces-150x150.png 150w, https:\/\/thequeenshairperruque.fr\/wp-content\/uploads\/2025\/02\/12-pouces-100x100.png 100w, https:\/\/thequeenshairperruque.fr\/wp-content\/uploads\/2025\/02\/12-pouces.png 500w\" sizes=\"(max-width: 70px) 100vw, 70px\" \/><\/a><\/h6>\n<hr \/>\n<h6>Autres couleurs disponible:<\/h6>\n<p><a href=\"https:\/\/thequeenshairperruque.fr\/index.php\/produit\/perruque-rouge-bordeaux-bob-boucles-avec-frange-12\/\"><img loading=\"lazy\" decoding=\"async\" class=\"alignnone wp-image-2555\" src=\"https:\/\/thequeenshairperruque.fr\/wp-content\/uploads\/2024\/10\/perruque-rouge-bordeaux-bob-boucles-avec-frange-300x297.jpg\" alt=\"Perruque Rouge Bordeaux Bob boucl\u00e9s avec frange\" width=\"101\" height=\"100\" srcset=\"https:\/\/thequeenshairperruque.fr\/wp-content\/uploads\/2024\/10\/perruque-rouge-bordeaux-bob-boucles-avec-frange-300x300.jpg 300w, https:\/\/thequeenshairperruque.fr\/wp-content\/uploads\/2024\/10\/perruque-rouge-bordeaux-bob-boucles-avec-frange-1024x1013.jpg 1024w, https:\/\/thequeenshairperruque.fr\/wp-content\/uploads\/2024\/10\/perruque-rouge-bordeaux-bob-boucles-avec-frange-150x150.jpg 150w, https:\/\/thequeenshairperruque.fr\/wp-content\/uploads\/2024\/10\/perruque-rouge-bordeaux-bob-boucles-avec-frange-768x759.jpg 768w, https:\/\/thequeenshairperruque.fr\/wp-content\/uploads\/2024\/10\/perruque-rouge-bordeaux-bob-boucles-avec-frange-600x593.jpg 600w, https:\/\/thequeenshairperruque.fr\/wp-content\/uploads\/2024\/10\/perruque-rouge-bordeaux-bob-boucles-avec-frange-100x100.jpg 100w, https:\/\/thequeenshairperruque.fr\/wp-content\/uploads\/2024\/10\/perruque-rouge-bordeaux-bob-boucles-avec-frange.jpg 1077w\" sizes=\"(max-width: 101px) 100vw, 101px\" \/><\/a>\u00a0 \u00a0 \u00a0 <a href=\"https:\/\/thequeenshairperruque.fr\/index.php\/produit\/perruque-chatain-bob-boucles-avec-frange-12\/\"><img loading=\"lazy\" decoding=\"async\" class=\"alignnone wp-image-2218\" src=\"https:\/\/thequeenshairperruque.fr\/wp-content\/uploads\/2024\/10\/perruque-chatain-bob-boucle-frange-12-pouces-221x300.jpeg\" alt=\"perruque-chatain-bob-boucle-frange\" width=\"74\" height=\"100\" srcset=\"https:\/\/thequeenshairperruque.fr\/wp-content\/uploads\/2024\/10\/perruque-chatain-bob-boucle-frange-12-pouces-221x300.jpeg 221w, https:\/\/thequeenshairperruque.fr\/wp-content\/uploads\/2024\/10\/perruque-chatain-bob-boucle-frange-12-pouces-755x1024.jpeg 755w, https:\/\/thequeenshairperruque.fr\/wp-content\/uploads\/2024\/10\/perruque-chatain-bob-boucle-frange-12-pouces-768x1042.jpeg 768w, https:\/\/thequeenshairperruque.fr\/wp-content\/uploads\/2024\/10\/perruque-chatain-bob-boucle-frange-12-pouces-600x814.jpeg 600w, https:\/\/thequeenshairperruque.fr\/wp-content\/uploads\/2024\/10\/perruque-chatain-bob-boucle-frange-12-pouces.jpeg 959w\" sizes=\"(max-width: 74px) 100vw, 74px\" \/><\/a>\u00a0 \u00a0 \u00a0 \u00a0<a href=\"https:\/\/thequeenshairperruque.fr\/index.php\/produit\/perruque-noire-bob-boucles-avec-frange-12\/\"><img loading=\"lazy\" decoding=\"async\" class=\"alignnone wp-image-2217\" src=\"https:\/\/thequeenshairperruque.fr\/wp-content\/uploads\/2024\/10\/perruque-noire-bob-boucle-frange-12-pouces-229x300.jpeg\" alt=\"perruque\" width=\"76\" height=\"100\" srcset=\"https:\/\/thequeenshairperruque.fr\/wp-content\/uploads\/2024\/10\/perruque-noire-bob-boucle-frange-12-pouces-229x300.jpeg 229w, https:\/\/thequeenshairperruque.fr\/wp-content\/uploads\/2024\/10\/perruque-noire-bob-boucle-frange-12-pouces-782x1024.jpeg 782w, https:\/\/thequeenshairperruque.fr\/wp-content\/uploads\/2024\/10\/perruque-noire-bob-boucle-frange-12-pouces-768x1006.jpeg 768w, https:\/\/thequeenshairperruque.fr\/wp-content\/uploads\/2024\/10\/perruque-noire-bob-boucle-frange-12-pouces-600x786.jpeg 600w, https:\/\/thequeenshairperruque.fr\/wp-content\/uploads\/2024\/10\/perruque-noire-bob-boucle-frange-12-pouces.jpeg 805w\" sizes=\"(max-width: 76px) 100vw, 76px\" \/><\/a><\/p>\n<hr \/>\n<p><strong><em>Livraison gratuite &#8211; Colissimo 48h<\/em><\/strong><\/p>\n<p><em><strong>Paiement s\u00e9curis\u00e9<\/strong> \u00a0 \u00a0 \u00a0<img loading=\"lazy\" decoding=\"async\" class=\"alignnone wp-image-2713\" src=\"https:\/\/thequeenshairperruque.fr\/wp-content\/uploads\/2025\/08\/logo-paiement-securise-300x76.png\" alt=\"\" width=\"157\" height=\"40\" srcset=\"https:\/\/thequeenshairperruque.fr\/wp-content\/uploads\/2025\/08\/logo-paiement-securise-300x76.png 300w, https:\/\/thequeenshairperruque.fr\/wp-content\/uploads\/2025\/08\/logo-paiement-securise.png 598w\" sizes=\"(max-width: 157px) 100vw, 157px\" \/><\/em><\/p>\n<p><strong><em>E-mail: thequeenshair30@gmail.com<\/em><\/strong><\/li>\n<\/ul>\n","protected":false},"featured_media":2693,"comment_status":"open","ping_status":"closed","template":"","meta":{"_seopress_robots_primary_cat":"none","_seopress_titles_title":"Perruque boucl\u00e9e Auburn avec frange - Morgane","_seopress_titles_desc":"Perruque boucl\u00e9e Auburn avec frange - Morgane\r\nApportez du volume et de la fraicheur \u00e0 votre look avec notre perruque.","_seopress_robots_index":"","site-sidebar-layout":"default","site-content-layout":"","ast-site-content-layout":"default","site-content-style":"default","site-sidebar-style":"default","ast-global-header-display":"","ast-banner-title-visibility":"","ast-main-header-display":"","ast-hfb-above-header-display":"","ast-hfb-below-header-display":"","ast-hfb-mobile-header-display":"","site-post-title":"","ast-breadcrumbs-content":"","ast-featured-img":"","footer-sml-layout":"","theme-transparent-header-meta":"default","adv-header-id-meta":"","stick-header-meta":"","header-above-stick-meta":"","header-main-stick-meta":"","header-below-stick-meta":"","astra-migrate-meta-layouts":"set","ast-page-background-enabled":"default","ast-page-background-meta":{"desktop":{"background-color":"var(--ast-global-color-4)","background-image":"","background-repeat":"repeat","background-position":"center center","background-size":"auto","background-attachment":"scroll","background-type":"","background-media":"","overlay-type":"","overlay-color":"","overlay-opacity":"","overlay-gradient":""},"tablet":{"background-color":"","background-image":"","background-repeat":"repeat","background-position":"center center","background-size":"auto","background-attachment":"scroll","background-type":"","background-media":"","overlay-type":"","overlay-color":"","overlay-opacity":"","overlay-gradient":""},"mobile":{"background-color":"","background-image":"","background-repeat":"repeat","background-position":"center center","background-size":"auto","background-attachment":"scroll","background-type":"","background-media":"","overlay-type":"","overlay-color":"","overlay-opacity":"","overlay-gradient":""}},"ast-content-background-meta":{"desktop":{"background-color":"var(--ast-global-color-5)","background-image":"","background-repeat":"repeat","background-position":"center center","background-size":"auto","background-attachment":"scroll","background-type":"","background-media":"","overlay-type":"","overlay-color":"","overlay-opacity":"","overlay-gradient":""},"tablet":{"background-color":"var(--ast-global-color-5)","background-image":"","background-repeat":"repeat","background-position":"center center","background-size":"auto","background-attachment":"scroll","background-type":"","background-media":"","overlay-type":"","overlay-color":"","overlay-opacity":"","overlay-gradient":""},"mobile":{"background-color":"var(--ast-global-color-5)","background-image":"","background-repeat":"repeat","background-position":"center center","background-size":"auto","background-attachment":"scroll","background-type":"","background-media":"","overlay-type":"","overlay-color":"","overlay-opacity":"","overlay-gradient":""}}},"product_brand":[],"product_cat":[17],"product_tag":[],"class_list":{"0":"post-2692","1":"product","2":"type-product","3":"status-publish","4":"has-post-thumbnail","6":"product_cat-perruques","7":"desktop-align-left","8":"tablet-align-left","9":"mobile-align-left","11":"first","12":"instock","13":"shipping-taxable","14":"purchasable","15":"product-type-simple"},"jetpack_sharing_enabled":true,"_links":{"self":[{"href":"https:\/\/thequeenshairperruque.fr\/index.php\/wp-json\/wp\/v2\/product\/2692","targetHints":{"allow":["GET"]}}],"collection":[{"href":"https:\/\/thequeenshairperruque.fr\/index.php\/wp-json\/wp\/v2\/product"}],"about":[{"href":"https:\/\/thequeenshairperruque.fr\/index.php\/wp-json\/wp\/v2\/types\/product"}],"replies":[{"embeddable":true,"href":"https:\/\/thequeenshairperruque.fr\/index.php\/wp-json\/wp\/v2\/comments?post=2692"}],"wp:featuredmedia":[{"embeddable":true,"href":"https:\/\/thequeenshairperruque.fr\/index.php\/wp-json\/wp\/v2\/media\/2693"}],"wp:attachment":[{"href":"https:\/\/thequeenshairperruque.fr\/index.php\/wp-json\/wp\/v2\/media?parent=2692"}],"wp:term":[{"taxonomy":"product_brand","embeddable":true,"href":"https:\/\/thequeenshairperruque.fr\/index.php\/wp-json\/wp\/v2\/product_brand?post=2692"},{"taxonomy":"product_cat","embeddable":true,"href":"https:\/\/thequeenshairperruque.fr\/index.php\/wp-json\/wp\/v2\/product_cat?post=2692"},{"taxonomy":"product_tag","embeddable":true,"href":"https:\/\/thequeenshairperruque.fr\/index.php\/wp-json\/wp\/v2\/product_tag?post=2692"}],"curies":[{"name":"wp","href":"https:\/\/api.w.org\/{rel}","templated":true}]}}