{"id":2623,"date":"2025-06-24T18:50:03","date_gmt":"2025-06-24T16:50:03","guid":{"rendered":"https:\/\/thequeenshairperruque.fr\/?post_type=product&#038;p=2623"},"modified":"2025-10-08T19:33:08","modified_gmt":"2025-10-08T17:33:08","slug":"spray-teinte-pour-dentelle-de-perruque","status":"publish","type":"product","link":"https:\/\/thequeenshairperruque.fr\/index.php\/produit\/spray-teinte-pour-dentelle-de-perruque\/","title":{"rendered":"Spray teint\u00e9 pour dentelle de perruque"},"content":{"rendered":"<hr \/>\n<h2>Spray teint\u00e9 pour dentelle de perruque<\/h2>\n<hr \/>\n<h6>Conseils d\u2019utilisation:<\/h6>\n<ol>\n<li>Mettre la perruque \u00e0 l\u2019envers tout en vaporisant le dos de votre dentelle.<\/li>\n<li>Agiter le spray et le tenir \u00e0 15 cm environ de votre dentelle.<\/li>\n<li>Vaporiser le dos de la dentelle uniform\u00e9ment pour une couleur teint\u00e9e.<\/li>\n<li>Laisser s\u00e9cher au s\u00e8che cheveux pour un r\u00e9sultat plus rapide.<\/li>\n<\/ol>\n<hr \/>\n<p>&nbsp;<\/p>\n<p><a href=\"https:\/\/wa.me\/message\/5PAEP6G4LAVXO1\"><img decoding=\"async\" class=\"alignnone wp-image-1094\" src=\"https:\/\/thequeenshairperruque.fr\/wp-content\/uploads\/2023\/12\/logo-whatsapp-1.png\" alt=\"LOGO WHATSAPP\" width=\"60\" height=\"60\" \/><\/a>\u00a0 \u00a0 \u00a0 \u00a0 \u00a0 \u00a0 \u00a0 \u00a0 \u00a0 \u00a0 \u00a0 \u00a0 \u00a0 <a href=\"https:\/\/www.facebook.com\/profile.php?id=61554580328651\"><img decoding=\"async\" class=\"alignnone wp-image-1286\" src=\"https:\/\/thequeenshairperruque.fr\/wp-content\/uploads\/2024\/01\/logo-facebook.png\" alt=\"logo face book\" width=\"67\" height=\"60\" \/><\/a><\/p>\n<hr \/>\n<h3><\/h3>\n","protected":false},"excerpt":{"rendered":"<hr \/>\n<h6>L\u2019utilisation de ce Spray teintant pour Lace apportera un changement imm\u00e9diat \u00e0 la couleur de votre tulle, le rendant encore plus invisible pour s\u2019adapter \u00e0 votre teint. Adieu la teinte fondamentale de votre perruque.<\/h6>\n<ul>\n<li>\n<hr \/>\n<h6>Quantit\u00e9: <strong><em>100ml<\/em><\/strong><\/h6>\n<\/li>\n<li>\n<h6>3 teintes disponibles:<\/h6>\n<\/li>\n<li>\n<h6>Brun clair, Brun moyen, Brun Fonc\u00e9<\/h6>\n<\/li>\n<\/ul>\n<hr \/>\n<h5><strong><em>Livraison: 2-3 jours<\/em><\/strong><\/h5>\n<p>&nbsp;<\/p>\n<h3>Spray teint\u00e9 pour dentelle de perruque<\/h3>\n<hr \/>\n","protected":false},"featured_media":2624,"comment_status":"open","ping_status":"closed","template":"","meta":{"_seopress_robots_primary_cat":"none","_seopress_titles_title":"Spray teint\u00e9 pour dentelle de perruque","_seopress_titles_desc":"Trouvez votre style en un clic sur notre site!\r\nSpray teint\u00e9 pour dentelle de perruque","_seopress_robots_index":"","site-sidebar-layout":"default","site-content-layout":"","ast-site-content-layout":"default","site-content-style":"default","site-sidebar-style":"default","ast-global-header-display":"","ast-banner-title-visibility":"","ast-main-header-display":"","ast-hfb-above-header-display":"","ast-hfb-below-header-display":"","ast-hfb-mobile-header-display":"","site-post-title":"","ast-breadcrumbs-content":"","ast-featured-img":"","footer-sml-layout":"","theme-transparent-header-meta":"default","adv-header-id-meta":"","stick-header-meta":"","header-above-stick-meta":"","header-main-stick-meta":"","header-below-stick-meta":"","astra-migrate-meta-layouts":"set","ast-page-background-enabled":"default","ast-page-background-meta":{"desktop":{"background-color":"var(--ast-global-color-4)","background-image":"","background-repeat":"repeat","background-position":"center center","background-size":"auto","background-attachment":"scroll","background-type":"","background-media":"","overlay-type":"","overlay-color":"","overlay-opacity":"","overlay-gradient":""},"tablet":{"background-color":"","background-image":"","background-repeat":"repeat","background-position":"center center","background-size":"auto","background-attachment":"scroll","background-type":"","background-media":"","overlay-type":"","overlay-color":"","overlay-opacity":"","overlay-gradient":""},"mobile":{"background-color":"","background-image":"","background-repeat":"repeat","background-position":"center center","background-size":"auto","background-attachment":"scroll","background-type":"","background-media":"","overlay-type":"","overlay-color":"","overlay-opacity":"","overlay-gradient":""}},"ast-content-background-meta":{"desktop":{"background-color":"var(--ast-global-color-5)","background-image":"","background-repeat":"repeat","background-position":"center center","background-size":"auto","background-attachment":"scroll","background-type":"","background-media":"","overlay-type":"","overlay-color":"","overlay-opacity":"","overlay-gradient":""},"tablet":{"background-color":"var(--ast-global-color-5)","background-image":"","background-repeat":"repeat","background-position":"center center","background-size":"auto","background-attachment":"scroll","background-type":"","background-media":"","overlay-type":"","overlay-color":"","overlay-opacity":"","overlay-gradient":""},"mobile":{"background-color":"var(--ast-global-color-5)","background-image":"","background-repeat":"repeat","background-position":"center center","background-size":"auto","background-attachment":"scroll","background-type":"","background-media":"","overlay-type":"","overlay-color":"","overlay-opacity":"","overlay-gradient":""}}},"product_brand":[],"product_cat":[17],"product_tag":[],"class_list":{"0":"post-2623","1":"product","2":"type-product","3":"status-publish","4":"has-post-thumbnail","6":"product_cat-perruques","7":"desktop-align-left","8":"tablet-align-left","9":"mobile-align-left","11":"first","12":"instock","13":"shipping-taxable","14":"purchasable","15":"product-type-variable"},"jetpack_sharing_enabled":true,"_links":{"self":[{"href":"https:\/\/thequeenshairperruque.fr\/index.php\/wp-json\/wp\/v2\/product\/2623","targetHints":{"allow":["GET"]}}],"collection":[{"href":"https:\/\/thequeenshairperruque.fr\/index.php\/wp-json\/wp\/v2\/product"}],"about":[{"href":"https:\/\/thequeenshairperruque.fr\/index.php\/wp-json\/wp\/v2\/types\/product"}],"replies":[{"embeddable":true,"href":"https:\/\/thequeenshairperruque.fr\/index.php\/wp-json\/wp\/v2\/comments?post=2623"}],"wp:featuredmedia":[{"embeddable":true,"href":"https:\/\/thequeenshairperruque.fr\/index.php\/wp-json\/wp\/v2\/media\/2624"}],"wp:attachment":[{"href":"https:\/\/thequeenshairperruque.fr\/index.php\/wp-json\/wp\/v2\/media?parent=2623"}],"wp:term":[{"taxonomy":"product_brand","embeddable":true,"href":"https:\/\/thequeenshairperruque.fr\/index.php\/wp-json\/wp\/v2\/product_brand?post=2623"},{"taxonomy":"product_cat","embeddable":true,"href":"https:\/\/thequeenshairperruque.fr\/index.php\/wp-json\/wp\/v2\/product_cat?post=2623"},{"taxonomy":"product_tag","embeddable":true,"href":"https:\/\/thequeenshairperruque.fr\/index.php\/wp-json\/wp\/v2\/product_tag?post=2623"}],"curies":[{"name":"wp","href":"https:\/\/api.w.org\/{rel}","templated":true}]}}