{"id":2438,"date":"2025-02-01T11:47:31","date_gmt":"2025-02-01T10:47:31","guid":{"rendered":"https:\/\/thequeenshairperruque.fr\/?post_type=product&#038;p=2438"},"modified":"2025-08-24T10:21:35","modified_gmt":"2025-08-24T08:21:35","slug":"perruque-body-wave-lelegance-14","status":"publish","type":"product","link":"https:\/\/thequeenshairperruque.fr\/index.php\/produit\/perruque-body-wave-lelegance-14\/","title":{"rendered":"Perruque body wave &#8211; l&rsquo;\u00e9l\u00e9gance 14&Prime;"},"content":{"rendered":"<hr \/>\n<p>Cheveux 100% humain, Perruque body wave &#8211; l&rsquo;\u00e9l\u00e9gance Full lace transparente HD &#8211; Densit\u00e9 250 &#8211; 14&Prime;<\/p>\n<hr \/>\n<p><strong>Quelques conseils pour entretenir votre perruque\u00a0:<\/strong><br \/>\n1. Faire un shampoing environ une fois tous les deux mois.<br \/>\n2. Lors du shampoing frottez d\u00e9licatement la lace frontal<br \/>\n3. Utilisez un apr\u00e8s-shampoing et laissez-la poser 4-5 minutes<br \/>\n4. Utilisez un masque et laissez poser toute la nuit<br \/>\n5. Rincez et enlevez l\u2019exc\u00e8s d\u2019eau \u00e0 l\u2019aide d\u2019une serviette<br \/>\n6. Laissez s\u00e9cher \u00e0 l&rsquo;air libre<br \/>\n7. Utilisez un <a href=\"https:\/\/thequeenshairperruque.fr\/index.php\/produit\/spray-protecteur-de-chaleur-100ml\/\">spray protecteur de chaleur<\/a> avant l&rsquo;utilisation d&rsquo;un fer \u00e0 lisser ou \u00e0 boucler<\/p>\n<hr \/>\n<p><strong>Protection de votre perruque:\u00a0<\/strong>Pour Ranger votre perruque privil\u00e9giez notre housse avec cintre en vente sur notre site\u00a0 \u00a0 <a href=\"https:\/\/thequeenshairperruque.fr\/index.php\/produit\/housse-cintre\/\"><img decoding=\"async\" class=\"alignnone wp-image-672\" src=\"https:\/\/thequeenshairperruque.fr\/wp-content\/uploads\/2023\/11\/housse-perruque-1-300x300.jpeg\" alt=\"housse avec cintre pour la protection de vos perruques\" width=\"70\" height=\"70\" srcset=\"https:\/\/thequeenshairperruque.fr\/wp-content\/uploads\/2023\/11\/housse-perruque-1-300x300.jpeg 300w, https:\/\/thequeenshairperruque.fr\/wp-content\/uploads\/2023\/11\/housse-perruque-1-150x150.jpeg 150w, https:\/\/thequeenshairperruque.fr\/wp-content\/uploads\/2023\/11\/housse-perruque-1-768x768.jpeg 768w, https:\/\/thequeenshairperruque.fr\/wp-content\/uploads\/2023\/11\/housse-perruque-1-600x600.jpeg 600w, https:\/\/thequeenshairperruque.fr\/wp-content\/uploads\/2023\/11\/housse-perruque-1-100x100.jpeg 100w, https:\/\/thequeenshairperruque.fr\/wp-content\/uploads\/2023\/11\/housse-perruque-1.jpeg 1000w\" sizes=\"(max-width: 70px) 100vw, 70px\" \/><\/a><\/p>\n<hr \/>\n<p><a href=\"https:\/\/wa.me\/message\/5PAEP6G4LAVXO1\"><img decoding=\"async\" class=\"alignnone wp-image-1094\" src=\"https:\/\/thequeenshairperruque.fr\/wp-content\/uploads\/2023\/12\/logo-whatsapp-1.png\" alt=\"LOGO WHATSAPP\" width=\"60\" height=\"60\" \/><\/a>\u00a0 \u00a0 \u00a0 \u00a0 \u00a0 \u00a0 \u00a0 \u00a0 \u00a0 \u00a0 \u00a0 \u00a0 \u00a0 <a href=\"https:\/\/www.facebook.com\/profile.php?id=61554580328651\"><img decoding=\"async\" class=\"wp-image-1286 alignnone\" src=\"https:\/\/thequeenshairperruque.fr\/wp-content\/uploads\/2024\/01\/logo-facebook.png\" alt=\"\" width=\"67\" height=\"60\" \/><\/a><\/p>\n","protected":false},"excerpt":{"rendered":"<ul>\n<li>\n<h6>Type de cheveux:\u00a0<em>Br\u00e9silien<\/em><\/h6>\n<\/li>\n<li>\n<h6>Type de lace: <em><strong>Full lace<\/strong><\/em><\/h6>\n<\/li>\n<li>\n<h6>Densit\u00e9: <strong><em>250<\/em><\/strong><\/h6>\n<\/li>\n<li>\n<h6>Couleur: <strong><em>Noir<\/em><\/strong><\/h6>\n<\/li>\n<li>\n<h6>100% cheveux Humain<\/h6>\n<\/li>\n<li>\n<h6>Taille:\u00a0 \u00a0-Au choix-<\/h6>\n<\/li>\n<\/ul>\n<p><a href=\"https:\/\/thequeenshairperruque.fr\/index.php\/produit\/perruque-body-wave-lelegance-12\/\"><img loading=\"lazy\" decoding=\"async\" class=\"alignnone wp-image-2509\" src=\"https:\/\/thequeenshairperruque.fr\/wp-content\/uploads\/2025\/02\/12-pouces-300x300.png\" alt=\"12pouces\" width=\"60\" height=\"60\" srcset=\"https:\/\/thequeenshairperruque.fr\/wp-content\/uploads\/2025\/02\/12-pouces-300x300.png 300w, https:\/\/thequeenshairperruque.fr\/wp-content\/uploads\/2025\/02\/12-pouces-150x150.png 150w, https:\/\/thequeenshairperruque.fr\/wp-content\/uploads\/2025\/02\/12-pouces-100x100.png 100w, https:\/\/thequeenshairperruque.fr\/wp-content\/uploads\/2025\/02\/12-pouces.png 500w\" sizes=\"(max-width: 60px) 100vw, 60px\" \/><\/a>\u00a0 \u00a0 \u00a0 <img loading=\"lazy\" decoding=\"async\" class=\"alignnone wp-image-2503\" src=\"https:\/\/thequeenshairperruque.fr\/wp-content\/uploads\/2025\/02\/14-pouces-300x300.png\" alt=\"14 pouces\" width=\"60\" height=\"60\" srcset=\"https:\/\/thequeenshairperruque.fr\/wp-content\/uploads\/2025\/02\/14-pouces-300x300.png 300w, https:\/\/thequeenshairperruque.fr\/wp-content\/uploads\/2025\/02\/14-pouces-150x150.png 150w, https:\/\/thequeenshairperruque.fr\/wp-content\/uploads\/2025\/02\/14-pouces-100x100.png 100w, https:\/\/thequeenshairperruque.fr\/wp-content\/uploads\/2025\/02\/14-pouces.png 500w\" sizes=\"(max-width: 60px) 100vw, 60px\" \/><\/p>\n<hr \/>\n<p><strong><em>Livraison gratuite &#8211; Colissimo 48h<\/em><\/strong><\/p>\n<p><em><strong>Paiement s\u00e9curis\u00e9<\/strong> \u00a0 \u00a0 \u00a0<img loading=\"lazy\" decoding=\"async\" class=\"alignnone wp-image-2713\" src=\"https:\/\/thequeenshairperruque.fr\/wp-content\/uploads\/2025\/08\/logo-paiement-securise-300x76.png\" alt=\"\" width=\"157\" height=\"40\" srcset=\"https:\/\/thequeenshairperruque.fr\/wp-content\/uploads\/2025\/08\/logo-paiement-securise-300x76.png 300w, https:\/\/thequeenshairperruque.fr\/wp-content\/uploads\/2025\/08\/logo-paiement-securise.png 598w\" sizes=\"(max-width: 157px) 100vw, 157px\" \/><\/em><\/p>\n<p><strong><em>E-mail: thequeenshair30@gmail.com<\/em><\/strong><\/p>\n","protected":false},"featured_media":2570,"comment_status":"open","ping_status":"closed","template":"","meta":{"_seopress_robots_primary_cat":"none","_seopress_titles_title":"Perruque body wave - l'\u00e9l\u00e9gance - 14\"","_seopress_titles_desc":"D\u00e9couvrez notre vaste gamme de perruques et d'accessoires\r\nTrouvez votre style en un clic sur notre site!\r\nCheveux 100% Humain. Perruque body wave - l'\u00e9l\u00e9gance - 14\"","_seopress_robots_index":"","site-sidebar-layout":"default","site-content-layout":"","ast-site-content-layout":"default","site-content-style":"default","site-sidebar-style":"default","ast-global-header-display":"","ast-banner-title-visibility":"","ast-main-header-display":"","ast-hfb-above-header-display":"","ast-hfb-below-header-display":"","ast-hfb-mobile-header-display":"","site-post-title":"","ast-breadcrumbs-content":"","ast-featured-img":"","footer-sml-layout":"","theme-transparent-header-meta":"default","adv-header-id-meta":"","stick-header-meta":"","header-above-stick-meta":"","header-main-stick-meta":"","header-below-stick-meta":"","astra-migrate-meta-layouts":"set","ast-page-background-enabled":"default","ast-page-background-meta":{"desktop":{"background-color":"var(--ast-global-color-4)","background-image":"","background-repeat":"repeat","background-position":"center center","background-size":"auto","background-attachment":"scroll","background-type":"","background-media":"","overlay-type":"","overlay-color":"","overlay-opacity":"","overlay-gradient":""},"tablet":{"background-color":"","background-image":"","background-repeat":"repeat","background-position":"center center","background-size":"auto","background-attachment":"scroll","background-type":"","background-media":"","overlay-type":"","overlay-color":"","overlay-opacity":"","overlay-gradient":""},"mobile":{"background-color":"","background-image":"","background-repeat":"repeat","background-position":"center center","background-size":"auto","background-attachment":"scroll","background-type":"","background-media":"","overlay-type":"","overlay-color":"","overlay-opacity":"","overlay-gradient":""}},"ast-content-background-meta":{"desktop":{"background-color":"var(--ast-global-color-5)","background-image":"","background-repeat":"repeat","background-position":"center center","background-size":"auto","background-attachment":"scroll","background-type":"","background-media":"","overlay-type":"","overlay-color":"","overlay-opacity":"","overlay-gradient":""},"tablet":{"background-color":"var(--ast-global-color-5)","background-image":"","background-repeat":"repeat","background-position":"center center","background-size":"auto","background-attachment":"scroll","background-type":"","background-media":"","overlay-type":"","overlay-color":"","overlay-opacity":"","overlay-gradient":""},"mobile":{"background-color":"var(--ast-global-color-5)","background-image":"","background-repeat":"repeat","background-position":"center center","background-size":"auto","background-attachment":"scroll","background-type":"","background-media":"","overlay-type":"","overlay-color":"","overlay-opacity":"","overlay-gradient":""}}},"product_brand":[],"product_cat":[42],"product_tag":[],"class_list":{"0":"post-2438","1":"product","2":"type-product","3":"status-publish","4":"has-post-thumbnail","6":"product_cat-perruque-v","7":"desktop-align-left","8":"tablet-align-left","9":"mobile-align-left","11":"first","12":"onbackorder","13":"shipping-taxable","14":"purchasable","15":"product-type-simple"},"jetpack_sharing_enabled":true,"_links":{"self":[{"href":"https:\/\/thequeenshairperruque.fr\/index.php\/wp-json\/wp\/v2\/product\/2438","targetHints":{"allow":["GET"]}}],"collection":[{"href":"https:\/\/thequeenshairperruque.fr\/index.php\/wp-json\/wp\/v2\/product"}],"about":[{"href":"https:\/\/thequeenshairperruque.fr\/index.php\/wp-json\/wp\/v2\/types\/product"}],"replies":[{"embeddable":true,"href":"https:\/\/thequeenshairperruque.fr\/index.php\/wp-json\/wp\/v2\/comments?post=2438"}],"wp:featuredmedia":[{"embeddable":true,"href":"https:\/\/thequeenshairperruque.fr\/index.php\/wp-json\/wp\/v2\/media\/2570"}],"wp:attachment":[{"href":"https:\/\/thequeenshairperruque.fr\/index.php\/wp-json\/wp\/v2\/media?parent=2438"}],"wp:term":[{"taxonomy":"product_brand","embeddable":true,"href":"https:\/\/thequeenshairperruque.fr\/index.php\/wp-json\/wp\/v2\/product_brand?post=2438"},{"taxonomy":"product_cat","embeddable":true,"href":"https:\/\/thequeenshairperruque.fr\/index.php\/wp-json\/wp\/v2\/product_cat?post=2438"},{"taxonomy":"product_tag","embeddable":true,"href":"https:\/\/thequeenshairperruque.fr\/index.php\/wp-json\/wp\/v2\/product_tag?post=2438"}],"curies":[{"name":"wp","href":"https:\/\/api.w.org\/{rel}","templated":true}]}}