{"id":2381,"date":"2024-12-13T10:47:11","date_gmt":"2024-12-13T09:47:11","guid":{"rendered":"https:\/\/thequeenshairperruque.fr\/?post_type=product&#038;p=2381"},"modified":"2025-02-16T15:59:33","modified_gmt":"2025-02-16T14:59:33","slug":"rouge-a-levres-the-queen-beauty","status":"publish","type":"product","link":"https:\/\/thequeenshairperruque.fr\/index.php\/produit\/rouge-a-levres-the-queen-beauty\/","title":{"rendered":"Rouge \u00e0 l\u00e8vres &#8211; The Queen beauty"},"content":{"rendered":"<div style=\"width: 1080px;\" class=\"wp-video\"><video class=\"wp-video-shortcode\" id=\"video-2381-1\" width=\"1080\" height=\"1080\" preload=\"metadata\" controls=\"controls\"><source type=\"video\/mp4\" src=\"https:\/\/thequeenshairperruque.fr\/wp-content\/uploads\/2024\/12\/2-posts-4.mp4?_=1\" \/><a href=\"https:\/\/thequeenshairperruque.fr\/wp-content\/uploads\/2024\/12\/2-posts-4.mp4\">https:\/\/thequeenshairperruque.fr\/wp-content\/uploads\/2024\/12\/2-posts-4.mp4<\/a><\/video><\/div>\n<p>A vous la couleur et les l\u00e8vres \u00e0 croquer gr\u00e2ce au rouge \u00e0 l\u00e8vres de la gamme THE QUEEN BEAUTY! D\u00e9clin\u00e9 dans 08 coloris, ce rouge \u00e0 l\u00e8vres\u00a0 vous fera une bouche \u00e0 croquer en un seul passage gr\u00e2ce \u00e0 sa formule cr\u00e9meuse et bien pigment\u00e9e. Le rouge \u00e0 l\u00e8vres\u00a0 offre un fini satin\u00e9 et longue tenue qui lisse et regalbe les l\u00e8vres tout en pr\u00e9servant leur hydratation. Couleurs naturelles, intenses ou fonc\u00e9es.<\/p>\n<hr \/>\n<p><strong>Frais de livraison 4.95\u20ac gratuit d\u00e8s 35\u20ac d&rsquo;achat<\/strong><\/p>\n<hr \/>\n<h2 class=\"cms-textimg--title\">Comment appliquer notre\u00a0<span class=\"sub\">Rouge \u00e0 l\u00e8vres ?<\/span><\/h2>\n<p>Appliquez votre rouge \u00e0 l\u00e8vres\u00a0 \u00e0 l&rsquo;aide d&rsquo;un pinceau ou directement au raisin sur vos l\u00e8vres. Gr\u00e2ce \u00e0 sa formule intens\u00e9ment pigment\u00e9e, le rouge a l\u00e8vres d\u00e9livre une couleur intense d\u00e8s le premier passage. Vous pouvez l&rsquo;utiliser seul ou compl\u00e9ter d&rsquo;une touche de gloss pour apporter un effet de volume \u00e0 vos l\u00e8vres.<\/p>\n<hr \/>\n<h4>Nos r\u00e9seaux sociaux:<\/h4>\n<p>&nbsp;<\/p>\n<p><a href=\"https:\/\/wa.me\/message\/5PAEP6G4LAVXO1\"><img decoding=\"async\" class=\"alignnone wp-image-1094\" src=\"https:\/\/thequeenshairperruque.fr\/wp-content\/uploads\/2023\/12\/logo-whatsapp-1.png\" alt=\"LOGO WHATSAPP\" width=\"60\" height=\"60\" \/><\/a>\u00a0 \u00a0 \u00a0 \u00a0 \u00a0 \u00a0 \u00a0 \u00a0 \u00a0 \u00a0 \u00a0 \u00a0 \u00a0 <a href=\"https:\/\/www.facebook.com\/profile.php?id=61554580328651\"><img decoding=\"async\" class=\"alignnone wp-image-1286\" src=\"https:\/\/thequeenshairperruque.fr\/wp-content\/uploads\/2024\/01\/logo-facebook.png\" alt=\"logo face book\" width=\"67\" height=\"60\" \/><\/a><\/p>\n","protected":false},"excerpt":{"rendered":"<hr \/>\n<h4>Quantit\u00e9 3,8 Gr<\/h4>\n<hr \/>\n<p>&nbsp;<\/p>\n<p>&nbsp;<\/p>\n","protected":false},"featured_media":2473,"comment_status":"open","ping_status":"closed","template":"","meta":{"_seopress_robots_primary_cat":"none","_seopress_titles_title":"Rouge \u00e0 l\u00e8vres - The Queen beauty","_seopress_titles_desc":"Rouge \u00e0 l\u00e8vres - The Queen beauty  - D\u00e9couvrez notre vaste gamme de produits. Trouvez votre style en un clic sur notre site!","_seopress_robots_index":"","site-sidebar-layout":"default","site-content-layout":"","ast-site-content-layout":"default","site-content-style":"default","site-sidebar-style":"default","ast-global-header-display":"","ast-banner-title-visibility":"","ast-main-header-display":"","ast-hfb-above-header-display":"","ast-hfb-below-header-display":"","ast-hfb-mobile-header-display":"","site-post-title":"","ast-breadcrumbs-content":"","ast-featured-img":"","footer-sml-layout":"","theme-transparent-header-meta":"default","adv-header-id-meta":"","stick-header-meta":"","header-above-stick-meta":"","header-main-stick-meta":"","header-below-stick-meta":"","astra-migrate-meta-layouts":"set","ast-page-background-enabled":"default","ast-page-background-meta":{"desktop":{"background-color":"var(--ast-global-color-4)","background-image":"","background-repeat":"repeat","background-position":"center center","background-size":"auto","background-attachment":"scroll","background-type":"","background-media":"","overlay-type":"","overlay-color":"","overlay-opacity":"","overlay-gradient":""},"tablet":{"background-color":"","background-image":"","background-repeat":"repeat","background-position":"center center","background-size":"auto","background-attachment":"scroll","background-type":"","background-media":"","overlay-type":"","overlay-color":"","overlay-opacity":"","overlay-gradient":""},"mobile":{"background-color":"","background-image":"","background-repeat":"repeat","background-position":"center center","background-size":"auto","background-attachment":"scroll","background-type":"","background-media":"","overlay-type":"","overlay-color":"","overlay-opacity":"","overlay-gradient":""}},"ast-content-background-meta":{"desktop":{"background-color":"var(--ast-global-color-5)","background-image":"","background-repeat":"repeat","background-position":"center center","background-size":"auto","background-attachment":"scroll","background-type":"","background-media":"","overlay-type":"","overlay-color":"","overlay-opacity":"","overlay-gradient":""},"tablet":{"background-color":"var(--ast-global-color-5)","background-image":"","background-repeat":"repeat","background-position":"center center","background-size":"auto","background-attachment":"scroll","background-type":"","background-media":"","overlay-type":"","overlay-color":"","overlay-opacity":"","overlay-gradient":""},"mobile":{"background-color":"var(--ast-global-color-5)","background-image":"","background-repeat":"repeat","background-position":"center center","background-size":"auto","background-attachment":"scroll","background-type":"","background-media":"","overlay-type":"","overlay-color":"","overlay-opacity":"","overlay-gradient":""}}},"product_brand":[],"product_cat":[62],"product_tag":[],"class_list":{"0":"post-2381","1":"product","2":"type-product","3":"status-publish","4":"has-post-thumbnail","6":"product_cat-maquillage-parfums","7":"desktop-align-left","8":"tablet-align-left","9":"mobile-align-left","11":"first","12":"instock","13":"shipping-taxable","14":"purchasable","15":"product-type-variable"},"jetpack_sharing_enabled":true,"_links":{"self":[{"href":"https:\/\/thequeenshairperruque.fr\/index.php\/wp-json\/wp\/v2\/product\/2381","targetHints":{"allow":["GET"]}}],"collection":[{"href":"https:\/\/thequeenshairperruque.fr\/index.php\/wp-json\/wp\/v2\/product"}],"about":[{"href":"https:\/\/thequeenshairperruque.fr\/index.php\/wp-json\/wp\/v2\/types\/product"}],"replies":[{"embeddable":true,"href":"https:\/\/thequeenshairperruque.fr\/index.php\/wp-json\/wp\/v2\/comments?post=2381"}],"wp:featuredmedia":[{"embeddable":true,"href":"https:\/\/thequeenshairperruque.fr\/index.php\/wp-json\/wp\/v2\/media\/2473"}],"wp:attachment":[{"href":"https:\/\/thequeenshairperruque.fr\/index.php\/wp-json\/wp\/v2\/media?parent=2381"}],"wp:term":[{"taxonomy":"product_brand","embeddable":true,"href":"https:\/\/thequeenshairperruque.fr\/index.php\/wp-json\/wp\/v2\/product_brand?post=2381"},{"taxonomy":"product_cat","embeddable":true,"href":"https:\/\/thequeenshairperruque.fr\/index.php\/wp-json\/wp\/v2\/product_cat?post=2381"},{"taxonomy":"product_tag","embeddable":true,"href":"https:\/\/thequeenshairperruque.fr\/index.php\/wp-json\/wp\/v2\/product_tag?post=2381"}],"curies":[{"name":"wp","href":"https:\/\/api.w.org\/{rel}","templated":true}]}}