{"id":2087,"date":"2024-08-27T18:25:13","date_gmt":"2024-08-27T16:25:13","guid":{"rendered":"https:\/\/thequeenshairperruque.fr\/?post_type=product&#038;p=2087"},"modified":"2024-10-12T17:53:14","modified_gmt":"2024-10-12T15:53:14","slug":"blush-en-stick-love-the-queen-beauty-raisin","status":"publish","type":"product","link":"https:\/\/thequeenshairperruque.fr\/index.php\/produit\/blush-en-stick-love-the-queen-beauty-raisin\/","title":{"rendered":"Blush en stick &#8211; LOVE &#8211; The Queen beauty &#8211; Raisin"},"content":{"rendered":"<p>The Queen Beauty lance sa gamme de blush en stick &#8211; LOVE\u00a0 6ml, teinte raisin, qui fond sur la peau pour cr\u00e9er une teinte naturelle et lumineuse au fini impeccable. L\u2019<strong>effet est modulable<\/strong>\u00a0selon le rendu souhait\u00e9\u202f! Vous pouvez mettre une petite touche de blush si vous souhaitez un maquillage discret ou bien l\u2019appliquer en plus grande pour un rendu plus intense. Le blush en stick a \u00e9t\u00e9 soigneusement \u00e9tudi\u00e9 pour<strong>\u00a0booster l\u2019\u00e9clat du teint<\/strong>\u00a0et\u00a0<strong>refl\u00e9ter la lumi\u00e8re<\/strong>\u00a0pour un\u00a0<strong>effet wow<\/strong>\u202f!<\/p>\n<hr \/>\n<p><strong>Frais de livraison 4.95\u20ac gratuit d\u00e8s 35\u20ac d&rsquo;achat<\/strong><\/p>\n<hr \/>\n<h2 class=\"cms-textimg--title\">Comment appliquer notre\u00a0<span class=\"sub\">blush en stick ?<\/span><\/h2>\n<p>&nbsp;<\/p>\n<p>Notre blush cr\u00e8me stick est\u00a0<strong>\u00e0 appliquer apr\u00e8s avoir maquill\u00e9 et unifi\u00e9 votre teint<\/strong>\u00a0c\u2019est-\u00e0-dire apr\u00e8s votre fond de teint, BB cr\u00e8me, CC cr\u00e8me, correcteur ou poudre. Appliquez-le\u00a0<strong>sur les pommettes en remontant vers les tempes<\/strong>.\u00a0<strong>Estompez\u00a0<\/strong>ensuite la texture avec un\u00a0<strong>beauty blender<\/strong>, un<strong>\u00a0pinceau plat\u00a0<\/strong>ou \u00e0 l\u2019aide de vos doigts. Vous pouvez \u00e9galement utiliser votre blush en stick\u00a0<strong>sur les l\u00e8vres\u00a0<\/strong>ou\u00a0<strong>m\u00eame sur les paupi\u00e8res<\/strong>\u00a0comme fards \u00e0 paupi\u00e8re.<\/p>\n<hr \/>\n<h4>Nos r\u00e9seaux sociaux:<\/h4>\n<p>&nbsp;<\/p>\n<p><a href=\"https:\/\/wa.me\/message\/5PAEP6G4LAVXO1\"><img decoding=\"async\" class=\"alignnone wp-image-1094\" src=\"https:\/\/thequeenshairperruque.fr\/wp-content\/uploads\/2023\/12\/logo-whatsapp-1.png\" alt=\"LOGO WHATSAPP\" width=\"60\" height=\"60\" \/><\/a>\u00a0 \u00a0 \u00a0 \u00a0 \u00a0 \u00a0 \u00a0 \u00a0 \u00a0 \u00a0 \u00a0 \u00a0 \u00a0 <a href=\"https:\/\/www.facebook.com\/profile.php?id=61554580328651\"><img decoding=\"async\" class=\"wp-image-1286 alignnone\" src=\"https:\/\/thequeenshairperruque.fr\/wp-content\/uploads\/2024\/01\/logo-facebook.png\" alt=\"\" width=\"67\" height=\"60\" \/><\/a><\/p>\n<p>&nbsp;<\/p>\n<p>&nbsp;<\/p>\n<p>&nbsp;<\/p>\n","protected":false},"excerpt":{"rendered":"<hr \/>\n<h4>Quantit\u00e9 10 Gr<\/h4>\n<hr \/>\n<h4>Autres teintes (4)<\/h4>\n<p>&nbsp;<\/p>\n<h4><a href=\"https:\/\/thequeenshairperruque.fr\/index.php\/produit\/blush-en-stick-love-the-queen-beauty-grenadine\/\"><img decoding=\"async\" class=\"alignnone wp-image-2073\" src=\"https:\/\/thequeenshairperruque.fr\/wp-content\/uploads\/2024\/07\/Grenadine.png\" alt=\"\" width=\"35\" height=\"35\" \/><\/a>\u00a0 \u00a0 \u00a0 \u00a0 <a href=\"https:\/\/thequeenshairperruque.fr\/index.php\/produit\/blush-en-stick-love-the-queen-beauty-grenadine\/\">Grenadine<\/a><\/h4>\n<h4><img loading=\"lazy\" decoding=\"async\" class=\"alignnone wp-image-2074\" src=\"https:\/\/thequeenshairperruque.fr\/wp-content\/uploads\/2024\/07\/Raisin.png\" alt=\"\" width=\"35\" height=\"35\" \/>\u00a0 \u00a0 \u00a0 \u00a0 Raisin<\/h4>\n<h4><a href=\"https:\/\/thequeenshairperruque.fr\/index.php\/produit\/blush-en-stick-love-the-queen-beauty-strawberry\/\"><img loading=\"lazy\" decoding=\"async\" class=\"alignnone wp-image-2075\" src=\"https:\/\/thequeenshairperruque.fr\/wp-content\/uploads\/2024\/07\/strawberry.png\" alt=\"\" width=\"35\" height=\"35\" \/><\/a>\u00a0 \u00a0 \u00a0 \u00a0 <a href=\"https:\/\/thequeenshairperruque.fr\/index.php\/produit\/blush-en-stick-love-the-queen-beauty-strawberry\/\">Strawberry<\/a><\/h4>\n<h4><a href=\"https:\/\/thequeenshairperruque.fr\/index.php\/produit\/blush-en-stick-love-sunset-the-queen-beauty\/\"><img loading=\"lazy\" decoding=\"async\" class=\"alignnone wp-image-2072\" src=\"https:\/\/thequeenshairperruque.fr\/wp-content\/uploads\/2024\/07\/Crepuscule.png\" alt=\"Blush en stick crespuscule the queen beauty\" width=\"35\" height=\"35\" \/><\/a>\u00a0 \u00a0 \u00a0 \u00a0 <a href=\"https:\/\/thequeenshairperruque.fr\/index.php\/produit\/blush-en-stick-love-sunset-the-queen-beauty\/\">Cr\u00e9puscule<\/a><\/h4>\n<p><!--more--><\/p>\n<p>&nbsp;<\/p>\n","protected":false},"featured_media":2237,"comment_status":"open","ping_status":"closed","template":"","meta":{"_seopress_robots_primary_cat":"none","_seopress_titles_title":"Blush en stick - LOVE - The Queen beauty - Raisin","_seopress_titles_desc":"Blush en stick - LOVE - The Queen beauty - Raisin - D\u00e9couvrez notre vaste gamme de produits. Trouvez votre style en un clic sur notre site!","_seopress_robots_index":"","site-sidebar-layout":"default","site-content-layout":"","ast-site-content-layout":"default","site-content-style":"default","site-sidebar-style":"default","ast-global-header-display":"","ast-banner-title-visibility":"","ast-main-header-display":"","ast-hfb-above-header-display":"","ast-hfb-below-header-display":"","ast-hfb-mobile-header-display":"","site-post-title":"","ast-breadcrumbs-content":"","ast-featured-img":"","footer-sml-layout":"","theme-transparent-header-meta":"default","adv-header-id-meta":"","stick-header-meta":"","header-above-stick-meta":"","header-main-stick-meta":"","header-below-stick-meta":"","astra-migrate-meta-layouts":"set","ast-page-background-enabled":"default","ast-page-background-meta":{"desktop":{"background-color":"var(--ast-global-color-4)","background-image":"","background-repeat":"repeat","background-position":"center center","background-size":"auto","background-attachment":"scroll","background-type":"","background-media":"","overlay-type":"","overlay-color":"","overlay-opacity":"","overlay-gradient":""},"tablet":{"background-color":"","background-image":"","background-repeat":"repeat","background-position":"center center","background-size":"auto","background-attachment":"scroll","background-type":"","background-media":"","overlay-type":"","overlay-color":"","overlay-opacity":"","overlay-gradient":""},"mobile":{"background-color":"","background-image":"","background-repeat":"repeat","background-position":"center center","background-size":"auto","background-attachment":"scroll","background-type":"","background-media":"","overlay-type":"","overlay-color":"","overlay-opacity":"","overlay-gradient":""}},"ast-content-background-meta":{"desktop":{"background-color":"var(--ast-global-color-5)","background-image":"","background-repeat":"repeat","background-position":"center center","background-size":"auto","background-attachment":"scroll","background-type":"","background-media":"","overlay-type":"","overlay-color":"","overlay-opacity":"","overlay-gradient":""},"tablet":{"background-color":"var(--ast-global-color-5)","background-image":"","background-repeat":"repeat","background-position":"center center","background-size":"auto","background-attachment":"scroll","background-type":"","background-media":"","overlay-type":"","overlay-color":"","overlay-opacity":"","overlay-gradient":""},"mobile":{"background-color":"var(--ast-global-color-5)","background-image":"","background-repeat":"repeat","background-position":"center center","background-size":"auto","background-attachment":"scroll","background-type":"","background-media":"","overlay-type":"","overlay-color":"","overlay-opacity":"","overlay-gradient":""}}},"product_brand":[],"product_cat":[62],"product_tag":[],"class_list":{"0":"post-2087","1":"product","2":"type-product","3":"status-publish","4":"has-post-thumbnail","6":"product_cat-maquillage-parfums","7":"desktop-align-left","8":"tablet-align-left","9":"mobile-align-left","11":"first","12":"instock","13":"shipping-taxable","14":"purchasable","15":"product-type-simple"},"jetpack_sharing_enabled":true,"_links":{"self":[{"href":"https:\/\/thequeenshairperruque.fr\/index.php\/wp-json\/wp\/v2\/product\/2087","targetHints":{"allow":["GET"]}}],"collection":[{"href":"https:\/\/thequeenshairperruque.fr\/index.php\/wp-json\/wp\/v2\/product"}],"about":[{"href":"https:\/\/thequeenshairperruque.fr\/index.php\/wp-json\/wp\/v2\/types\/product"}],"replies":[{"embeddable":true,"href":"https:\/\/thequeenshairperruque.fr\/index.php\/wp-json\/wp\/v2\/comments?post=2087"}],"wp:featuredmedia":[{"embeddable":true,"href":"https:\/\/thequeenshairperruque.fr\/index.php\/wp-json\/wp\/v2\/media\/2237"}],"wp:attachment":[{"href":"https:\/\/thequeenshairperruque.fr\/index.php\/wp-json\/wp\/v2\/media?parent=2087"}],"wp:term":[{"taxonomy":"product_brand","embeddable":true,"href":"https:\/\/thequeenshairperruque.fr\/index.php\/wp-json\/wp\/v2\/product_brand?post=2087"},{"taxonomy":"product_cat","embeddable":true,"href":"https:\/\/thequeenshairperruque.fr\/index.php\/wp-json\/wp\/v2\/product_cat?post=2087"},{"taxonomy":"product_tag","embeddable":true,"href":"https:\/\/thequeenshairperruque.fr\/index.php\/wp-json\/wp\/v2\/product_tag?post=2087"}],"curies":[{"name":"wp","href":"https:\/\/api.w.org\/{rel}","templated":true}]}}