{"id":2040,"date":"2024-08-25T18:22:34","date_gmt":"2024-08-25T16:22:34","guid":{"rendered":"https:\/\/thequeenshairperruque.fr\/?post_type=product&#038;p=2040"},"modified":"2025-09-07T17:34:38","modified_gmt":"2025-09-07T15:34:38","slug":"rouge-a-levres-liquide-mat-the-queen-beauty-tomato-1","status":"publish","type":"product","link":"https:\/\/thequeenshairperruque.fr\/index.php\/produit\/rouge-a-levres-liquide-mat-the-queen-beauty-tomato-1\/","title":{"rendered":"Rouge \u00e0 l\u00e8vres liquide mat The Queen Beauty &#8211; Tomato &#8211; 1"},"content":{"rendered":"<p>Confortable et longue tenue, ce rouge \u00e0 l\u00e8vres liquide mat The Queen Beauty est dot\u00e9 d&rsquo;un applicateur pr\u00e9cis qui facilite sa pose. Sa formule riche en pigments d\u00e9livre une couleur opaque et uniforme, avec un r\u00e9sultat. D\u00e9clin\u00e9 dans plusieurs coloris tendance pour flatter toutes les carnations, c&rsquo;est le lipstick mat id\u00e9al pour un maquillage des l\u00e8vres qui tient pendant des heures !<\/p>\n<hr \/>\n<header class=\"Popup-Header\">\n<h3 class=\"Popup-Heading\">Conseils d&rsquo;utilisation<\/h3>\n<p>Appliquez sur les l\u00e8vres de mani\u00e8re uniforme et laissez s\u00e9cher quelques instants avant de boire ou de manger.<\/p>\n<\/header>\n<hr \/>\n<p><strong>Frais de livraison 4.95\u20ac gratuit d\u00e8s 35\u20ac d&rsquo;achat<\/strong><\/p>\n","protected":false},"excerpt":{"rendered":"<hr \/>\n<h5>Quantit\u00e9: 6ml<\/h5>\n<p>&nbsp;<\/p>\n<hr \/>\n<h4>Autres Teintes (6)<\/h4>\n<p>&nbsp;<\/p>\n<h4><a href=\"https:\/\/thequeenshairperruque.fr\/index.php\/produit\/rouge-a-levres-liquide-mat-the-queen-beauty-bombay-brawn-24\/\"><img decoding=\"async\" class=\"alignnone wp-image-2044\" src=\"https:\/\/thequeenshairperruque.fr\/wp-content\/uploads\/2024\/08\/bombay-brawn.jpeg\" alt=\"\" width=\"35\" height=\"35\" \/><\/a>\u00a0 \u00a0 \u00a0 \u00a0 <a href=\"https:\/\/thequeenshairperruque.fr\/index.php\/produit\/rouge-a-levres-liquide-mat-the-queen-beauty-bombay-brawn-24\/\">Bombay Brawn<\/a><\/h4>\n<h4><a href=\"https:\/\/thequeenshairperruque.fr\/index.php\/produit\/rouge-a-levres-liquide-mat-the-queen-beauty-fresh-saumon-04\/\"><img decoding=\"async\" class=\"alignnone wp-image-2045\" src=\"https:\/\/thequeenshairperruque.fr\/wp-content\/uploads\/2024\/08\/fresh-saumon.jpeg\" alt=\"\" width=\"35\" height=\"35\" \/><\/a>\u00a0 \u00a0 \u00a0 \u00a0 <a href=\"https:\/\/thequeenshairperruque.fr\/index.php\/produit\/rouge-a-levres-liquide-mat-the-queen-beauty-fresh-saumon-04\/\">Fresh Saumon<\/a><\/h4>\n<h4><a href=\"https:\/\/thequeenshairperruque.fr\/index.php\/produit\/rouge-a-levres-liquide-mat-the-queen-beauty-molten-lava-02\/\"><img decoding=\"async\" class=\"alignnone wp-image-2046\" src=\"https:\/\/thequeenshairperruque.fr\/wp-content\/uploads\/2024\/08\/molten-lava.jpeg\" alt=\"\" width=\"35\" height=\"35\" \/><\/a>\u00a0 \u00a0 \u00a0 \u00a0 <a href=\"https:\/\/thequeenshairperruque.fr\/index.php\/produit\/rouge-a-levres-liquide-mat-the-queen-beauty-molten-lava-02\/\">Molten Lava<\/a><\/h4>\n<h4><a href=\"https:\/\/thequeenshairperruque.fr\/index.php\/produit\/rouge-a-levres-liquide-mat-the-queen-beauty-peach-pink-05\/\"><img loading=\"lazy\" decoding=\"async\" class=\"alignnone wp-image-2047\" src=\"https:\/\/thequeenshairperruque.fr\/wp-content\/uploads\/2024\/08\/peach-pink.jpeg\" alt=\"\" width=\"35\" height=\"35\" \/><\/a>\u00a0 \u00a0 \u00a0 \u00a0 <a href=\"https:\/\/thequeenshairperruque.fr\/index.php\/produit\/rouge-a-levres-liquide-mat-the-queen-beauty-peach-pink-05\/\">Peach Pink<\/a><\/h4>\n<h4><a href=\"https:\/\/thequeenshairperruque.fr\/index.php\/produit\/rouge-a-levres-liquide-mat-the-queen-beauty-rosewood-17\/\"><img loading=\"lazy\" decoding=\"async\" class=\"alignnone wp-image-2048\" src=\"https:\/\/thequeenshairperruque.fr\/wp-content\/uploads\/2024\/08\/rosewood.jpeg\" alt=\"\" width=\"35\" height=\"35\" \/><\/a>\u00a0 \u00a0 \u00a0 \u00a0 <a href=\"https:\/\/thequeenshairperruque.fr\/index.php\/produit\/rouge-a-levres-liquide-mat-the-queen-beauty-rosewood-17\/\">Rosewood<\/a><\/h4>\n<h4><img loading=\"lazy\" decoding=\"async\" class=\"alignnone wp-image-2049\" src=\"https:\/\/thequeenshairperruque.fr\/wp-content\/uploads\/2024\/08\/tomato.jpeg\" alt=\"\" width=\"35\" height=\"35\" \/>\u00a0 \u00a0 \u00a0 \u00a0 Tomato<\/h4>\n<p>&nbsp;<\/p>\n<hr \/>\n<p><strong><em>Livraison gratuite d\u00e8s 35\u20ac d&rsquo;achat &#8211; Colissimo 48h<\/em><\/strong><\/p>\n<p><em><strong>Paiement s\u00e9curis\u00e9<\/strong> \u00a0 \u00a0 \u00a0<img loading=\"lazy\" decoding=\"async\" class=\"alignnone wp-image-2713\" src=\"https:\/\/thequeenshairperruque.fr\/wp-content\/uploads\/2025\/08\/logo-paiement-securise-300x76.png\" alt=\"\" width=\"157\" height=\"40\" srcset=\"https:\/\/thequeenshairperruque.fr\/wp-content\/uploads\/2025\/08\/logo-paiement-securise-300x76.png 300w, https:\/\/thequeenshairperruque.fr\/wp-content\/uploads\/2025\/08\/logo-paiement-securise.png 598w\" sizes=\"(max-width: 157px) 100vw, 157px\" \/><\/em><\/p>\n<p><strong><em>E-mail: thequeenshair30@gmail.com<\/em><\/strong><\/p>\n<p>&nbsp;<\/p>\n","protected":false},"featured_media":2041,"comment_status":"open","ping_status":"closed","template":"","meta":{"_seopress_robots_primary_cat":"none","_seopress_titles_title":"Rouge \u00e0 l\u00e8vres liquide mat The Queen Beauty - Tomato - 1","_seopress_titles_desc":"Rouge \u00e0 l\u00e8vres liquide mat The Queen Beauty - Tomato - 1 - D\u00e9couvrez notre vaste gamme de produits. Trouvez votre style en un clic sur notre site!","_seopress_robots_index":"","site-sidebar-layout":"default","site-content-layout":"","ast-site-content-layout":"default","site-content-style":"default","site-sidebar-style":"default","ast-global-header-display":"","ast-banner-title-visibility":"","ast-main-header-display":"","ast-hfb-above-header-display":"","ast-hfb-below-header-display":"","ast-hfb-mobile-header-display":"","site-post-title":"","ast-breadcrumbs-content":"","ast-featured-img":"","footer-sml-layout":"","theme-transparent-header-meta":"default","adv-header-id-meta":"","stick-header-meta":"","header-above-stick-meta":"","header-main-stick-meta":"","header-below-stick-meta":"","astra-migrate-meta-layouts":"set","ast-page-background-enabled":"default","ast-page-background-meta":{"desktop":{"background-color":"var(--ast-global-color-4)","background-image":"","background-repeat":"repeat","background-position":"center center","background-size":"auto","background-attachment":"scroll","background-type":"","background-media":"","overlay-type":"","overlay-color":"","overlay-opacity":"","overlay-gradient":""},"tablet":{"background-color":"","background-image":"","background-repeat":"repeat","background-position":"center center","background-size":"auto","background-attachment":"scroll","background-type":"","background-media":"","overlay-type":"","overlay-color":"","overlay-opacity":"","overlay-gradient":""},"mobile":{"background-color":"","background-image":"","background-repeat":"repeat","background-position":"center center","background-size":"auto","background-attachment":"scroll","background-type":"","background-media":"","overlay-type":"","overlay-color":"","overlay-opacity":"","overlay-gradient":""}},"ast-content-background-meta":{"desktop":{"background-color":"var(--ast-global-color-5)","background-image":"","background-repeat":"repeat","background-position":"center center","background-size":"auto","background-attachment":"scroll","background-type":"","background-media":"","overlay-type":"","overlay-color":"","overlay-opacity":"","overlay-gradient":""},"tablet":{"background-color":"var(--ast-global-color-5)","background-image":"","background-repeat":"repeat","background-position":"center center","background-size":"auto","background-attachment":"scroll","background-type":"","background-media":"","overlay-type":"","overlay-color":"","overlay-opacity":"","overlay-gradient":""},"mobile":{"background-color":"var(--ast-global-color-5)","background-image":"","background-repeat":"repeat","background-position":"center center","background-size":"auto","background-attachment":"scroll","background-type":"","background-media":"","overlay-type":"","overlay-color":"","overlay-opacity":"","overlay-gradient":""}}},"product_brand":[],"product_cat":[62],"product_tag":[],"class_list":{"0":"post-2040","1":"product","2":"type-product","3":"status-publish","4":"has-post-thumbnail","6":"product_cat-maquillage-parfums","7":"desktop-align-left","8":"tablet-align-left","9":"mobile-align-left","11":"first","12":"instock","13":"shipping-taxable","14":"purchasable","15":"product-type-simple"},"jetpack_sharing_enabled":true,"_links":{"self":[{"href":"https:\/\/thequeenshairperruque.fr\/index.php\/wp-json\/wp\/v2\/product\/2040","targetHints":{"allow":["GET"]}}],"collection":[{"href":"https:\/\/thequeenshairperruque.fr\/index.php\/wp-json\/wp\/v2\/product"}],"about":[{"href":"https:\/\/thequeenshairperruque.fr\/index.php\/wp-json\/wp\/v2\/types\/product"}],"replies":[{"embeddable":true,"href":"https:\/\/thequeenshairperruque.fr\/index.php\/wp-json\/wp\/v2\/comments?post=2040"}],"wp:featuredmedia":[{"embeddable":true,"href":"https:\/\/thequeenshairperruque.fr\/index.php\/wp-json\/wp\/v2\/media\/2041"}],"wp:attachment":[{"href":"https:\/\/thequeenshairperruque.fr\/index.php\/wp-json\/wp\/v2\/media?parent=2040"}],"wp:term":[{"taxonomy":"product_brand","embeddable":true,"href":"https:\/\/thequeenshairperruque.fr\/index.php\/wp-json\/wp\/v2\/product_brand?post=2040"},{"taxonomy":"product_cat","embeddable":true,"href":"https:\/\/thequeenshairperruque.fr\/index.php\/wp-json\/wp\/v2\/product_cat?post=2040"},{"taxonomy":"product_tag","embeddable":true,"href":"https:\/\/thequeenshairperruque.fr\/index.php\/wp-json\/wp\/v2\/product_tag?post=2040"}],"curies":[{"name":"wp","href":"https:\/\/api.w.org\/{rel}","templated":true}]}}