{"id":1942,"date":"2024-08-24T18:33:49","date_gmt":"2024-08-24T16:33:49","guid":{"rendered":"https:\/\/thequeenshairperruque.fr\/?post_type=product&#038;p=1942"},"modified":"2024-08-24T19:07:01","modified_gmt":"2024-08-24T17:07:01","slug":"fond-de-teint-liquide-the-queen-beauty-natural-ivory-05","status":"publish","type":"product","link":"https:\/\/thequeenshairperruque.fr\/index.php\/produit\/fond-de-teint-liquide-the-queen-beauty-natural-ivory-05\/","title":{"rendered":"Fond de teint liquide &#8211; The Queen beauty &#8211; Natural Ivory &#8211; 05"},"content":{"rendered":"<p>The Queen Beauty lance sa gamme de fond de teint liquide ! Disponible en 9 teintes, la texture de ce fond de teint se fond \u00e0 votre peau et offre une couvrance naturelle sans d\u00e9marcation. la peau est visiblement plus lisse et \u00e9clatante de beaut\u00e9. Ce fond de teint est \u00e9galement protecteur : SPF10<\/p>\n<hr \/>\n<p>Appliquez quelques gouttes directement sur le visage ou sur le dos de la main.\u00a0R\u00e9partissez uniform\u00e9ment sur le visage avec un pinceau ou une \u00e9ponge blender humide.<\/p>\n<hr \/>\n<p><strong>Frais de livraison 4.95\u20ac gratuit d\u00e8s 35\u20ac d&rsquo;achat<\/strong><\/p>\n<p>&nbsp;<\/p>\n<p>&nbsp;<\/p>\n","protected":false},"excerpt":{"rendered":"<hr \/>\n<h5>Quantit\u00e9: 30ML<\/h5>\n<hr \/>\n<p>&#8211; Fond de teint longue tenue<br \/>\n&#8211; Fini semi mat<br \/>\n&#8211; Haute couvrance<br \/>\n&#8211; Formule hydratante<br \/>\n&#8211; Fond de teint SPF 10<\/p>\n<hr \/>\n<h4>Autres Teintes (9)<\/h4>\n<p>&nbsp;<\/p>\n<h4><a href=\"https:\/\/thequeenshairperruque.fr\/index.php\/produit\/fond-de-teint-liquide-the-queen-beauty-ivory-03\/\"><img decoding=\"async\" class=\"alignnone wp-image-1930\" src=\"https:\/\/thequeenshairperruque.fr\/wp-content\/uploads\/2024\/08\/ivory.jpeg\" alt=\"\" width=\"35\" height=\"35\" \/><\/a>\u00a0 \u00a0 \u00a0 \u00a0 <a href=\"https:\/\/thequeenshairperruque.fr\/index.php\/produit\/fond-de-teint-liquide-the-queen-beauty-ivory-03\/\">Ivory<\/a><\/h4>\n<h4><img decoding=\"async\" class=\"alignnone wp-image-1931\" src=\"https:\/\/thequeenshairperruque.fr\/wp-content\/uploads\/2024\/08\/natural-ivory.jpeg\" alt=\"\" width=\"35\" height=\"35\" \/>\u00a0 \u00a0 \u00a0 \u00a0 Natural Ivory<\/h4>\n<h4><a href=\"https:\/\/thequeenshairperruque.fr\/index.php\/produit\/fond-de-teint-liquide-the-queen-beauty-sun-beige-07\/\"><img decoding=\"async\" class=\"alignnone wp-image-1927\" src=\"https:\/\/thequeenshairperruque.fr\/wp-content\/uploads\/2024\/08\/sun-beige.jpeg\" alt=\"\" width=\"35\" height=\"35\" \/><\/a>\u00a0 \u00a0 \u00a0 \u00a0 <a href=\"https:\/\/thequeenshairperruque.fr\/index.php\/produit\/fond-de-teint-liquide-the-queen-beauty-sun-beige-07\/\">Sun Beige<\/a><\/h4>\n<h4><a href=\"https:\/\/thequeenshairperruque.fr\/index.php\/produit\/fond-de-teint-liquide-the-queen-beauty-cafe-10\/\"><img loading=\"lazy\" decoding=\"async\" class=\"alignnone wp-image-1921\" src=\"https:\/\/thequeenshairperruque.fr\/wp-content\/uploads\/2024\/08\/cafe.jpeg\" alt=\"\" width=\"35\" height=\"35\" \/><\/a>\u00a0 \u00a0 \u00a0 \u00a0 <a href=\"https:\/\/thequeenshairperruque.fr\/index.php\/produit\/fond-de-teint-liquide-the-queen-beauty-cafe-10\/\">Caf\u00e9<\/a><\/h4>\n<h4><a href=\"https:\/\/thequeenshairperruque.fr\/index.php\/produit\/fond-de-teint-liquide-the-queen-beauty-cappuccino-09\/\"><img loading=\"lazy\" decoding=\"async\" class=\"alignnone wp-image-1922\" src=\"https:\/\/thequeenshairperruque.fr\/wp-content\/uploads\/2024\/08\/cappuccino.jpeg\" alt=\"\" width=\"35\" height=\"35\" \/><\/a>\u00a0 \u00a0 \u00a0 \u00a0 <a href=\"https:\/\/thequeenshairperruque.fr\/index.php\/produit\/fond-de-teint-liquide-the-queen-beauty-cappuccino-09\/\">Cappuccino<\/a><\/h4>\n<h4><a href=\"https:\/\/thequeenshairperruque.fr\/index.php\/produit\/fond-de-teint-liquide-the-queen-beauty-caramel-08\/\"><img loading=\"lazy\" decoding=\"async\" class=\"alignnone wp-image-1923\" src=\"https:\/\/thequeenshairperruque.fr\/wp-content\/uploads\/2024\/08\/caramel.jpeg\" alt=\"\" width=\"35\" height=\"35\" \/><\/a>\u00a0 \u00a0 \u00a0 \u00a0 <a href=\"https:\/\/thequeenshairperruque.fr\/index.php\/produit\/fond-de-teint-liquide-the-queen-beauty-caramel-08\/\">Caramel<\/a><\/h4>\n<h4><a href=\"https:\/\/thequeenshairperruque.fr\/index.php\/produit\/fond-de-teint-liquide-the-queen-beauty\/\"><img loading=\"lazy\" decoding=\"async\" class=\"alignnone wp-image-1920\" src=\"https:\/\/thequeenshairperruque.fr\/wp-content\/uploads\/2024\/08\/cacao.jpeg\" alt=\"\" width=\"35\" height=\"35\" \/><\/a>\u00a0 \u00a0 \u00a0 \u00a0 <a href=\"https:\/\/thequeenshairperruque.fr\/index.php\/produit\/fond-de-teint-liquide-the-queen-beauty\/\">Cacao<\/a><\/h4>\n<h4><a href=\"https:\/\/thequeenshairperruque.fr\/index.php\/produit\/fond-de-teint-liquide-the-queen-beauty-fawn-04\/\"><img loading=\"lazy\" decoding=\"async\" class=\"alignnone wp-image-1924\" src=\"https:\/\/thequeenshairperruque.fr\/wp-content\/uploads\/2024\/08\/fawn.jpeg\" alt=\"\" width=\"35\" height=\"35\" \/><\/a>\u00a0 \u00a0 \u00a0 \u00a0 <a href=\"https:\/\/thequeenshairperruque.fr\/index.php\/produit\/fond-de-teint-liquide-the-queen-beauty-fawn-04\/\">Fawn<\/a><\/h4>\n<h4><a href=\"https:\/\/thequeenshairperruque.fr\/index.php\/produit\/fond-de-teint-liquide-the-queen-beauty-warm-beige-06\/\"><img loading=\"lazy\" decoding=\"async\" class=\"alignnone wp-image-1928\" src=\"https:\/\/thequeenshairperruque.fr\/wp-content\/uploads\/2024\/08\/warm-beige.jpeg\" alt=\"\" width=\"35\" height=\"35\" \/><\/a>\u00a0 \u00a0 \u00a0 \u00a0 <a href=\"https:\/\/thequeenshairperruque.fr\/index.php\/produit\/fond-de-teint-liquide-the-queen-beauty-warm-beige-06\/\">Warm Beige<\/a><\/h4>\n<hr \/>\n<p>&nbsp;<\/p>\n<p>&nbsp;<\/p>\n","protected":false},"featured_media":1889,"comment_status":"open","ping_status":"closed","template":"","meta":{"_seopress_robots_primary_cat":"none","_seopress_titles_title":"Fond de teint liquide - The Queen beauty - Natural Ivory - 05","_seopress_titles_desc":"Fond de teint liquide - The Queen beauty - Natural Ivory - 05   - D\u00e9couvrez notre vaste gamme de produits. Trouvez votre style en un clic sur notre site!","_seopress_robots_index":"","site-sidebar-layout":"default","site-content-layout":"","ast-site-content-layout":"default","site-content-style":"default","site-sidebar-style":"default","ast-global-header-display":"","ast-banner-title-visibility":"","ast-main-header-display":"","ast-hfb-above-header-display":"","ast-hfb-below-header-display":"","ast-hfb-mobile-header-display":"","site-post-title":"","ast-breadcrumbs-content":"","ast-featured-img":"","footer-sml-layout":"","theme-transparent-header-meta":"default","adv-header-id-meta":"","stick-header-meta":"","header-above-stick-meta":"","header-main-stick-meta":"","header-below-stick-meta":"","astra-migrate-meta-layouts":"set","ast-page-background-enabled":"default","ast-page-background-meta":{"desktop":{"background-color":"var(--ast-global-color-4)","background-image":"","background-repeat":"repeat","background-position":"center center","background-size":"auto","background-attachment":"scroll","background-type":"","background-media":"","overlay-type":"","overlay-color":"","overlay-opacity":"","overlay-gradient":""},"tablet":{"background-color":"","background-image":"","background-repeat":"repeat","background-position":"center center","background-size":"auto","background-attachment":"scroll","background-type":"","background-media":"","overlay-type":"","overlay-color":"","overlay-opacity":"","overlay-gradient":""},"mobile":{"background-color":"","background-image":"","background-repeat":"repeat","background-position":"center center","background-size":"auto","background-attachment":"scroll","background-type":"","background-media":"","overlay-type":"","overlay-color":"","overlay-opacity":"","overlay-gradient":""}},"ast-content-background-meta":{"desktop":{"background-color":"var(--ast-global-color-5)","background-image":"","background-repeat":"repeat","background-position":"center center","background-size":"auto","background-attachment":"scroll","background-type":"","background-media":"","overlay-type":"","overlay-color":"","overlay-opacity":"","overlay-gradient":""},"tablet":{"background-color":"var(--ast-global-color-5)","background-image":"","background-repeat":"repeat","background-position":"center center","background-size":"auto","background-attachment":"scroll","background-type":"","background-media":"","overlay-type":"","overlay-color":"","overlay-opacity":"","overlay-gradient":""},"mobile":{"background-color":"var(--ast-global-color-5)","background-image":"","background-repeat":"repeat","background-position":"center center","background-size":"auto","background-attachment":"scroll","background-type":"","background-media":"","overlay-type":"","overlay-color":"","overlay-opacity":"","overlay-gradient":""}}},"product_brand":[],"product_cat":[62],"product_tag":[],"class_list":{"0":"post-1942","1":"product","2":"type-product","3":"status-publish","4":"has-post-thumbnail","6":"product_cat-maquillage-parfums","7":"desktop-align-left","8":"tablet-align-left","9":"mobile-align-left","11":"first","12":"instock","13":"shipping-taxable","14":"purchasable","15":"product-type-simple"},"jetpack_sharing_enabled":true,"_links":{"self":[{"href":"https:\/\/thequeenshairperruque.fr\/index.php\/wp-json\/wp\/v2\/product\/1942","targetHints":{"allow":["GET"]}}],"collection":[{"href":"https:\/\/thequeenshairperruque.fr\/index.php\/wp-json\/wp\/v2\/product"}],"about":[{"href":"https:\/\/thequeenshairperruque.fr\/index.php\/wp-json\/wp\/v2\/types\/product"}],"replies":[{"embeddable":true,"href":"https:\/\/thequeenshairperruque.fr\/index.php\/wp-json\/wp\/v2\/comments?post=1942"}],"wp:featuredmedia":[{"embeddable":true,"href":"https:\/\/thequeenshairperruque.fr\/index.php\/wp-json\/wp\/v2\/media\/1889"}],"wp:attachment":[{"href":"https:\/\/thequeenshairperruque.fr\/index.php\/wp-json\/wp\/v2\/media?parent=1942"}],"wp:term":[{"taxonomy":"product_brand","embeddable":true,"href":"https:\/\/thequeenshairperruque.fr\/index.php\/wp-json\/wp\/v2\/product_brand?post=1942"},{"taxonomy":"product_cat","embeddable":true,"href":"https:\/\/thequeenshairperruque.fr\/index.php\/wp-json\/wp\/v2\/product_cat?post=1942"},{"taxonomy":"product_tag","embeddable":true,"href":"https:\/\/thequeenshairperruque.fr\/index.php\/wp-json\/wp\/v2\/product_tag?post=1942"}],"curies":[{"name":"wp","href":"https:\/\/api.w.org\/{rel}","templated":true}]}}