{"id":1773,"date":"2024-08-21T20:15:18","date_gmt":"2024-08-21T18:15:18","guid":{"rendered":"https:\/\/thequeenshairperruque.fr\/?post_type=product&#038;p=1773"},"modified":"2024-09-29T12:21:25","modified_gmt":"2024-09-29T10:21:25","slug":"lipstick-fatal-the-queen-beauty-rouge-cerise","status":"publish","type":"product","link":"https:\/\/thequeenshairperruque.fr\/index.php\/produit\/lipstick-fatal-the-queen-beauty-rouge-cerise\/","title":{"rendered":"Lipstick &#8211; FATAL &#8211; The Queen beauty &#8211; Rouge cerise &#8211; 11"},"content":{"rendered":"<p>The Queen Beauty lance sa gamme de Lipstick &#8211; FATAL ! D\u00e9couvrez ce kit teinte rouge cerise avec 1\u00a0 lip gloss 8ml + crayon,<\/p>\n<p>Ce rouge \u00e0 l\u00e8vres liquide offre aux l\u00e8vres un fini mat sans les ass\u00e9cher. Sa formule offre une excellente couvrance et un rendu de couleur instantan\u00e9. Couleur intense sans brillance. Ne coule pas. Longue tenue jusqu\u2019\u00e0 24 heures. La forme sp\u00e9cifique de son applicateur permet une application facile et pr\u00e9cise. Waterproof.<\/p>\n<hr \/>\n<p><strong>Frais de livraison 4.95\u20ac gratuit d\u00e8s 35\u20ac d&rsquo;achat<\/strong><\/p>\n<p>&nbsp;<\/p>\n<p>&nbsp;<\/p>\n","protected":false},"excerpt":{"rendered":"<hr \/>\n<p>Quantit\u00e9: 8ML<\/p>\n<hr \/>\n<h4>Autres teintes disponibles (7):<\/h4>\n<p>&nbsp;<\/p>\n<h4><a href=\"https:\/\/thequeenshairperruque.fr\/index.php\/produit\/lipstick-fatal-the-queen-beauty-rouge-vif\/\"><img decoding=\"async\" class=\"alignnone wp-image-2146\" src=\"https:\/\/thequeenshairperruque.fr\/wp-content\/uploads\/2024\/09\/rouge-vif.jpeg\" alt=\"\" width=\"35\" height=\"35\" \/><\/a>\u00a0 \u00a0 \u00a0 <a href=\"https:\/\/thequeenshairperruque.fr\/index.php\/produit\/lipstick-fatal-the-queen-beauty-rouge-vif\/\">Rouge Vif<\/a><\/h4>\n<h4><a href=\"https:\/\/thequeenshairperruque.fr\/index.php\/produit\/lipstick-fatal-the-queen-beauty-rouge-sang\/\"><img decoding=\"async\" class=\"alignnone wp-image-2145\" src=\"https:\/\/thequeenshairperruque.fr\/wp-content\/uploads\/2024\/09\/rouge-sang.jpeg\" alt=\"\" width=\"35\" height=\"35\" \/><\/a>\u00a0 \u00a0 \u00a0 <a href=\"https:\/\/thequeenshairperruque.fr\/index.php\/produit\/lipstick-fatal-the-queen-beauty-rouge-sang\/\">Rouge sang<\/a><\/h4>\n<h4><a href=\"https:\/\/thequeenshairperruque.fr\/index.php\/produit\/lipstick-fatal-the-queen-beauty-framboise\/\"><img decoding=\"async\" class=\"alignnone wp-image-2147\" src=\"https:\/\/thequeenshairperruque.fr\/wp-content\/uploads\/2024\/09\/framboise.jpeg\" alt=\"\" width=\"35\" height=\"35\" \/><\/a>\u00a0 \u00a0 \u00a0 <a href=\"https:\/\/thequeenshairperruque.fr\/index.php\/produit\/lipstick-fatal-the-queen-beauty-framboise\/\">Framboise<\/a><\/h4>\n<h4><a href=\"https:\/\/thequeenshairperruque.fr\/index.php\/produit\/lipstick-fatal-the-queen-beauty-rose-poudre\/\"><img loading=\"lazy\" decoding=\"async\" class=\"alignnone wp-image-2142\" src=\"https:\/\/thequeenshairperruque.fr\/wp-content\/uploads\/2024\/09\/rose-poudre.jpeg\" alt=\"\" width=\"35\" height=\"35\" \/><\/a>\u00a0 \u00a0 \u00a0 <a href=\"https:\/\/thequeenshairperruque.fr\/index.php\/produit\/lipstick-fatal-the-queen-beauty-rose-poudre\/\">Rose poudr\u00e9<\/a><\/h4>\n<h4><a href=\"https:\/\/thequeenshairperruque.fr\/index.php\/produit\/lipstick-fatal-the-queen-beauty-rouge-cerise\/\"><img loading=\"lazy\" decoding=\"async\" class=\"alignnone wp-image-2144\" src=\"https:\/\/thequeenshairperruque.fr\/wp-content\/uploads\/2024\/09\/rouge-cerise.jpeg\" alt=\"\" width=\"35\" height=\"35\" \/><\/a>\u00a0 \u00a0 \u00a0\u00a0<a href=\"https:\/\/thequeenshairperruque.fr\/index.php\/produit\/lipstick-fatal-the-queen-beauty-rouge-cerise\/\">Rouge cerise<\/a><\/h4>\n<h4><a href=\"https:\/\/thequeenshairperruque.fr\/index.php\/produit\/lipstick-fatal-the-queen-beauty-rouge-bordeaux\/\"><img loading=\"lazy\" decoding=\"async\" class=\"alignnone wp-image-2143\" src=\"https:\/\/thequeenshairperruque.fr\/wp-content\/uploads\/2024\/09\/rouge-bordeaux.jpeg\" alt=\"\" width=\"35\" height=\"35\" \/><\/a>\u00a0 \u00a0 \u00a0 <a href=\"https:\/\/thequeenshairperruque.fr\/index.php\/produit\/lipstick-fatal-the-queen-beauty-rouge-bordeaux\/\">Rouge Bordeaux<\/a><\/h4>\n<h4><img loading=\"lazy\" decoding=\"async\" class=\"alignnone wp-image-2141\" src=\"https:\/\/thequeenshairperruque.fr\/wp-content\/uploads\/2024\/09\/fushia-clair.jpeg\" alt=\"\" width=\"35\" height=\"35\" \/>\u00a0 \u00a0 \u00a0 <a href=\"https:\/\/thequeenshairperruque.fr\/index.php\/produit\/lipstick-fatal-the-queen-beauty-fushia-clair\/\">Fushia clair<\/a><\/h4>\n<h4><\/h4>\n<p>&nbsp;<\/p>\n","protected":false},"featured_media":2109,"comment_status":"open","ping_status":"closed","template":"","meta":{"_seopress_robots_primary_cat":"none","_seopress_titles_title":"Lipstick - FATAL - The Queen beauty - rouge cerise","_seopress_titles_desc":"Lipstick - FATAL - The Queen beauty - rouge cerise- D\u00e9couvrez notre vaste gamme de produits. Trouvez votre style en un clic sur notre site!","_seopress_robots_index":"","site-sidebar-layout":"default","site-content-layout":"","ast-site-content-layout":"default","site-content-style":"default","site-sidebar-style":"default","ast-global-header-display":"","ast-banner-title-visibility":"","ast-main-header-display":"","ast-hfb-above-header-display":"","ast-hfb-below-header-display":"","ast-hfb-mobile-header-display":"","site-post-title":"","ast-breadcrumbs-content":"","ast-featured-img":"","footer-sml-layout":"","theme-transparent-header-meta":"default","adv-header-id-meta":"","stick-header-meta":"","header-above-stick-meta":"","header-main-stick-meta":"","header-below-stick-meta":"","astra-migrate-meta-layouts":"set","ast-page-background-enabled":"default","ast-page-background-meta":{"desktop":{"background-color":"var(--ast-global-color-4)","background-image":"","background-repeat":"repeat","background-position":"center center","background-size":"auto","background-attachment":"scroll","background-type":"","background-media":"","overlay-type":"","overlay-color":"","overlay-opacity":"","overlay-gradient":""},"tablet":{"background-color":"","background-image":"","background-repeat":"repeat","background-position":"center center","background-size":"auto","background-attachment":"scroll","background-type":"","background-media":"","overlay-type":"","overlay-color":"","overlay-opacity":"","overlay-gradient":""},"mobile":{"background-color":"","background-image":"","background-repeat":"repeat","background-position":"center center","background-size":"auto","background-attachment":"scroll","background-type":"","background-media":"","overlay-type":"","overlay-color":"","overlay-opacity":"","overlay-gradient":""}},"ast-content-background-meta":{"desktop":{"background-color":"var(--ast-global-color-5)","background-image":"","background-repeat":"repeat","background-position":"center center","background-size":"auto","background-attachment":"scroll","background-type":"","background-media":"","overlay-type":"","overlay-color":"","overlay-opacity":"","overlay-gradient":""},"tablet":{"background-color":"var(--ast-global-color-5)","background-image":"","background-repeat":"repeat","background-position":"center center","background-size":"auto","background-attachment":"scroll","background-type":"","background-media":"","overlay-type":"","overlay-color":"","overlay-opacity":"","overlay-gradient":""},"mobile":{"background-color":"var(--ast-global-color-5)","background-image":"","background-repeat":"repeat","background-position":"center center","background-size":"auto","background-attachment":"scroll","background-type":"","background-media":"","overlay-type":"","overlay-color":"","overlay-opacity":"","overlay-gradient":""}}},"product_brand":[],"product_cat":[62],"product_tag":[],"class_list":{"0":"post-1773","1":"product","2":"type-product","3":"status-publish","4":"has-post-thumbnail","6":"product_cat-maquillage-parfums","7":"desktop-align-left","8":"tablet-align-left","9":"mobile-align-left","11":"first","12":"instock","13":"shipping-taxable","14":"purchasable","15":"product-type-simple"},"jetpack_sharing_enabled":true,"_links":{"self":[{"href":"https:\/\/thequeenshairperruque.fr\/index.php\/wp-json\/wp\/v2\/product\/1773","targetHints":{"allow":["GET"]}}],"collection":[{"href":"https:\/\/thequeenshairperruque.fr\/index.php\/wp-json\/wp\/v2\/product"}],"about":[{"href":"https:\/\/thequeenshairperruque.fr\/index.php\/wp-json\/wp\/v2\/types\/product"}],"replies":[{"embeddable":true,"href":"https:\/\/thequeenshairperruque.fr\/index.php\/wp-json\/wp\/v2\/comments?post=1773"}],"wp:featuredmedia":[{"embeddable":true,"href":"https:\/\/thequeenshairperruque.fr\/index.php\/wp-json\/wp\/v2\/media\/2109"}],"wp:attachment":[{"href":"https:\/\/thequeenshairperruque.fr\/index.php\/wp-json\/wp\/v2\/media?parent=1773"}],"wp:term":[{"taxonomy":"product_brand","embeddable":true,"href":"https:\/\/thequeenshairperruque.fr\/index.php\/wp-json\/wp\/v2\/product_brand?post=1773"},{"taxonomy":"product_cat","embeddable":true,"href":"https:\/\/thequeenshairperruque.fr\/index.php\/wp-json\/wp\/v2\/product_cat?post=1773"},{"taxonomy":"product_tag","embeddable":true,"href":"https:\/\/thequeenshairperruque.fr\/index.php\/wp-json\/wp\/v2\/product_tag?post=1773"}],"curies":[{"name":"wp","href":"https:\/\/api.w.org\/{rel}","templated":true}]}}