{"id":1712,"date":"2024-07-27T10:52:34","date_gmt":"2024-07-27T08:52:34","guid":{"rendered":"https:\/\/thequeenshairperruque.fr\/?post_type=product&#038;p=1712"},"modified":"2024-07-27T11:20:17","modified_gmt":"2024-07-27T09:20:17","slug":"huile-a-levres-fruitee-glam-fraise-the-queen-beauty","status":"publish","type":"product","link":"https:\/\/thequeenshairperruque.fr\/index.php\/produit\/huile-a-levres-fruitee-glam-fraise-the-queen-beauty\/","title":{"rendered":"Huile \u00e0 l\u00e8vres fruit\u00e9e &#8211; GLAM &#8211; Fraise &#8211; The Queen beauty"},"content":{"rendered":"<p>The Queen Beauty lance sa gamme d&rsquo;huile \u00e0 l\u00e8vres fuit\u00e9e &#8211; GLAM! 6ml, parfum fraise, elles apportent \u00e0 la fois hydratation maximale, nutrition et confort. De l\u2019autre, leurs pigments r\u00e9haussent la teinte naturelle des l\u00e8vres et les colorent subtilement tout en imitant le fini brillant et gourmand d&rsquo;un gloss\u00a0classique<\/p>\n<hr \/>\n<p><strong>Frais de livraison 4.95\u20ac gratuit d\u00e8s 35\u20ac d&rsquo;achat<\/strong><\/p>\n<p>&nbsp;<\/p>\n<p>&nbsp;<\/p>\n<p>&nbsp;<\/p>\n<p>&nbsp;<\/p>\n<p>&nbsp;<\/p>\n","protected":false},"excerpt":{"rendered":"<hr \/>\n<p><img decoding=\"async\" class=\"alignnone wp-image-1703\" src=\"https:\/\/thequeenshairperruque.fr\/wp-content\/uploads\/2024\/07\/logo-the-queen-beauty-300x131.jpeg\" alt=\"the queen beauty\" width=\"250\" height=\"110\" srcset=\"https:\/\/thequeenshairperruque.fr\/wp-content\/uploads\/2024\/07\/logo-the-queen-beauty-300x131.jpeg 300w, https:\/\/thequeenshairperruque.fr\/wp-content\/uploads\/2024\/07\/logo-the-queen-beauty-600x263.jpeg 600w, https:\/\/thequeenshairperruque.fr\/wp-content\/uploads\/2024\/07\/logo-the-queen-beauty.jpeg 726w\" sizes=\"(max-width: 250px) 100vw, 250px\" \/><\/p>\n<hr \/>\n<p><b>Parfum Fraise<\/b><\/p>\n<hr \/>\n<p>Autres Parfums:<\/p>\n<p><a href=\"https:\/\/thequeenshairperruque.fr\/index.php\/produit\/huile-a-levres-fruitee-glam-cerise-the-queen-beauty\/\"><img decoding=\"async\" class=\"alignnone wp-image-1716 size-thumbnail\" src=\"https:\/\/thequeenshairperruque.fr\/wp-content\/uploads\/2024\/07\/huile-a-levre-osez-parfum-cerise-150x150.jpeg\" alt=\"\" width=\"150\" height=\"150\" srcset=\"https:\/\/thequeenshairperruque.fr\/wp-content\/uploads\/2024\/07\/huile-a-levre-osez-parfum-cerise-150x150.jpeg 150w, https:\/\/thequeenshairperruque.fr\/wp-content\/uploads\/2024\/07\/huile-a-levre-osez-parfum-cerise-300x300.jpeg 300w, https:\/\/thequeenshairperruque.fr\/wp-content\/uploads\/2024\/07\/huile-a-levre-osez-parfum-cerise-100x100.jpeg 100w\" sizes=\"(max-width: 150px) 100vw, 150px\" \/>\u00a0\u00a0\u00a0\u00a0\u00a0 <\/a><a href=\"https:\/\/thequeenshairperruque.fr\/index.php\/produit\/huile-a-levres-fruitee-glam-melon-the-queen-beauty\/\"><img decoding=\"async\" class=\"alignnone wp-image-1718 size-thumbnail\" src=\"https:\/\/thequeenshairperruque.fr\/wp-content\/uploads\/2024\/07\/huile-a-levre-osez-parfum-melon-150x150.jpeg\" alt=\"\" width=\"150\" height=\"150\" srcset=\"https:\/\/thequeenshairperruque.fr\/wp-content\/uploads\/2024\/07\/huile-a-levre-osez-parfum-melon-150x150.jpeg 150w, https:\/\/thequeenshairperruque.fr\/wp-content\/uploads\/2024\/07\/huile-a-levre-osez-parfum-melon-300x300.jpeg 300w, https:\/\/thequeenshairperruque.fr\/wp-content\/uploads\/2024\/07\/huile-a-levre-osez-parfum-melon-100x100.jpeg 100w\" sizes=\"(max-width: 150px) 100vw, 150px\" \/><\/a><\/p>\n<p><span style=\"font-size: 16px;\">\u00a0 \u00a0 \u00a0 \u00a0 \u00a0 <\/span><span style=\"font-size: 16px;\">\u00a0 \u00a0 \u00a0 \u00a0 \u00a0\u00a0<\/span><\/p>\n<hr \/>\n<p>Quantit\u00e9: 6ml<\/p>\n","protected":false},"featured_media":1713,"comment_status":"open","ping_status":"closed","template":"","meta":{"_seopress_robots_primary_cat":"none","_seopress_titles_title":"Huile \u00e0 l\u00e8vres fruit\u00e9e - GLAM - The Queen beauty","_seopress_titles_desc":"Huile \u00e0 l\u00e8vres fruit\u00e9e - GLAM - Fraise - The Queen beauty  - D\u00e9couvrez notre vaste gamme de produits. Trouvez votre style en un clic sur notre site!","_seopress_robots_index":"","site-sidebar-layout":"default","site-content-layout":"","ast-site-content-layout":"default","site-content-style":"default","site-sidebar-style":"default","ast-global-header-display":"","ast-banner-title-visibility":"","ast-main-header-display":"","ast-hfb-above-header-display":"","ast-hfb-below-header-display":"","ast-hfb-mobile-header-display":"","site-post-title":"","ast-breadcrumbs-content":"","ast-featured-img":"","footer-sml-layout":"","theme-transparent-header-meta":"default","adv-header-id-meta":"","stick-header-meta":"","header-above-stick-meta":"","header-main-stick-meta":"","header-below-stick-meta":"","astra-migrate-meta-layouts":"set","ast-page-background-enabled":"default","ast-page-background-meta":{"desktop":{"background-color":"var(--ast-global-color-4)","background-image":"","background-repeat":"repeat","background-position":"center center","background-size":"auto","background-attachment":"scroll","background-type":"","background-media":"","overlay-type":"","overlay-color":"","overlay-opacity":"","overlay-gradient":""},"tablet":{"background-color":"","background-image":"","background-repeat":"repeat","background-position":"center center","background-size":"auto","background-attachment":"scroll","background-type":"","background-media":"","overlay-type":"","overlay-color":"","overlay-opacity":"","overlay-gradient":""},"mobile":{"background-color":"","background-image":"","background-repeat":"repeat","background-position":"center center","background-size":"auto","background-attachment":"scroll","background-type":"","background-media":"","overlay-type":"","overlay-color":"","overlay-opacity":"","overlay-gradient":""}},"ast-content-background-meta":{"desktop":{"background-color":"var(--ast-global-color-5)","background-image":"","background-repeat":"repeat","background-position":"center center","background-size":"auto","background-attachment":"scroll","background-type":"","background-media":"","overlay-type":"","overlay-color":"","overlay-opacity":"","overlay-gradient":""},"tablet":{"background-color":"var(--ast-global-color-5)","background-image":"","background-repeat":"repeat","background-position":"center center","background-size":"auto","background-attachment":"scroll","background-type":"","background-media":"","overlay-type":"","overlay-color":"","overlay-opacity":"","overlay-gradient":""},"mobile":{"background-color":"var(--ast-global-color-5)","background-image":"","background-repeat":"repeat","background-position":"center center","background-size":"auto","background-attachment":"scroll","background-type":"","background-media":"","overlay-type":"","overlay-color":"","overlay-opacity":"","overlay-gradient":""}}},"product_brand":[],"product_cat":[62],"product_tag":[],"class_list":{"0":"post-1712","1":"product","2":"type-product","3":"status-publish","4":"has-post-thumbnail","6":"product_cat-maquillage-parfums","7":"desktop-align-left","8":"tablet-align-left","9":"mobile-align-left","11":"first","12":"instock","13":"shipping-taxable","14":"purchasable","15":"product-type-simple"},"jetpack_sharing_enabled":true,"_links":{"self":[{"href":"https:\/\/thequeenshairperruque.fr\/index.php\/wp-json\/wp\/v2\/product\/1712","targetHints":{"allow":["GET"]}}],"collection":[{"href":"https:\/\/thequeenshairperruque.fr\/index.php\/wp-json\/wp\/v2\/product"}],"about":[{"href":"https:\/\/thequeenshairperruque.fr\/index.php\/wp-json\/wp\/v2\/types\/product"}],"replies":[{"embeddable":true,"href":"https:\/\/thequeenshairperruque.fr\/index.php\/wp-json\/wp\/v2\/comments?post=1712"}],"wp:featuredmedia":[{"embeddable":true,"href":"https:\/\/thequeenshairperruque.fr\/index.php\/wp-json\/wp\/v2\/media\/1713"}],"wp:attachment":[{"href":"https:\/\/thequeenshairperruque.fr\/index.php\/wp-json\/wp\/v2\/media?parent=1712"}],"wp:term":[{"taxonomy":"product_brand","embeddable":true,"href":"https:\/\/thequeenshairperruque.fr\/index.php\/wp-json\/wp\/v2\/product_brand?post=1712"},{"taxonomy":"product_cat","embeddable":true,"href":"https:\/\/thequeenshairperruque.fr\/index.php\/wp-json\/wp\/v2\/product_cat?post=1712"},{"taxonomy":"product_tag","embeddable":true,"href":"https:\/\/thequeenshairperruque.fr\/index.php\/wp-json\/wp\/v2\/product_tag?post=1712"}],"curies":[{"name":"wp","href":"https:\/\/api.w.org\/{rel}","templated":true}]}}