{"id":1698,"date":"2024-07-27T09:12:10","date_gmt":"2024-07-27T07:12:10","guid":{"rendered":"https:\/\/thequeenshairperruque.fr\/?post_type=product&#038;p=1698"},"modified":"2024-10-12T17:36:56","modified_gmt":"2024-10-12T15:36:56","slug":"kit-3-lipgloss-osez-the-queen-beauty","status":"publish","type":"product","link":"https:\/\/thequeenshairperruque.fr\/index.php\/produit\/kit-3-lipgloss-osez-the-queen-beauty\/","title":{"rendered":"Kit 3 LipGloss -A &#8211; OSEZ &#8211; The Queen beauty"},"content":{"rendered":"<p>The Queen Beauty lance sa gamme de Lipgloss OSEZ! D\u00e9couvrez ce kit de 3 lipgloss 3&#215;2.5ml, couleur Nude, Rose et Cr\u00e9meux. la sensation luxueuse d&rsquo;une finition matte et velout\u00e9e avec z\u00e9ro transfert.<\/p>\n<hr \/>\n<p><strong>Frais de livraison 4.95\u20ac gratuit d\u00e8s 35\u20ac d&rsquo;achat<\/strong><\/p>\n<p>&nbsp;<\/p>\n<p>&nbsp;<\/p>\n<p>&nbsp;<\/p>\n<p>&nbsp;<\/p>\n<p>&nbsp;<\/p>\n","protected":false},"excerpt":{"rendered":"<p>&nbsp;<\/p>\n<hr \/>\n<p><strong>Lot de 3 Lipgloss\u00a0<\/strong><\/p>\n<p>A &#8211; NUDE &#8211; ROSE &#8211; CREMEUX<\/p>\n<hr \/>\n<p>Autres couleurs:<\/p>\n<p><a href=\"https:\/\/thequeenshairperruque.fr\/index.php\/produit\/kit-3-lipgloss-b-osez-the-queen-beauty\/\"><img decoding=\"async\" class=\"alignnone wp-image-1700 size-thumbnail\" src=\"https:\/\/thequeenshairperruque.fr\/wp-content\/uploads\/2024\/07\/lipgloss-B-150x150.png\" alt=\"\" width=\"150\" height=\"150\" srcset=\"https:\/\/thequeenshairperruque.fr\/wp-content\/uploads\/2024\/07\/lipgloss-B-150x150.png 150w, https:\/\/thequeenshairperruque.fr\/wp-content\/uploads\/2024\/07\/lipgloss-B-300x300.png 300w, https:\/\/thequeenshairperruque.fr\/wp-content\/uploads\/2024\/07\/lipgloss-B-768x768.png 768w, https:\/\/thequeenshairperruque.fr\/wp-content\/uploads\/2024\/07\/lipgloss-B-600x600.png 600w, https:\/\/thequeenshairperruque.fr\/wp-content\/uploads\/2024\/07\/lipgloss-B-100x100.png 100w, https:\/\/thequeenshairperruque.fr\/wp-content\/uploads\/2024\/07\/lipgloss-B.png 1000w\" sizes=\"(max-width: 150px) 100vw, 150px\" \/> \u00a0 \u00a0 \u00a0<\/a><span style=\"font-size: 16px;\">\u00a0 \u00a0 \u00a0\u00a0<\/span><a style=\"font-size: 16px; background-color: #ffffff;\" href=\"https:\/\/thequeenshairperruque.fr\/index.php\/produit\/kit-3-lipgloss-c-osez-the-queen-beauty\/\"><img decoding=\"async\" class=\"alignnone wp-image-1701 size-thumbnail\" src=\"https:\/\/thequeenshairperruque.fr\/wp-content\/uploads\/2024\/07\/lipgloss-c-150x150.png\" alt=\"\" width=\"150\" height=\"150\" srcset=\"https:\/\/thequeenshairperruque.fr\/wp-content\/uploads\/2024\/07\/lipgloss-c-150x150.png 150w, https:\/\/thequeenshairperruque.fr\/wp-content\/uploads\/2024\/07\/lipgloss-c-300x300.png 300w, https:\/\/thequeenshairperruque.fr\/wp-content\/uploads\/2024\/07\/lipgloss-c-768x768.png 768w, https:\/\/thequeenshairperruque.fr\/wp-content\/uploads\/2024\/07\/lipgloss-c-600x600.png 600w, https:\/\/thequeenshairperruque.fr\/wp-content\/uploads\/2024\/07\/lipgloss-c-100x100.png 100w, https:\/\/thequeenshairperruque.fr\/wp-content\/uploads\/2024\/07\/lipgloss-c.png 1000w\" sizes=\"(max-width: 150px) 100vw, 150px\" \/><\/a><span style=\"font-size: 16px;\">\u00a0 \u00a0 \u00a0<\/span><a style=\"font-size: 16px; font-style: normal; font-weight: 400; background-color: #ffffff; color: #3a3a3a;\" href=\"https:\/\/thequeenshairperruque.fr\/index.php\/produit\/kit-3-lipgloss-d-osez-the-queen-beauty\/\"><img decoding=\"async\" class=\"alignnone wp-image-1704 size-thumbnail\" src=\"https:\/\/thequeenshairperruque.fr\/wp-content\/uploads\/2024\/07\/lipgloss-D-150x150.png\" alt=\"\" width=\"150\" height=\"150\" srcset=\"https:\/\/thequeenshairperruque.fr\/wp-content\/uploads\/2024\/07\/lipgloss-D-150x150.png 150w, https:\/\/thequeenshairperruque.fr\/wp-content\/uploads\/2024\/07\/lipgloss-D-300x300.png 300w, https:\/\/thequeenshairperruque.fr\/wp-content\/uploads\/2024\/07\/lipgloss-D-768x768.png 768w, https:\/\/thequeenshairperruque.fr\/wp-content\/uploads\/2024\/07\/lipgloss-D-600x600.png 600w, https:\/\/thequeenshairperruque.fr\/wp-content\/uploads\/2024\/07\/lipgloss-D-100x100.png 100w, https:\/\/thequeenshairperruque.fr\/wp-content\/uploads\/2024\/07\/lipgloss-D.png 1000w\" sizes=\"(max-width: 150px) 100vw, 150px\" \/><\/a><\/p>\n<hr \/>\n<p>Quantit\u00e9: 3&#215;2.5ml<\/p>\n","protected":false},"featured_media":2232,"comment_status":"open","ping_status":"closed","template":"","meta":{"_seopress_robots_primary_cat":"none","_seopress_titles_title":"Kit 3 LipGloss - OSEZ - The Queen beauty","_seopress_titles_desc":"Kit 3 LipGloss - OSEZ - The Queen beauty - D\u00e9couvrez notre vaste gamme de produits. Trouvez votre style en un clic sur notre site!","_seopress_robots_index":"","site-sidebar-layout":"default","site-content-layout":"","ast-site-content-layout":"default","site-content-style":"default","site-sidebar-style":"default","ast-global-header-display":"","ast-banner-title-visibility":"","ast-main-header-display":"","ast-hfb-above-header-display":"","ast-hfb-below-header-display":"","ast-hfb-mobile-header-display":"","site-post-title":"","ast-breadcrumbs-content":"","ast-featured-img":"","footer-sml-layout":"","theme-transparent-header-meta":"default","adv-header-id-meta":"","stick-header-meta":"","header-above-stick-meta":"","header-main-stick-meta":"","header-below-stick-meta":"","astra-migrate-meta-layouts":"set","ast-page-background-enabled":"default","ast-page-background-meta":{"desktop":{"background-color":"var(--ast-global-color-4)","background-image":"","background-repeat":"repeat","background-position":"center center","background-size":"auto","background-attachment":"scroll","background-type":"","background-media":"","overlay-type":"","overlay-color":"","overlay-opacity":"","overlay-gradient":""},"tablet":{"background-color":"","background-image":"","background-repeat":"repeat","background-position":"center center","background-size":"auto","background-attachment":"scroll","background-type":"","background-media":"","overlay-type":"","overlay-color":"","overlay-opacity":"","overlay-gradient":""},"mobile":{"background-color":"","background-image":"","background-repeat":"repeat","background-position":"center center","background-size":"auto","background-attachment":"scroll","background-type":"","background-media":"","overlay-type":"","overlay-color":"","overlay-opacity":"","overlay-gradient":""}},"ast-content-background-meta":{"desktop":{"background-color":"var(--ast-global-color-5)","background-image":"","background-repeat":"repeat","background-position":"center center","background-size":"auto","background-attachment":"scroll","background-type":"","background-media":"","overlay-type":"","overlay-color":"","overlay-opacity":"","overlay-gradient":""},"tablet":{"background-color":"var(--ast-global-color-5)","background-image":"","background-repeat":"repeat","background-position":"center center","background-size":"auto","background-attachment":"scroll","background-type":"","background-media":"","overlay-type":"","overlay-color":"","overlay-opacity":"","overlay-gradient":""},"mobile":{"background-color":"var(--ast-global-color-5)","background-image":"","background-repeat":"repeat","background-position":"center center","background-size":"auto","background-attachment":"scroll","background-type":"","background-media":"","overlay-type":"","overlay-color":"","overlay-opacity":"","overlay-gradient":""}}},"product_brand":[],"product_cat":[62],"product_tag":[],"class_list":{"0":"post-1698","1":"product","2":"type-product","3":"status-publish","4":"has-post-thumbnail","6":"product_cat-maquillage-parfums","7":"desktop-align-left","8":"tablet-align-left","9":"mobile-align-left","11":"first","12":"instock","13":"shipping-taxable","14":"purchasable","15":"product-type-simple"},"jetpack_sharing_enabled":true,"_links":{"self":[{"href":"https:\/\/thequeenshairperruque.fr\/index.php\/wp-json\/wp\/v2\/product\/1698","targetHints":{"allow":["GET"]}}],"collection":[{"href":"https:\/\/thequeenshairperruque.fr\/index.php\/wp-json\/wp\/v2\/product"}],"about":[{"href":"https:\/\/thequeenshairperruque.fr\/index.php\/wp-json\/wp\/v2\/types\/product"}],"replies":[{"embeddable":true,"href":"https:\/\/thequeenshairperruque.fr\/index.php\/wp-json\/wp\/v2\/comments?post=1698"}],"wp:featuredmedia":[{"embeddable":true,"href":"https:\/\/thequeenshairperruque.fr\/index.php\/wp-json\/wp\/v2\/media\/2232"}],"wp:attachment":[{"href":"https:\/\/thequeenshairperruque.fr\/index.php\/wp-json\/wp\/v2\/media?parent=1698"}],"wp:term":[{"taxonomy":"product_brand","embeddable":true,"href":"https:\/\/thequeenshairperruque.fr\/index.php\/wp-json\/wp\/v2\/product_brand?post=1698"},{"taxonomy":"product_cat","embeddable":true,"href":"https:\/\/thequeenshairperruque.fr\/index.php\/wp-json\/wp\/v2\/product_cat?post=1698"},{"taxonomy":"product_tag","embeddable":true,"href":"https:\/\/thequeenshairperruque.fr\/index.php\/wp-json\/wp\/v2\/product_tag?post=1698"}],"curies":[{"name":"wp","href":"https:\/\/api.w.org\/{rel}","templated":true}]}}