{"id":1542,"date":"2024-03-24T16:49:58","date_gmt":"2024-03-24T15:49:58","guid":{"rendered":"https:\/\/thequeenshairperruque.fr\/?post_type=product&#038;p=1542"},"modified":"2024-03-24T18:49:53","modified_gmt":"2024-03-24T17:49:53","slug":"bonnet-sous-perruque","status":"publish","type":"product","link":"https:\/\/thequeenshairperruque.fr\/index.php\/produit\/bonnet-sous-perruque\/","title":{"rendered":"bonnet sous perruque"},"content":{"rendered":"<p>Le bonnet de polyester extensible et lavable\u00a0<strong>permet de maintenir les cheveux bien en place sous la perruque<\/strong>, tout en simulant la couleur de votre cuir chevelu . Le bonnet emp\u00eache \u00e9galement \u00e0 la perruque ou un compl\u00e9ment capillaire de glisser.<\/p>\n<p>&#8211; Sous bonnet en nylon sp\u00e9cial lace wigs<\/p>\n<p>&#8211;\u00a0Taille unique:\u00a0convient \u00e0 toutes les t\u00eates.<\/p>\n<p>&#8211; Doux et ultra confortable, tenue parfaite<\/p>\n<hr \/>\n<p><a style=\"font-size: 16px; font-style: normal; font-weight: 400;\" href=\"https:\/\/wa.me\/message\/5PAEP6G4LAVXO1\"><img decoding=\"async\" class=\"alignnone wp-image-1094\" src=\"https:\/\/thequeenshairperruque.fr\/wp-content\/uploads\/2023\/12\/logo-whatsapp-1.png\" alt=\"LOGO WHATSAPP\" width=\"60\" height=\"60\" \/><\/a><span style=\"font-size: 16px; font-style: normal; font-weight: 400;\">\u00a0 \u00a0 \u00a0 \u00a0 \u00a0 \u00a0 \u00a0 \u00a0 \u00a0 \u00a0 \u00a0 \u00a0 \u00a0\u00a0<\/span><a style=\"font-size: 16px; font-style: normal; font-weight: 400; background-color: #ffffff;\" href=\"https:\/\/www.facebook.com\/profile.php?id=61554580328651\"><img decoding=\"async\" class=\"wp-image-1286 alignnone\" src=\"https:\/\/thequeenshairperruque.fr\/wp-content\/uploads\/2024\/01\/logo-facebook.png\" alt=\"\" width=\"67\" height=\"60\" \/><\/a><\/p>\n","protected":false},"excerpt":{"rendered":"<p><strong style=\"font-size: 16px; font-style: normal;\">2 pi\u00e8ces par paquet<\/strong><\/p>\n<hr \/>\n<p>Hyper Ext<span style=\"font-size: 16px;\">ensible &#8211; Taille Unique<\/span><\/p>\n<p><b>\u2714\ufe0e\u00a0<\/b>Maintient\u00a0vos cheveux bien en place<\/p>\n<p><b>\u2714\ufe0e\u00a0<\/b>Invisible sous votre lace wig<\/p>\n<hr \/>\n<p>LIVRAISON 4,95 Euros (en FRANCE M\u00e9tropolitaine)<\/p>\n<p>GRATUITE D\u00e8s 35\u20ac d&rsquo;achat<\/p>\n","protected":false},"featured_media":1543,"comment_status":"open","ping_status":"closed","template":"","meta":{"_seopress_robots_primary_cat":"none","_seopress_titles_title":"Bonnet sous perruque","_seopress_titles_desc":"D\u00e9couvrez notre vaste gamme de perruques et d&#039;accessoires\r\nTrouvez votre style en un clic sur notre site!\r\nBonnet sous perruque","_seopress_robots_index":"","site-sidebar-layout":"default","site-content-layout":"","ast-site-content-layout":"default","site-content-style":"default","site-sidebar-style":"default","ast-global-header-display":"","ast-banner-title-visibility":"","ast-main-header-display":"","ast-hfb-above-header-display":"","ast-hfb-below-header-display":"","ast-hfb-mobile-header-display":"","site-post-title":"","ast-breadcrumbs-content":"","ast-featured-img":"","footer-sml-layout":"","theme-transparent-header-meta":"default","adv-header-id-meta":"","stick-header-meta":"","header-above-stick-meta":"","header-main-stick-meta":"","header-below-stick-meta":"","astra-migrate-meta-layouts":"set","ast-page-background-enabled":"default","ast-page-background-meta":{"desktop":{"background-color":"var(--ast-global-color-4)","background-image":"","background-repeat":"repeat","background-position":"center center","background-size":"auto","background-attachment":"scroll","background-type":"","background-media":"","overlay-type":"","overlay-color":"","overlay-opacity":"","overlay-gradient":""},"tablet":{"background-color":"","background-image":"","background-repeat":"repeat","background-position":"center center","background-size":"auto","background-attachment":"scroll","background-type":"","background-media":"","overlay-type":"","overlay-color":"","overlay-opacity":"","overlay-gradient":""},"mobile":{"background-color":"","background-image":"","background-repeat":"repeat","background-position":"center center","background-size":"auto","background-attachment":"scroll","background-type":"","background-media":"","overlay-type":"","overlay-color":"","overlay-opacity":"","overlay-gradient":""}},"ast-content-background-meta":{"desktop":{"background-color":"var(--ast-global-color-5)","background-image":"","background-repeat":"repeat","background-position":"center center","background-size":"auto","background-attachment":"scroll","background-type":"","background-media":"","overlay-type":"","overlay-color":"","overlay-opacity":"","overlay-gradient":""},"tablet":{"background-color":"var(--ast-global-color-5)","background-image":"","background-repeat":"repeat","background-position":"center center","background-size":"auto","background-attachment":"scroll","background-type":"","background-media":"","overlay-type":"","overlay-color":"","overlay-opacity":"","overlay-gradient":""},"mobile":{"background-color":"var(--ast-global-color-5)","background-image":"","background-repeat":"repeat","background-position":"center center","background-size":"auto","background-attachment":"scroll","background-type":"","background-media":"","overlay-type":"","overlay-color":"","overlay-opacity":"","overlay-gradient":""}}},"product_brand":[],"product_cat":[17,18],"product_tag":[],"class_list":{"0":"post-1542","1":"product","2":"type-product","3":"status-publish","4":"has-post-thumbnail","6":"product_cat-perruques","7":"product_cat-tissages","8":"desktop-align-left","9":"tablet-align-left","10":"mobile-align-left","12":"first","13":"instock","14":"shipping-taxable","15":"purchasable","16":"product-type-simple"},"jetpack_sharing_enabled":true,"_links":{"self":[{"href":"https:\/\/thequeenshairperruque.fr\/index.php\/wp-json\/wp\/v2\/product\/1542","targetHints":{"allow":["GET"]}}],"collection":[{"href":"https:\/\/thequeenshairperruque.fr\/index.php\/wp-json\/wp\/v2\/product"}],"about":[{"href":"https:\/\/thequeenshairperruque.fr\/index.php\/wp-json\/wp\/v2\/types\/product"}],"replies":[{"embeddable":true,"href":"https:\/\/thequeenshairperruque.fr\/index.php\/wp-json\/wp\/v2\/comments?post=1542"}],"wp:featuredmedia":[{"embeddable":true,"href":"https:\/\/thequeenshairperruque.fr\/index.php\/wp-json\/wp\/v2\/media\/1543"}],"wp:attachment":[{"href":"https:\/\/thequeenshairperruque.fr\/index.php\/wp-json\/wp\/v2\/media?parent=1542"}],"wp:term":[{"taxonomy":"product_brand","embeddable":true,"href":"https:\/\/thequeenshairperruque.fr\/index.php\/wp-json\/wp\/v2\/product_brand?post=1542"},{"taxonomy":"product_cat","embeddable":true,"href":"https:\/\/thequeenshairperruque.fr\/index.php\/wp-json\/wp\/v2\/product_cat?post=1542"},{"taxonomy":"product_tag","embeddable":true,"href":"https:\/\/thequeenshairperruque.fr\/index.php\/wp-json\/wp\/v2\/product_tag?post=1542"}],"curies":[{"name":"wp","href":"https:\/\/api.w.org\/{rel}","templated":true}]}}