{"id":1426,"date":"2024-02-10T15:37:12","date_gmt":"2024-02-10T14:37:12","guid":{"rendered":"https:\/\/thequeenshairperruque.fr\/?post_type=product&#038;p=1426"},"modified":"2024-04-06T20:50:58","modified_gmt":"2024-04-06T18:50:58","slug":"baton-de-cire-de-cheveux","status":"publish","type":"product","link":"https:\/\/thequeenshairperruque.fr\/index.php\/produit\/baton-de-cire-de-cheveux\/","title":{"rendered":"B\u00e2ton de cire de cheveux"},"content":{"rendered":"<p>Ingr\u00e9dients naturels: Notre pommade est l\u00e9g\u00e8re et fabriqu\u00e9e \u00e0 partir d\u2019extraits de plantes. Il n\u2019est pas irritant pour le cuir chevelu.<\/p>\n<p>Mise en forme rapide: une touche de mise en forme rapide, mise en forme durable. Comment utiliser:<\/p>\n<hr \/>\n<p>Apr\u00e8s le shampooing et le s\u00e9chage, d\u00e9vissez le capuchon du b\u00e2ton de cire.<\/p>\n<p>Poussez vers le haut par le bas pour \u00e9taler la cire uniform\u00e9ment sur les cheveux.<\/p>\n<p>Utilisez vos mains pour fa\u00e7onner ou ranger doucement les cheveux qui tombent du bord Package inclus:<\/p>\n","protected":false},"excerpt":{"rendered":"<hr \/>\n<p>Quantit\u00e9: 75Gr<\/p>\n<hr \/>\n<p>Contr\u00f4le des bords: Il peut r\u00e9parer toutes sortes de coiffures en d\u00e9sordre, y compris les cheveux cass\u00e9s, les cheveux boucl\u00e9s ou les cheveux fluides.<\/p>\n<p>L\u2019effet est \u00e9vident: juste une petite quantit\u00e9 de cheveux peut devenir douce. Brillant et chatoyant en quelques minutes.<\/p>\n","protected":false},"featured_media":1446,"comment_status":"open","ping_status":"closed","template":"","meta":{"_seopress_robots_primary_cat":"none","_seopress_titles_title":"B\u00e2ton de cire de cheveux","_seopress_titles_desc":"B\u00e2ton de cire de cheveux","_seopress_robots_index":"","site-sidebar-layout":"default","site-content-layout":"","ast-site-content-layout":"default","site-content-style":"default","site-sidebar-style":"default","ast-global-header-display":"","ast-banner-title-visibility":"","ast-main-header-display":"","ast-hfb-above-header-display":"","ast-hfb-below-header-display":"","ast-hfb-mobile-header-display":"","site-post-title":"","ast-breadcrumbs-content":"","ast-featured-img":"","footer-sml-layout":"","theme-transparent-header-meta":"default","adv-header-id-meta":"","stick-header-meta":"","header-above-stick-meta":"","header-main-stick-meta":"","header-below-stick-meta":"","astra-migrate-meta-layouts":"set","ast-page-background-enabled":"default","ast-page-background-meta":{"desktop":{"background-color":"var(--ast-global-color-4)","background-image":"","background-repeat":"repeat","background-position":"center center","background-size":"auto","background-attachment":"scroll","background-type":"","background-media":"","overlay-type":"","overlay-color":"","overlay-opacity":"","overlay-gradient":""},"tablet":{"background-color":"","background-image":"","background-repeat":"repeat","background-position":"center center","background-size":"auto","background-attachment":"scroll","background-type":"","background-media":"","overlay-type":"","overlay-color":"","overlay-opacity":"","overlay-gradient":""},"mobile":{"background-color":"","background-image":"","background-repeat":"repeat","background-position":"center center","background-size":"auto","background-attachment":"scroll","background-type":"","background-media":"","overlay-type":"","overlay-color":"","overlay-opacity":"","overlay-gradient":""}},"ast-content-background-meta":{"desktop":{"background-color":"var(--ast-global-color-5)","background-image":"","background-repeat":"repeat","background-position":"center center","background-size":"auto","background-attachment":"scroll","background-type":"","background-media":"","overlay-type":"","overlay-color":"","overlay-opacity":"","overlay-gradient":""},"tablet":{"background-color":"var(--ast-global-color-5)","background-image":"","background-repeat":"repeat","background-position":"center center","background-size":"auto","background-attachment":"scroll","background-type":"","background-media":"","overlay-type":"","overlay-color":"","overlay-opacity":"","overlay-gradient":""},"mobile":{"background-color":"var(--ast-global-color-5)","background-image":"","background-repeat":"repeat","background-position":"center center","background-size":"auto","background-attachment":"scroll","background-type":"","background-media":"","overlay-type":"","overlay-color":"","overlay-opacity":"","overlay-gradient":""}}},"product_brand":[],"product_cat":[17,18],"product_tag":[],"class_list":{"0":"post-1426","1":"product","2":"type-product","3":"status-publish","4":"has-post-thumbnail","6":"product_cat-perruques","7":"product_cat-tissages","8":"desktop-align-left","9":"tablet-align-left","10":"mobile-align-left","12":"first","13":"instock","14":"shipping-taxable","15":"purchasable","16":"product-type-simple"},"jetpack_sharing_enabled":true,"_links":{"self":[{"href":"https:\/\/thequeenshairperruque.fr\/index.php\/wp-json\/wp\/v2\/product\/1426","targetHints":{"allow":["GET"]}}],"collection":[{"href":"https:\/\/thequeenshairperruque.fr\/index.php\/wp-json\/wp\/v2\/product"}],"about":[{"href":"https:\/\/thequeenshairperruque.fr\/index.php\/wp-json\/wp\/v2\/types\/product"}],"replies":[{"embeddable":true,"href":"https:\/\/thequeenshairperruque.fr\/index.php\/wp-json\/wp\/v2\/comments?post=1426"}],"wp:featuredmedia":[{"embeddable":true,"href":"https:\/\/thequeenshairperruque.fr\/index.php\/wp-json\/wp\/v2\/media\/1446"}],"wp:attachment":[{"href":"https:\/\/thequeenshairperruque.fr\/index.php\/wp-json\/wp\/v2\/media?parent=1426"}],"wp:term":[{"taxonomy":"product_brand","embeddable":true,"href":"https:\/\/thequeenshairperruque.fr\/index.php\/wp-json\/wp\/v2\/product_brand?post=1426"},{"taxonomy":"product_cat","embeddable":true,"href":"https:\/\/thequeenshairperruque.fr\/index.php\/wp-json\/wp\/v2\/product_cat?post=1426"},{"taxonomy":"product_tag","embeddable":true,"href":"https:\/\/thequeenshairperruque.fr\/index.php\/wp-json\/wp\/v2\/product_tag?post=1426"}],"curies":[{"name":"wp","href":"https:\/\/api.w.org\/{rel}","templated":true}]}}