{"id":1373,"date":"2024-01-28T10:05:19","date_gmt":"2024-01-28T09:05:19","guid":{"rendered":"https:\/\/thequeenshairperruque.fr\/?post_type=product&#038;p=1373"},"modified":"2024-01-28T10:25:14","modified_gmt":"2024-01-28T09:25:14","slug":"peigne-special-baby-hair","status":"publish","type":"product","link":"https:\/\/thequeenshairperruque.fr\/index.php\/produit\/peigne-special-baby-hair\/","title":{"rendered":"Peigne sp\u00e9cial Baby Hair"},"content":{"rendered":"<h6 style=\"text-align: left;\"><span style=\"font-size: 16px;\">Peigne sp\u00e9cial Baby Hair, lissez : coiffez et stylez vos baby Hair.\u00a0 Le peigne sp\u00e9cial baby Hair muni de trois t\u00eates diff\u00e9rentes vous aide \u00e0 coiffer les petits cheveux rebelles comme vous le souhaitez et avec facilit\u00e9.<\/span><\/h6>\n<hr \/>\n<p><a href=\"https:\/\/wa.me\/message\/5PAEP6G4LAVXO1\"><img decoding=\"async\" class=\"alignnone wp-image-694\" src=\"https:\/\/thequeenshairperruque.fr\/wp-content\/uploads\/2023\/12\/whatsapp-300x270.png\" alt=\"logo whatsapp\" width=\"100\" height=\"90\" \/><\/a>\u00a0 \u00a0 \u00a0 \u00a0 \u00a0 \u00a0 \u00a0 \u00a0 \u00a0 \u00a0 \u00a0 \u00a0 \u00a0 \u00a0 \u00a0 \u00a0 \u00a0 \u00a0 \u00a0 \u00a0 \u00a0 <a href=\"https:\/\/www.facebook.com\/profile.php?id=61554580328651\"><img decoding=\"async\" class=\"alignnone wp-image-1286\" src=\"https:\/\/thequeenshairperruque.fr\/wp-content\/uploads\/2024\/01\/logo-facebook.png\" alt=\"\" width=\"67\" height=\"60\" \/><\/a><\/p>\n","protected":false},"excerpt":{"rendered":"<hr \/>\n<p>DEFINITION ET STYLE : Brosse d&rsquo;un c\u00f4t\u00e9, peigne de l&rsquo;autre, elle permet de coiffer les cheveux en bordure de t\u00eate, pour une finition parfaite. Le plus : sa spatule pour plaquer \u00e0 la perfection les baby hairs avec du gel ou une cire fixante.<\/p>\n<p>POUR DES CHEVEUX DISCIPLINES : Cette brosse coiffante \u00e0 double t\u00eate est l&rsquo;accessoire id\u00e9al con\u00e7u sp\u00e9cialement pour dompter et styliser avec pr\u00e9cision les petits cheveux. Id\u00e9ale pour les cheveux boucl\u00e9s, fris\u00e9s ou cr\u00e9pus.<\/p>\n<hr \/>\n<p>LIVRAISON 4,95 Euros<\/p>\n","protected":false},"featured_media":1376,"comment_status":"open","ping_status":"closed","template":"","meta":{"_seopress_robots_primary_cat":"none","_seopress_titles_title":"Peigne sp\u00e9cial Baby Hair","_seopress_titles_desc":"D\u00e9couvrez notre vaste gamme de perruques et d&#039;accessoires\r\nTrouvez votre style en un clic sur notre site!\r\nPeigne sp\u00e9cial Baby Hair","_seopress_robots_index":"","site-sidebar-layout":"default","site-content-layout":"","ast-site-content-layout":"default","site-content-style":"default","site-sidebar-style":"default","ast-global-header-display":"","ast-banner-title-visibility":"","ast-main-header-display":"","ast-hfb-above-header-display":"","ast-hfb-below-header-display":"","ast-hfb-mobile-header-display":"","site-post-title":"","ast-breadcrumbs-content":"","ast-featured-img":"","footer-sml-layout":"","theme-transparent-header-meta":"default","adv-header-id-meta":"","stick-header-meta":"","header-above-stick-meta":"","header-main-stick-meta":"","header-below-stick-meta":"","astra-migrate-meta-layouts":"set","ast-page-background-enabled":"default","ast-page-background-meta":{"desktop":{"background-color":"var(--ast-global-color-4)","background-image":"","background-repeat":"repeat","background-position":"center center","background-size":"auto","background-attachment":"scroll","background-type":"","background-media":"","overlay-type":"","overlay-color":"","overlay-opacity":"","overlay-gradient":""},"tablet":{"background-color":"","background-image":"","background-repeat":"repeat","background-position":"center center","background-size":"auto","background-attachment":"scroll","background-type":"","background-media":"","overlay-type":"","overlay-color":"","overlay-opacity":"","overlay-gradient":""},"mobile":{"background-color":"","background-image":"","background-repeat":"repeat","background-position":"center center","background-size":"auto","background-attachment":"scroll","background-type":"","background-media":"","overlay-type":"","overlay-color":"","overlay-opacity":"","overlay-gradient":""}},"ast-content-background-meta":{"desktop":{"background-color":"var(--ast-global-color-5)","background-image":"","background-repeat":"repeat","background-position":"center center","background-size":"auto","background-attachment":"scroll","background-type":"","background-media":"","overlay-type":"","overlay-color":"","overlay-opacity":"","overlay-gradient":""},"tablet":{"background-color":"var(--ast-global-color-5)","background-image":"","background-repeat":"repeat","background-position":"center center","background-size":"auto","background-attachment":"scroll","background-type":"","background-media":"","overlay-type":"","overlay-color":"","overlay-opacity":"","overlay-gradient":""},"mobile":{"background-color":"var(--ast-global-color-5)","background-image":"","background-repeat":"repeat","background-position":"center center","background-size":"auto","background-attachment":"scroll","background-type":"","background-media":"","overlay-type":"","overlay-color":"","overlay-opacity":"","overlay-gradient":""}}},"product_brand":[],"product_cat":[17,18],"product_tag":[],"class_list":{"0":"post-1373","1":"product","2":"type-product","3":"status-publish","4":"has-post-thumbnail","6":"product_cat-perruques","7":"product_cat-tissages","8":"desktop-align-left","9":"tablet-align-left","10":"mobile-align-left","12":"first","13":"instock","14":"shipping-taxable","15":"purchasable","16":"product-type-simple"},"jetpack_sharing_enabled":true,"_links":{"self":[{"href":"https:\/\/thequeenshairperruque.fr\/index.php\/wp-json\/wp\/v2\/product\/1373","targetHints":{"allow":["GET"]}}],"collection":[{"href":"https:\/\/thequeenshairperruque.fr\/index.php\/wp-json\/wp\/v2\/product"}],"about":[{"href":"https:\/\/thequeenshairperruque.fr\/index.php\/wp-json\/wp\/v2\/types\/product"}],"replies":[{"embeddable":true,"href":"https:\/\/thequeenshairperruque.fr\/index.php\/wp-json\/wp\/v2\/comments?post=1373"}],"wp:featuredmedia":[{"embeddable":true,"href":"https:\/\/thequeenshairperruque.fr\/index.php\/wp-json\/wp\/v2\/media\/1376"}],"wp:attachment":[{"href":"https:\/\/thequeenshairperruque.fr\/index.php\/wp-json\/wp\/v2\/media?parent=1373"}],"wp:term":[{"taxonomy":"product_brand","embeddable":true,"href":"https:\/\/thequeenshairperruque.fr\/index.php\/wp-json\/wp\/v2\/product_brand?post=1373"},{"taxonomy":"product_cat","embeddable":true,"href":"https:\/\/thequeenshairperruque.fr\/index.php\/wp-json\/wp\/v2\/product_cat?post=1373"},{"taxonomy":"product_tag","embeddable":true,"href":"https:\/\/thequeenshairperruque.fr\/index.php\/wp-json\/wp\/v2\/product_tag?post=1373"}],"curies":[{"name":"wp","href":"https:\/\/api.w.org\/{rel}","templated":true}]}}