{"id":1359,"date":"2024-01-27T16:51:36","date_gmt":"2024-01-27T15:51:36","guid":{"rendered":"https:\/\/thequeenshairperruque.fr\/?post_type=product&#038;p=1359"},"modified":"2024-01-28T09:57:53","modified_gmt":"2024-01-28T08:57:53","slug":"peigne-chauffant","status":"publish","type":"product","link":"https:\/\/thequeenshairperruque.fr\/index.php\/produit\/peigne-chauffant\/","title":{"rendered":"Peigne Chauffant"},"content":{"rendered":"<p><b>Chaleur c\u00e9ramique:\u00a0<\/b>Le peigne chauffant transmet une chaleur uniforme sans endommager les cheveux et aide \u00e0 rendre les cheveux beaux, sans p\u00e9tillement et brillants<br \/>\n<b>Facile \u00e0 utiliser:\u00a0<\/b>Cette brosse droite compacte et simple est livr\u00e9e avec un cordon d\u2019alimentation rotatif \u00e0 360 degr\u00e9s qui facilite son utilisation<br \/>\n<b>R\u00e9glage de la temp\u00e9rature:\u00a0<\/b>R\u00e9glable \u00e0 la temp\u00e9rature appropri\u00e9e en fonction des diff\u00e9rents types de cheveux<br \/>\n<b>Prot\u00e9ger le cuir chevelu:\u00a0<\/b>Les dents douces prot\u00e8gent le cuir chevelu et emp\u00eachent le d\u00e9chirement ou l\u2019arrachage des cheveux<br \/>\n<b>Interrupteur marche \/ arr\u00eat:\u00a0<\/b>Le peigne \u00e9lectrique est facile \u00e0 utiliser avec un seul bouton pour contr\u00f4ler<\/p>\n<p>&nbsp;<\/p>\n<hr \/>\n<p><a href=\"https:\/\/wa.me\/message\/5PAEP6G4LAVXO1\"><img decoding=\"async\" class=\"alignnone wp-image-694\" src=\"https:\/\/thequeenshairperruque.fr\/wp-content\/uploads\/2023\/12\/whatsapp-300x270.png\" alt=\"logo whatsapp\" width=\"100\" height=\"90\" \/><\/a>\u00a0 \u00a0 \u00a0 \u00a0 \u00a0 \u00a0 \u00a0 \u00a0 \u00a0 \u00a0 \u00a0 \u00a0 \u00a0 \u00a0 \u00a0 \u00a0 \u00a0 \u00a0 \u00a0 \u00a0 \u00a0 <a href=\"https:\/\/www.facebook.com\/profile.php?id=61554580328651\"><img decoding=\"async\" class=\"alignnone wp-image-1286\" src=\"https:\/\/thequeenshairperruque.fr\/wp-content\/uploads\/2024\/01\/logo-facebook.png\" alt=\"\" width=\"67\" height=\"60\" \/><\/a><\/p>\n","protected":false},"excerpt":{"rendered":"<p>&nbsp;<\/p>\n<hr \/>\n<p style=\"text-align: left;\"><img decoding=\"async\" class=\"alignnone wp-image-616\" src=\"https:\/\/thequeenshairperruque.fr\/wp-content\/uploads\/2023\/12\/Sans-titre-300x98.png\" alt=\"\" width=\"90\" height=\"29\" \/> <em>Payer en 3 versements de 9,66\u20ac\u00a0<\/em><\/p>\n<p style=\"text-align: center;\"><em>\u00a0(<a href=\"https:\/\/www.klarna.com\/fr\/qu-est-ce-que-klarna\/\">en savoir plus<\/a>)<\/em><\/p>\n<hr \/>\n<div id=\"page-wrap\">\n<div id=\"page-wrap-inner\">\n<div id=\"page-wrap-content\">\n<p>&nbsp;<\/p>\n<div id=\"shopify-section-template--19054406041928__main\" class=\"shopify-section section-product-template\">\n<div class=\"section container product-container product-container--wide \" data-section-type=\"product-template\" data-components=\"accordion\">\n<div class=\"row product-container\">\n<form id=\"product_form_8520552677704\" class=\"product-form half column\" accept-charset=\"UTF-8\" action=\"https:\/\/www.diouda.fr\/cart\/add\" enctype=\"multipart\/form-data\" method=\"post\" data-ajax-add-to-cart=\"false\" data-product-id=\"8520552677704\" data-enable-history-state=\"true\" data-open-cart-drawer=\"false\">\n<div class=\"product-details cc-animate-init -in cc-animate-complete\" data-cc-animate=\"\" data-cc-animate-delay=\"0.5s\">\n<div class=\"product-description rte product-detail__gap-lg\" data-show-in-quickbuy=\"false\">\n<ul>\n<li>peigne chauffant \u00e9lectrique avec\u00a0<strong>contr\u00f4le de temp\u00e9rature<\/strong><\/li>\n<li>pour\u00a0<strong>aplatir vos perruques et lace<\/strong><\/li>\n<li>assure une finition parfaite<\/li>\n<li>5 r\u00e9glages de temp\u00e9rature allant de 140\u00b0C \u00e0 210\u00b0C<\/li>\n<li>C\u00e2ble d\u2019alimentation \u00e0 rotation libre 360\u00b0, 1,8 m<\/li>\n<li>Puissance 80 W<\/li>\n<li>Temps de\u00a0<strong>chauffage rapide<\/strong>\u00a0: 45-60 secondes<\/li>\n<li>Temps d\u2019arr\u00eat automatique : 60 min<\/li>\n<li><strong>l\u00e9ger<\/strong>, vous pourrez l\u2019emmener partout avec vous !<\/li>\n<\/ul>\n<\/div>\n<\/div>\n<\/form>\n<\/div>\n<\/div>\n<\/div>\n<div id=\"shopify-section-template--19054406041928__16493496607d87b69c\" class=\"shopify-section has-full-width-section last-full-width-section\">\n<section id=\"section-id-template--19054406041928__16493496607d87b69c\" class=\"border-top section-text-with-icons section-id-template--19054406041928__16493496607d87b69c section full-width-section cc-carousel-scrolling cc-animate-init\" data-cc-animate=\"\">\n<div class=\"cc-carousel-container container cc-carousel-container--on-mobile cc-carousel-mobile--no-scrollbar\"><\/div>\n<\/section>\n<\/div>\n<p>&nbsp;<\/p>\n<\/div>\n<\/div>\n<\/div>\n<hr \/>\n<p>Utiliser avant notre spray protecteur de chaleur<\/p>\n<p><a href=\"https:\/\/thequeenshairperruque.fr\/index.php\/produit\/spray-protecteur-de-chaleur-100ml\/\"><img loading=\"lazy\" decoding=\"async\" class=\"alignnone wp-image-97 aligncenter\" src=\"https:\/\/thequeenshairperruque.fr\/wp-content\/uploads\/2023\/11\/sprau-protecteur-de-chaleur-2-272x300.jpeg\" alt=\"spray protecteur de chaleur\" width=\"136\" height=\"150\" srcset=\"https:\/\/thequeenshairperruque.fr\/wp-content\/uploads\/2023\/11\/sprau-protecteur-de-chaleur-2-272x300.jpeg 272w, https:\/\/thequeenshairperruque.fr\/wp-content\/uploads\/2023\/11\/sprau-protecteur-de-chaleur-2-928x1024.jpeg 928w, https:\/\/thequeenshairperruque.fr\/wp-content\/uploads\/2023\/11\/sprau-protecteur-de-chaleur-2-768x847.jpeg 768w, https:\/\/thequeenshairperruque.fr\/wp-content\/uploads\/2023\/11\/sprau-protecteur-de-chaleur-2-1392x1536.jpeg 1392w, https:\/\/thequeenshairperruque.fr\/wp-content\/uploads\/2023\/11\/sprau-protecteur-de-chaleur-2-1856x2048.jpeg 1856w, https:\/\/thequeenshairperruque.fr\/wp-content\/uploads\/2023\/11\/sprau-protecteur-de-chaleur-2-600x662.jpeg 600w\" sizes=\"(max-width: 136px) 100vw, 136px\" \/><\/a><\/p>\n<hr \/>\n<p>LIVRAISON 4,95 Euros<\/p>\n","protected":false},"featured_media":1360,"comment_status":"open","ping_status":"closed","template":"","meta":{"_seopress_robots_primary_cat":"none","_seopress_titles_title":"Peigne chauffant","_seopress_titles_desc":"D\u00e9couvrez notre vaste gamme de perruques et d&#039;accessoires\r\nTrouvez votre style en un clic sur notre site!\r\nPeigne chauffant","_seopress_robots_index":"","site-sidebar-layout":"default","site-content-layout":"","ast-site-content-layout":"default","site-content-style":"default","site-sidebar-style":"default","ast-global-header-display":"","ast-banner-title-visibility":"","ast-main-header-display":"","ast-hfb-above-header-display":"","ast-hfb-below-header-display":"","ast-hfb-mobile-header-display":"","site-post-title":"","ast-breadcrumbs-content":"","ast-featured-img":"","footer-sml-layout":"","theme-transparent-header-meta":"default","adv-header-id-meta":"","stick-header-meta":"","header-above-stick-meta":"","header-main-stick-meta":"","header-below-stick-meta":"","astra-migrate-meta-layouts":"set","ast-page-background-enabled":"default","ast-page-background-meta":{"desktop":{"background-color":"var(--ast-global-color-4)","background-image":"","background-repeat":"repeat","background-position":"center center","background-size":"auto","background-attachment":"scroll","background-type":"","background-media":"","overlay-type":"","overlay-color":"","overlay-opacity":"","overlay-gradient":""},"tablet":{"background-color":"","background-image":"","background-repeat":"repeat","background-position":"center center","background-size":"auto","background-attachment":"scroll","background-type":"","background-media":"","overlay-type":"","overlay-color":"","overlay-opacity":"","overlay-gradient":""},"mobile":{"background-color":"","background-image":"","background-repeat":"repeat","background-position":"center center","background-size":"auto","background-attachment":"scroll","background-type":"","background-media":"","overlay-type":"","overlay-color":"","overlay-opacity":"","overlay-gradient":""}},"ast-content-background-meta":{"desktop":{"background-color":"var(--ast-global-color-5)","background-image":"","background-repeat":"repeat","background-position":"center center","background-size":"auto","background-attachment":"scroll","background-type":"","background-media":"","overlay-type":"","overlay-color":"","overlay-opacity":"","overlay-gradient":""},"tablet":{"background-color":"var(--ast-global-color-5)","background-image":"","background-repeat":"repeat","background-position":"center center","background-size":"auto","background-attachment":"scroll","background-type":"","background-media":"","overlay-type":"","overlay-color":"","overlay-opacity":"","overlay-gradient":""},"mobile":{"background-color":"var(--ast-global-color-5)","background-image":"","background-repeat":"repeat","background-position":"center center","background-size":"auto","background-attachment":"scroll","background-type":"","background-media":"","overlay-type":"","overlay-color":"","overlay-opacity":"","overlay-gradient":""}}},"product_brand":[],"product_cat":[17,18],"product_tag":[],"class_list":{"0":"post-1359","1":"product","2":"type-product","3":"status-publish","4":"has-post-thumbnail","6":"product_cat-perruques","7":"product_cat-tissages","8":"desktop-align-left","9":"tablet-align-left","10":"mobile-align-left","12":"first","13":"instock","14":"shipping-taxable","15":"purchasable","16":"product-type-simple"},"jetpack_sharing_enabled":true,"_links":{"self":[{"href":"https:\/\/thequeenshairperruque.fr\/index.php\/wp-json\/wp\/v2\/product\/1359","targetHints":{"allow":["GET"]}}],"collection":[{"href":"https:\/\/thequeenshairperruque.fr\/index.php\/wp-json\/wp\/v2\/product"}],"about":[{"href":"https:\/\/thequeenshairperruque.fr\/index.php\/wp-json\/wp\/v2\/types\/product"}],"replies":[{"embeddable":true,"href":"https:\/\/thequeenshairperruque.fr\/index.php\/wp-json\/wp\/v2\/comments?post=1359"}],"wp:featuredmedia":[{"embeddable":true,"href":"https:\/\/thequeenshairperruque.fr\/index.php\/wp-json\/wp\/v2\/media\/1360"}],"wp:attachment":[{"href":"https:\/\/thequeenshairperruque.fr\/index.php\/wp-json\/wp\/v2\/media?parent=1359"}],"wp:term":[{"taxonomy":"product_brand","embeddable":true,"href":"https:\/\/thequeenshairperruque.fr\/index.php\/wp-json\/wp\/v2\/product_brand?post=1359"},{"taxonomy":"product_cat","embeddable":true,"href":"https:\/\/thequeenshairperruque.fr\/index.php\/wp-json\/wp\/v2\/product_cat?post=1359"},{"taxonomy":"product_tag","embeddable":true,"href":"https:\/\/thequeenshairperruque.fr\/index.php\/wp-json\/wp\/v2\/product_tag?post=1359"}],"curies":[{"name":"wp","href":"https:\/\/api.w.org\/{rel}","templated":true}]}}