{"id":271,"date":"2023-12-08T02:09:56","date_gmt":"2023-12-08T01:09:56","guid":{"rendered":"https:\/\/thequeenshairperruque.fr\/?page_id=271"},"modified":"2023-12-08T02:11:18","modified_gmt":"2023-12-08T01:11:18","slug":"cgu","status":"publish","type":"page","link":"https:\/\/thequeenshairperruque.fr\/index.php\/cgu\/","title":{"rendered":"CGU"},"content":{"rendered":"\t\t<div data-elementor-type=\"wp-page\" data-elementor-id=\"271\" class=\"elementor elementor-271\">\n\t\t\t\t<div class=\"elementor-element elementor-element-f921e41 e-flex e-con-boxed e-con e-parent\" data-id=\"f921e41\" data-element_type=\"container\" data-e-type=\"container\">\n\t\t\t\t\t<div class=\"e-con-inner\">\n\t\t\t\t<div class=\"elementor-element elementor-element-b09025e elementor-widget elementor-widget-text-editor\" data-id=\"b09025e\" data-element_type=\"widget\" data-e-type=\"widget\" data-widget_type=\"text-editor.default\">\n\t\t\t\t<div class=\"elementor-widget-container\">\n\t\t\t\t\t\t\t\t\t<p>CONDITIONS G\u00c9N\u00c9RALES D&rsquo;UTILISATION<\/p><p><br \/>En vigueur au 08\/12\/2023<br \/>Les pr\u00e9sentes conditions g\u00e9n\u00e9rales d&rsquo;utilisation (dites \u00ab CGU \u00bb) ont pour objet l&rsquo;encadrement juridique<br \/>des modalit\u00e9s de mise \u00e0 disposition du site et des services par com&rsquo;industries et de d\u00e9finir les<br \/>conditions d\u2019acc\u00e8s et d\u2019utilisation des services par \u00ab l&rsquo;Utilisateur \u00bb.<br \/>Les pr\u00e9sentes CGU sont accessibles sur le site \u00e0 la rubrique \u00abCGU\u00bb.<\/p><p><br \/>ARTICLE 1 : LES MENTIONS L\u00c9GALES<\/p><p><br \/>L&rsquo;\u00e9dition du site https:\/\/thequeenshairperruque.fr\/ est assur\u00e9e par la Soci\u00e9t\u00e9 micro entreprise<br \/>com&rsquo;industries au capital de _______________ euros, immatricul\u00e9e au RCS de Reims sous le<br \/>num\u00e9ro 919 901 553 00017, dont le si\u00e8ge social est situ\u00e9 au 17 rue des vignes saint jean<br \/>Num\u00e9ro de t\u00e9l\u00e9phone 0649137657<br \/>Adresse e-mail : com.industries.pro@gmail.com.<br \/>Le Directeur de la publication est : Guillaume Dupont<br \/>L&rsquo;h\u00e9bergeur du site https:\/\/thequeenshairperruque.fr\/ est la soci\u00e9t\u00e9 Hostinger, dont le si\u00e8ge social est<br \/>situ\u00e9 au Kaunas, Lituanie Hostinger, UAB Jonavos g. 60C, 44192, avec le num\u00e9ro de t\u00e9l\u00e9phone :<br \/>_______________.<\/p><p><br \/>ARTICLE 2 : ACC\u00c8S AU SITE<\/p><p><br \/>Le site https:\/\/thequeenshairperruque.fr\/ permet \u00e0 l&rsquo;Utilisateur un acc\u00e8s gratuit aux services suivants :<br \/>Le site internet propose les services suivants :<br \/>vente de perruques de cheveux<br \/>Le site est accessible gratuitement en tout lieu \u00e0 tout Utilisateur ayant un acc\u00e8s \u00e0 Internet. Tous les<br \/>frais support\u00e9s par l&rsquo;Utilisateur pour acc\u00e9der au service (mat\u00e9riel informatique, logiciels, connexion<br \/>Internet, etc.) sont \u00e0 sa charge.<\/p><p><br \/>ARTICLE 3 : COLLECTE DES DONN\u00c9ES<\/p><p><br \/>Le site assure \u00e0 l&rsquo;Utilisateur une collecte et un traitement d&rsquo;informations personnelles dans le respect<br \/>de la vie priv\u00e9e conform\u00e9ment \u00e0 la loi n\u00b078-17 du 6 janvier 1978 relative \u00e0 l&rsquo;informatique, aux fichiers<br \/>et aux libert\u00e9s.<br \/>1<br \/>En vertu de la loi Informatique et Libert\u00e9s, en date du 6 janvier 1978, l&rsquo;Utilisateur dispose d&rsquo;un droit<br \/>d&rsquo;acc\u00e8s, de rectification, de suppression et d&rsquo;opposition de ses donn\u00e9es personnelles. L&rsquo;Utilisateur<br \/>exerce ce droit :<\/p><p><br \/>ARTICLE 4 : PROPRI\u00c9T\u00c9 INTELLECTUELLE<\/p><p><br \/>Les marques, logos, signes ainsi que tous les contenus du site (textes, images, son\u2026) font l&rsquo;objet<br \/>d&rsquo;une protection par le Code de la propri\u00e9t\u00e9 intellectuelle et plus particuli\u00e8rement par le droit d&rsquo;auteur.<br \/>L&rsquo;Utilisateur doit solliciter l&rsquo;autorisation pr\u00e9alable du site pour toute reproduction, publication, copie<br \/>des diff\u00e9rents contenus. Il s&rsquo;engage \u00e0 une utilisation des contenus du site dans un cadre strictement<br \/>priv\u00e9, toute utilisation \u00e0 des fins commerciales et publicitaires est strictement interdite.<br \/>Toute repr\u00e9sentation totale ou partielle de ce site par quelque proc\u00e9d\u00e9 que ce soit, sans l\u2019autorisation<br \/>expresse de l\u2019exploitant du site Internet constituerait une contrefa\u00e7on sanctionn\u00e9e par l\u2019article L 335-2<br \/>et suivants du Code de la propri\u00e9t\u00e9 intellectuelle.<br \/>Il est rappel\u00e9 conform\u00e9ment \u00e0 l\u2019article L122-5 du Code de propri\u00e9t\u00e9 intellectuelle que l\u2019Utilisateur qui<br \/>reproduit, copie ou publie le contenu prot\u00e9g\u00e9 doit citer l\u2019auteur et sa source.<\/p><p><br \/>ARTICLE 5 : RESPONSABILIT\u00c9<\/p><p><br \/>Les sources des informations diffus\u00e9es sur le site https:\/\/thequeenshairperruque.fr\/ sont r\u00e9put\u00e9es<br \/>fiables mais le site ne garantit pas qu\u2019il soit exempt de d\u00e9fauts, d\u2019erreurs ou d\u2019omissions.<br \/>Les informations communiqu\u00e9es sont pr\u00e9sent\u00e9es \u00e0 titre indicatif et g\u00e9n\u00e9ral sans valeur contractuelle.<br \/>Malgr\u00e9 des mises \u00e0 jour r\u00e9guli\u00e8res, le site https:\/\/thequeenshairperruque.fr\/ ne peut \u00eatre tenu<br \/>responsable de la modification des dispositions administratives et juridiques survenant apr\u00e8s la<br \/>publication. De m\u00eame, le site ne peut \u00eatre tenue responsable de l\u2019utilisation et de l\u2019interpr\u00e9tation de<br \/>l\u2019information contenue dans ce site.<br \/>Le site https:\/\/thequeenshairperruque.fr\/ ne peut \u00eatre tenu pour responsable d\u2019\u00e9ventuels virus qui<br \/>pourraient infecter l\u2019ordinateur ou tout mat\u00e9riel informatique de l\u2019Internaute, suite \u00e0 une utilisation, \u00e0<br \/>l\u2019acc\u00e8s, ou au t\u00e9l\u00e9chargement provenant de ce site.<br \/>La responsabilit\u00e9 du site ne peut \u00eatre engag\u00e9e en cas de force majeure ou du fait impr\u00e9visible et<br \/>insurmontable d&rsquo;un tiers.<\/p><p><br \/>ARTICLE 6 : LIENS HYPERTEXTES<\/p><p><br \/>Des liens hypertextes peuvent \u00eatre pr\u00e9sents sur le site. L\u2019Utilisateur est inform\u00e9 qu\u2019en cliquant sur ces<br \/>liens, il sortira du site https:\/\/thequeenshairperruque.fr\/. Ce dernier n\u2019a pas de contr\u00f4le sur les pages<br \/>web sur lesquelles aboutissent ces liens et ne saurait, en aucun cas, \u00eatre responsable de leur<br \/>contenu.<\/p><p><br \/><br \/>ARTICLE 7 : COOKIES<\/p><p><br \/>L\u2019Utilisateur est inform\u00e9 que lors de ses visites sur le site, un cookie peut s\u2019installer automatiquement<br \/>sur son logiciel de navigation.<br \/>Les cookies sont de petits fichiers stock\u00e9s temporairement sur le disque dur de l\u2019ordinateur de<br \/>l\u2019Utilisateur par votre navigateur et qui sont n\u00e9cessaires \u00e0 l\u2019utilisation du site<br \/>https:\/\/thequeenshairperruque.fr\/. Les cookies ne contiennent pas d\u2019information personnelle et ne<br \/>peuvent pas \u00eatre utilis\u00e9s pour identifier quelqu\u2019un. Un cookie contient un identifiant unique, g\u00e9n\u00e9r\u00e9<br \/>al\u00e9atoirement et donc anonyme. Certains cookies expirent \u00e0 la fin de la visite de l\u2019Utilisateur, d\u2019autres<br \/>restent.<br \/>L\u2019information contenue dans les cookies est utilis\u00e9e pour am\u00e9liorer le site<br \/>https:\/\/thequeenshairperruque.fr\/.<br \/>En naviguant sur le site, L\u2019Utilisateur les accepte.<br \/>L\u2019Utilisateur doit toutefois donner son consentement quant \u00e0 l\u2019utilisation de certains cookies.<br \/>A d\u00e9faut d\u2019acceptation, l\u2019Utilisateur est inform\u00e9 que certaines fonctionnalit\u00e9s ou pages risquent de lui<br \/>\u00eatre refus\u00e9es.<br \/>L\u2019Utilisateur pourra d\u00e9sactiver ces cookies par l\u2019interm\u00e9diaire des param\u00e8tres figurant au sein de son<br \/>logiciel de navigation.<br \/>ARTICLE 8 : DROIT APPLICABLE ET JURIDICTION COMP\u00c9TENTE<br \/>La l\u00e9gislation fran\u00e7aise s&rsquo;applique au pr\u00e9sent contrat. En cas d&rsquo;absence de r\u00e9solution amiable d&rsquo;un<br \/>litige n\u00e9 entre les parties, les tribunaux fran\u00e7ais seront seuls comp\u00e9tents pour en conna\u00eetre.<br \/>Pour toute question relative \u00e0 l\u2019application des pr\u00e9sentes CGU, vous pouvez joindre l\u2019\u00e9diteur aux<br \/>coordonn\u00e9es inscrites \u00e0 l\u2019ARTICLE 1.<br \/>CGU r\u00e9alis\u00e9es sur http:\/\/legalplace.fr\/<\/p>\t\t\t\t\t\t\t\t<\/div>\n\t\t\t\t<\/div>\n\t\t\t\t\t<\/div>\n\t\t\t\t<\/div>\n\t\t\t\t<\/div>\n\t\t","protected":false},"excerpt":{"rendered":"<p>CONDITIONS G\u00c9N\u00c9RALES D&rsquo;UTILISATION En vigueur au 08\/12\/2023Les pr\u00e9sentes conditions g\u00e9n\u00e9rales d&rsquo;utilisation (dites \u00ab CGU \u00bb) ont pour objet l&rsquo;encadrement juridiquedes modalit\u00e9s de mise \u00e0 disposition du site et des services par com&rsquo;industries et de d\u00e9finir lesconditions d\u2019acc\u00e8s et d\u2019utilisation des services par \u00ab l&rsquo;Utilisateur \u00bb.Les pr\u00e9sentes CGU sont accessibles sur le site \u00e0 la rubrique [&hellip;]<\/p>\n","protected":false},"author":1,"featured_media":0,"parent":0,"menu_order":0,"comment_status":"closed","ping_status":"closed","template":"","meta":{"_seopress_robots_primary_cat":"","_seopress_titles_title":"","_seopress_titles_desc":"","_seopress_robots_index":"","site-sidebar-layout":"no-sidebar","site-content-layout":"","ast-site-content-layout":"full-width-container","site-content-style":"default","site-sidebar-style":"default","ast-global-header-display":"","ast-banner-title-visibility":"","ast-main-header-display":"","ast-hfb-above-header-display":"","ast-hfb-below-header-display":"","ast-hfb-mobile-header-display":"","site-post-title":"disabled","ast-breadcrumbs-content":"","ast-featured-img":"disabled","footer-sml-layout":"","theme-transparent-header-meta":"","adv-header-id-meta":"","stick-header-meta":"","header-above-stick-meta":"","header-main-stick-meta":"","header-below-stick-meta":"","astra-migrate-meta-layouts":"default","ast-page-background-enabled":"default","ast-page-background-meta":{"desktop":{"background-color":"var(--ast-global-color-4)","background-image":"","background-repeat":"repeat","background-position":"center center","background-size":"auto","background-attachment":"scroll","background-type":"","background-media":"","overlay-type":"","overlay-color":"","overlay-opacity":"","overlay-gradient":""},"tablet":{"background-color":"","background-image":"","background-repeat":"repeat","background-position":"center center","background-size":"auto","background-attachment":"scroll","background-type":"","background-media":"","overlay-type":"","overlay-color":"","overlay-opacity":"","overlay-gradient":""},"mobile":{"background-color":"","background-image":"","background-repeat":"repeat","background-position":"center center","background-size":"auto","background-attachment":"scroll","background-type":"","background-media":"","overlay-type":"","overlay-color":"","overlay-opacity":"","overlay-gradient":""}},"ast-content-background-meta":{"desktop":{"background-color":"var(--ast-global-color-5)","background-image":"","background-repeat":"repeat","background-position":"center center","background-size":"auto","background-attachment":"scroll","background-type":"","background-media":"","overlay-type":"","overlay-color":"","overlay-opacity":"","overlay-gradient":""},"tablet":{"background-color":"var(--ast-global-color-5)","background-image":"","background-repeat":"repeat","background-position":"center center","background-size":"auto","background-attachment":"scroll","background-type":"","background-media":"","overlay-type":"","overlay-color":"","overlay-opacity":"","overlay-gradient":""},"mobile":{"background-color":"var(--ast-global-color-5)","background-image":"","background-repeat":"repeat","background-position":"center center","background-size":"auto","background-attachment":"scroll","background-type":"","background-media":"","overlay-type":"","overlay-color":"","overlay-opacity":"","overlay-gradient":""}},"footnotes":""},"class_list":["post-271","page","type-page","status-publish","hentry"],"jetpack_sharing_enabled":true,"_links":{"self":[{"href":"https:\/\/thequeenshairperruque.fr\/index.php\/wp-json\/wp\/v2\/pages\/271","targetHints":{"allow":["GET"]}}],"collection":[{"href":"https:\/\/thequeenshairperruque.fr\/index.php\/wp-json\/wp\/v2\/pages"}],"about":[{"href":"https:\/\/thequeenshairperruque.fr\/index.php\/wp-json\/wp\/v2\/types\/page"}],"author":[{"embeddable":true,"href":"https:\/\/thequeenshairperruque.fr\/index.php\/wp-json\/wp\/v2\/users\/1"}],"replies":[{"embeddable":true,"href":"https:\/\/thequeenshairperruque.fr\/index.php\/wp-json\/wp\/v2\/comments?post=271"}],"version-history":[{"count":4,"href":"https:\/\/thequeenshairperruque.fr\/index.php\/wp-json\/wp\/v2\/pages\/271\/revisions"}],"predecessor-version":[{"id":275,"href":"https:\/\/thequeenshairperruque.fr\/index.php\/wp-json\/wp\/v2\/pages\/271\/revisions\/275"}],"wp:attachment":[{"href":"https:\/\/thequeenshairperruque.fr\/index.php\/wp-json\/wp\/v2\/media?parent=271"}],"curies":[{"name":"wp","href":"https:\/\/api.w.org\/{rel}","templated":true}]}}